{"id":86320,"date":"2019-07-12T13:41:40","date_gmt":"2019-07-12T11:41:40","guid":{"rendered":"https:\/\/www.seaflowerstore.com\/nl\/flow-sensor-1-4\/"},"modified":"2024-03-20T17:06:07","modified_gmt":"2024-03-20T16:06:07","slug":"flow-sensor-1-4","status":"publish","type":"product","link":"https:\/\/www.seaflowerstore.com\/de\/flow-sensor-1-4\/","title":{"rendered":"Flow sensor 1\/4&#8243;"},"content":{"rendered":"<h2> Apex Flow sensor 1\/4 &#8222;with push-fit connectors suitable for osmosis tubes measures water flow in combination with the Apex system <\/h2>\n<p> Der Durchflusssensor ist so konzipiert, dass er in das Rohr eingesetzt werden kann, in dem Sie die Durchflussgeschwindigkeit messen m\u00f6chten. Sie m\u00fcssen den Sensor an das FMM anschlie\u00dfen (bitte beachten Sie, dass es nicht im Lieferumfang enthalten ist). Dieser Sensor wird h\u00e4ufig mit Osmoseger\u00e4ten und Kalkreaktoren verwendet.<\/p>\n<p> Der Durchflusssensor verf\u00fcgt \u00fcber Steckanschl\u00fcsse, die mit standardm\u00e4\u00dfigen 4-mm-Osmoseschl\u00e4uchen kompatibel sind.<\/p>\n<p> Der FS-25 (1\/4-Zoll-Sensor) kann Durchflussraten von <strong>11,3 bis 45 Litern pro Stunde<\/strong> messen.<\/p>\n","protected":false},"excerpt":{"rendered":"<p>Flow sensor for the Apex from Neptune Systems. A separate FMM module is required<\/p>\n","protected":false},"featured_media":81944,"template":"","meta":[],"pwb-brand":[2179],"product_cat":[1401,1423],"product_tag":[],"class_list":{"0":"post-86320","1":"product","2":"type-product","3":"status-publish","4":"has-post-thumbnail","6":"pwb-brand-neptune-systems","7":"product_cat-mess-und-regeltechnik","8":"product_cat-neptune-systems-de","9":"pa_show-myparcel-options-male-de","11":"first","12":"instock","13":"taxable","14":"shipping-taxable","15":"purchasable","16":"product-type-simple"},"acf":[],"brands":[{"id":2179,"name":"Neptune Systems","slug":"neptune-systems"}],"_links":{"self":[{"href":"https:\/\/www.seaflowerstore.com\/de\/wp-json\/wp\/v2\/product\/86320","targetHints":{"allow":["GET"]}}],"collection":[{"href":"https:\/\/www.seaflowerstore.com\/de\/wp-json\/wp\/v2\/product"}],"about":[{"href":"https:\/\/www.seaflowerstore.com\/de\/wp-json\/wp\/v2\/types\/product"}],"wp:featuredmedia":[{"embeddable":true,"href":"https:\/\/www.seaflowerstore.com\/de\/wp-json\/wp\/v2\/media\/81944"}],"wp:attachment":[{"href":"https:\/\/www.seaflowerstore.com\/de\/wp-json\/wp\/v2\/media?parent=86320"}],"wp:term":[{"taxonomy":"pwb-brand","embeddable":true,"href":"https:\/\/www.seaflowerstore.com\/de\/wp-json\/wp\/v2\/pwb-brand?post=86320"},{"taxonomy":"product_cat","embeddable":true,"href":"https:\/\/www.seaflowerstore.com\/de\/wp-json\/wp\/v2\/product_cat?post=86320"},{"taxonomy":"product_tag","embeddable":true,"href":"https:\/\/www.seaflowerstore.com\/de\/wp-json\/wp\/v2\/product_tag?post=86320"}],"curies":[{"name":"wp","href":"https:\/\/api.w.org\/{rel}","templated":true}]}}