{"id":86323,"date":"2019-07-12T07:21:03","date_gmt":"2019-07-12T05:21:03","guid":{"rendered":"https:\/\/www.seaflowerstore.com\/nl\/aqua-medic-tonga-pearls\/"},"modified":"2024-03-20T17:06:02","modified_gmt":"2024-03-20T16:06:02","slug":"aqua-medic-tonga-pearls","status":"publish","type":"product","link":"https:\/\/www.seaflowerstore.com\/de\/aqua-medic-tonga-pearls\/","title":{"rendered":"Aqua Medic Tonga Pearls"},"content":{"rendered":"<h2>Aqua Medic Tonga Pearls ideal as a substrate in seawater aquariums.<\/h2>\n<p><strong>Aqua Medic Tonga Pearls<\/strong> ist ein neu entwickelter, wei\u00dfer Bodengrund, der unter hochwertigen Bedingungen hergestellt wurde. Es ist eine umweltfreundliche Option, da es nicht aus nat\u00fcrlichen Quellen gewonnen wird und so zur Erhaltung der Umwelt beitr\u00e4gt.<\/p>\n<ul>\n<li>Neu entwickelter, wei\u00dfer Bodengrund<\/li>\n<li>Unter hochwertigen Bedingungen hergestellt<\/li>\n<li>Umweltschonend, nicht aus der Natur gewonnen<\/li>\n<li>Chemische Struktur entspricht nat\u00fcrlichem Korallensand<\/li>\n<li>Kein fossiles Material<\/li>\n<li>F\u00fcr den Einsatz in jedem Meerwasseraquarium geeignet<\/li>\n<li>Muss vor der Verwendung nur ein paar Mal gesp\u00fclt werden<\/li>\n<\/ul>\n<p>Tonga Pearls ist ein v\u00f6llig neuer und einzigartiger Kalkboden, der die Zusammensetzung und Kristallstruktur von nat\u00fcrlichem Korallensand nachahmt. Dank ihrer Textur und ihres auffallend wei\u00dfen Aussehens eignen sich Tonga-Perlen ideal als Bodengrund f\u00fcr Meerwasseraquarien.<\/p>\n<p>Dieser Bodengrund eignet sich auch hervorragend f\u00fcr kleinere Meerestiere wie Anemonen, R\u00f6hrenanemonen, R\u00f6hrenw\u00fcrmer und Lippfische, da sie darin gem\u00fctliche Verstecke finden k\u00f6nnen. Dar\u00fcber hinaus k\u00f6nnen sich Grundeln leicht im Sand bewegen, was ihn zu einer vielseitigen Wahl f\u00fcr Ihr Aquarium macht.<\/p>\n<p>Wichtig ist, dass Tonga-Perlen kein fossiles Material sind. Sie werden weder aus Steinen abgebaut noch aus dem Meer geerntet, wodurch sichergestellt wird, dass sie umweltfreundlich und frei von Verunreinigungen sind. Mit Tonga-Perlen k\u00f6nnen Sie ganz einfach eine bl\u00fchende und sch\u00f6ne Meeresumwelt schaffen!<\/p>\n","protected":false},"excerpt":{"rendered":"<p>Aqua Medic Tonga Pearls ideal as a substrate in seawater aquariums available in 5 kg and 10 kg bags<\/p>\n","protected":false},"featured_media":81935,"template":"","meta":[],"pwb-brand":[2149],"product_cat":[1421,1534,741],"product_tag":[],"class_list":{"0":"post-86323","1":"product","2":"type-product","3":"status-publish","4":"has-post-thumbnail","6":"pwb-brand-aqua-medic","7":"product_cat-aqua-medic-de","8":"product_cat-verschiedene","9":"product_cat-brands","10":"pa_inhoud-10-kg-de","11":"pa_inhoud-5-kg-de","12":"pa_show-myparcel-options-male-de","14":"first","15":"instock","16":"taxable","17":"shipping-taxable","18":"purchasable","19":"product-type-variable"},"acf":[],"brands":[{"id":2149,"name":"Aqua Medic","slug":"aqua-medic"}],"_links":{"self":[{"href":"https:\/\/www.seaflowerstore.com\/de\/wp-json\/wp\/v2\/product\/86323","targetHints":{"allow":["GET"]}}],"collection":[{"href":"https:\/\/www.seaflowerstore.com\/de\/wp-json\/wp\/v2\/product"}],"about":[{"href":"https:\/\/www.seaflowerstore.com\/de\/wp-json\/wp\/v2\/types\/product"}],"wp:featuredmedia":[{"embeddable":true,"href":"https:\/\/www.seaflowerstore.com\/de\/wp-json\/wp\/v2\/media\/81935"}],"wp:attachment":[{"href":"https:\/\/www.seaflowerstore.com\/de\/wp-json\/wp\/v2\/media?parent=86323"}],"wp:term":[{"taxonomy":"pwb-brand","embeddable":true,"href":"https:\/\/www.seaflowerstore.com\/de\/wp-json\/wp\/v2\/pwb-brand?post=86323"},{"taxonomy":"product_cat","embeddable":true,"href":"https:\/\/www.seaflowerstore.com\/de\/wp-json\/wp\/v2\/product_cat?post=86323"},{"taxonomy":"product_tag","embeddable":true,"href":"https:\/\/www.seaflowerstore.com\/de\/wp-json\/wp\/v2\/product_tag?post=86323"}],"curies":[{"name":"wp","href":"https:\/\/api.w.org\/{rel}","templated":true}]}}