{"id":86326,"date":"2019-07-10T08:24:11","date_gmt":"2019-07-10T06:24:11","guid":{"rendered":"https:\/\/www.seaflowerstore.com\/nl\/black-filter-foam-coarse-50x50x3m\/"},"modified":"2024-03-20T17:06:00","modified_gmt":"2024-03-20T16:06:00","slug":"black-filter-foam-coarse-50x50x3m","status":"publish","type":"product","link":"https:\/\/www.seaflowerstore.com\/de\/black-filter-foam-coarse-50x50x3m\/","title":{"rendered":"Black filter foam coarse 50x50x3m."},"content":{"rendered":"<h2> Black filter foam coarse 50x50x3m. <\/h2>\n<h2> Schwarzer Filterschaum, der als Vorfilter zum Entfernen von Schmutz aus dem Wasser verwendet werden kann <\/h2>\n<p> Dieser Filterschaum dient als effektiver Vorfilter zum Entfernen von Schmutz aus Ihrem Wasser. Er ist in drei Varianten erh\u00e4ltlich: fein, mittel und grob. Sie k\u00f6nnen zwischen Dicken von 3 cm oder 5 cm w\u00e4hlen. <\/p>\n<p> Dar\u00fcber hinaus kann dieser Schaum f\u00fcr verschiedene Zwecke verwendet werden, beispielsweise:<\/p>\n<ul>\n<li>D\u00e4mpfung des Ger\u00e4usches von flie\u00dfendem Wasser,<\/li>\n<li>Wirkt als Blasenfalle oder<\/li>\n<li>Unterst\u00fctzung einer Vibrationspumpe.<\/li>\n<\/ul>\n<p> Er ist auch f\u00fcr Teichfilter geeignet. Den Schaum in die gew\u00fcnschte Form zu bringen ist ein Kinderspiel; verwenden Sie einfach eine Schere, um ihn nach Bedarf zu schneiden. <\/p>\n","protected":false},"excerpt":{"rendered":"<p>Foam can also be used to, for example, dampen noise from falling water, as a bubble trap or a vibrating pump. Filter foam mats are also suitable for pond filters.<\/p>\n","protected":false},"featured_media":81934,"template":"","meta":[],"pwb-brand":[2161],"product_cat":[1403],"product_tag":[],"class_list":{"0":"post-86326","1":"product","2":"type-product","3":"status-publish","4":"has-post-thumbnail","6":"pwb-brand-seaflower","7":"product_cat-beutel-filterung","8":"pa_show-myparcel-options-male-de","10":"first","11":"outofstock","12":"taxable","13":"shipping-taxable","14":"purchasable","15":"product-type-simple"},"acf":[],"brands":[{"id":2161,"name":"Seaflower","slug":"seaflower"}],"_links":{"self":[{"href":"https:\/\/www.seaflowerstore.com\/de\/wp-json\/wp\/v2\/product\/86326","targetHints":{"allow":["GET"]}}],"collection":[{"href":"https:\/\/www.seaflowerstore.com\/de\/wp-json\/wp\/v2\/product"}],"about":[{"href":"https:\/\/www.seaflowerstore.com\/de\/wp-json\/wp\/v2\/types\/product"}],"wp:featuredmedia":[{"embeddable":true,"href":"https:\/\/www.seaflowerstore.com\/de\/wp-json\/wp\/v2\/media\/81934"}],"wp:attachment":[{"href":"https:\/\/www.seaflowerstore.com\/de\/wp-json\/wp\/v2\/media?parent=86326"}],"wp:term":[{"taxonomy":"pwb-brand","embeddable":true,"href":"https:\/\/www.seaflowerstore.com\/de\/wp-json\/wp\/v2\/pwb-brand?post=86326"},{"taxonomy":"product_cat","embeddable":true,"href":"https:\/\/www.seaflowerstore.com\/de\/wp-json\/wp\/v2\/product_cat?post=86326"},{"taxonomy":"product_tag","embeddable":true,"href":"https:\/\/www.seaflowerstore.com\/de\/wp-json\/wp\/v2\/product_tag?post=86326"}],"curies":[{"name":"wp","href":"https:\/\/api.w.org\/{rel}","templated":true}]}}