{"id":86328,"date":"2019-07-08T18:51:13","date_gmt":"2019-07-08T16:51:13","guid":{"rendered":"https:\/\/www.seaflowerstore.com\/nl\/flipper-maintenance-kit\/"},"modified":"2024-03-20T17:05:58","modified_gmt":"2024-03-20T16:05:58","slug":"flipper-maintenance-kit","status":"publish","type":"product","link":"https:\/\/www.seaflowerstore.com\/de\/flipper-maintenance-kit\/","title":{"rendered":"Flipper Maintenance Kit"},"content":{"rendered":"<h2>Flipper Maintenance Kit repair kit for standard Flipper<\/h2>\n<p>Dieses Flipper-Reparaturset wurde speziell f\u00fcr das Standard-Flippermodell entwickelt. Es ist eine fantastische M\u00f6glichkeit, die optimale Funktion Ihres Flippers aufrechtzuerhalten.<\/p>\n<p><strong>Was ist enthalten:<\/strong><\/p>\n<ul>\n<li>2 Ersatzpads aus Filz f\u00fcr den Griff (f\u00fcr au\u00dfen)<\/li>\n<li><strong>1 internes Scheuerpad mit selbstklebender R\u00fcckseite<\/strong><\/li>\n<\/ul>\n<p><strong>Machen Sie Ihren Flipper wieder wie neu!<\/strong> Dieses Set enth\u00e4lt alles, was Sie brauchen, um sicherzustellen, dass Ihr Flipper reibungslos und effizient funktioniert.<\/p>\n","protected":false},"excerpt":{"rendered":"<p>Flipper Maintenance Kit repair kit for standard Flipper aquarium glass cleaner<\/p>\n","protected":false},"featured_media":81930,"template":"","meta":[],"pwb-brand":[2247],"product_cat":[1428,1488],"product_tag":[],"class_list":{"0":"post-86328","1":"product","2":"type-product","3":"status-publish","4":"has-post-thumbnail","6":"pwb-brand-flipper","7":"product_cat-algenmagnet","8":"product_cat-pflege","9":"pa_show-myparcel-options-male-de","11":"first","12":"instock","13":"taxable","14":"shipping-taxable","15":"purchasable","16":"product-type-simple"},"acf":[],"brands":[{"id":2247,"name":"Flipper","slug":"flipper"}],"_links":{"self":[{"href":"https:\/\/www.seaflowerstore.com\/de\/wp-json\/wp\/v2\/product\/86328","targetHints":{"allow":["GET"]}}],"collection":[{"href":"https:\/\/www.seaflowerstore.com\/de\/wp-json\/wp\/v2\/product"}],"about":[{"href":"https:\/\/www.seaflowerstore.com\/de\/wp-json\/wp\/v2\/types\/product"}],"wp:featuredmedia":[{"embeddable":true,"href":"https:\/\/www.seaflowerstore.com\/de\/wp-json\/wp\/v2\/media\/81930"}],"wp:attachment":[{"href":"https:\/\/www.seaflowerstore.com\/de\/wp-json\/wp\/v2\/media?parent=86328"}],"wp:term":[{"taxonomy":"pwb-brand","embeddable":true,"href":"https:\/\/www.seaflowerstore.com\/de\/wp-json\/wp\/v2\/pwb-brand?post=86328"},{"taxonomy":"product_cat","embeddable":true,"href":"https:\/\/www.seaflowerstore.com\/de\/wp-json\/wp\/v2\/product_cat?post=86328"},{"taxonomy":"product_tag","embeddable":true,"href":"https:\/\/www.seaflowerstore.com\/de\/wp-json\/wp\/v2\/product_tag?post=86328"}],"curies":[{"name":"wp","href":"https:\/\/api.w.org\/{rel}","templated":true}]}}