{"id":86329,"date":"2019-07-08T16:18:57","date_gmt":"2019-07-08T14:18:57","guid":{"rendered":"https:\/\/www.seaflowerstore.com\/nl\/ghl-doser-2-1-slave-4-pumps-white-schuko\/"},"modified":"2024-03-20T17:05:56","modified_gmt":"2024-03-20T16:05:56","slug":"ghl-doser-2-1-slave-4-pumps-white-schuko","status":"publish","type":"product","link":"https:\/\/www.seaflowerstore.com\/de\/ghl-doser-2-1-slave-4-pumps-white-schuko\/","title":{"rendered":"GHL Doser 2.1 Slave, 4 pumps, white, Schuko"},"content":{"rendered":"<h2>GHL Doser 2.1 Slave, 4 pumps precision dosing pumps<\/h2>\n<p>Der GHL Doser 2.1 Slave <strong>muss \u00fcber einen ProfiLux Controller oder einen GHL Doser 2.1 Stand Alone<\/strong> (mit integrierter Steuerelektronik) gesteuert werden. Die 24V-Schrittmotoren sorgen f\u00fcr eine genaue Dosierung auch bei sehr geringen Durchflussraten (0,1 ml). Die Verbindung erfolgt \u00fcber WLAN, LAN oder USB.<\/p>\n<p>Das System ist auf insgesamt 16 Pumpen erweiterbar:<\/p>\n<ul>\n<li>Stand Alone + 3 Slave Doser<\/li>\n<li>ProfiLux Controller + 4 Slave Doser<\/li>\n<\/ul>\n<p>Der ProfiLux Aquatic Bus sorgt f\u00fcr eine zuverl\u00e4ssige und st\u00f6rungsfreie Daten\u00fcbertragung, auch bei Entfernungen bis zu 100 m.<\/p>\n<p><strong>Technische Daten:<\/strong><\/p>\n<ul>\n<li>Farbe: <strong>WEISS<\/strong><\/li>\n<li>Ma\u00dfe: 220 x 150 x 75 mm (ohne Pumpen)<\/li>\n<li>Varianten: 4 Pumpen<\/li>\n<\/ul>\n<p><strong>Lieferumfang:<\/strong><\/p>\n<ul>\n<li>Dosierpumpeneinheit Slave (schwarz)<\/li>\n<li>Netzteil<\/li>\n<\/ul>\n<p>Dieses Ger\u00e4t automatisiert mit Milliliterpr\u00e4zision die Dosierung verschiedener Fl\u00fcssigkeiten wie:<\/p>\n<ul>\n<li>D\u00fcngemittel<\/li>\n<li>Spurenelemente<\/li>\n<li>Balling-Salze<\/li>\n<li>Kalkwasser<\/li>\n<li>Fl\u00fcssigd\u00fcnger<\/li>\n<li>Integrierte Verdunstungswassernachf\u00fcllung (Auto Top-Off)<\/li>\n<li>Wasseraustausch kleiner Wassermengen<\/li>\n<\/ul>\n<p>Zus\u00e4tzlich verf\u00fcgt es \u00fcber:<\/p>\n<ul>\n<li>Motorwellen aus Edelstahl (geeignet f\u00fcr Joddosierung)<\/li>\n<li>Chemikalienbest\u00e4ndige Schl\u00e4uche (Norprene)<\/li>\n<li>Manuelle Bedienung jeder einzelnen Pumpe<\/li>\n<li>Nachr\u00fcstbare Pumpen<\/li>\n<li>Austauschbare Einzelteile (Schl\u00e4uche, Pumpenkopf, Motor)<\/li>\n<li>24V Schrittmotoren erm\u00f6glichen Mikrodosierungen von 0,1 ml<\/li>\n<li>Bis zu 150 Dosierungen pro Tag<\/li>\n<li>Einfache Auswahl der Dosierzeiten \u00fcber Software (GHL Control Center)<\/li>\n<li>Verteilt automatisch bis zu 150 Einzeldosierungen pro Tag<\/li>\n<li>Bis zu 8 Dosierungen pro Tag individuell einstellbar<\/li>\n<li>Jede Pumpe separat konfigurierbar<\/li>\n<\/ul>\n<p><strong>F\u00f6rderleistung und Dosierung:<\/strong><br \/> 8-45 ml\/Minute (auf 0,1 ml genau einstellbar)<\/p>\n<p>Die Doser 2.1 Pumpen sind weitgehend wartungsfrei. F\u00fcr eine optimale Leistung empfehlen wir, das Pumpeninnere regelm\u00e4\u00dfig zu reinigen und von Staub und anderen Verunreinigungen zu befreien. <strong>Es ist wichtig, dass die Pumpen niemals in irgendeiner Weise geschmiert werden!<\/strong><\/p>\n<p><strong>Schl\u00e4uche, Pumpen und Motoren sind Verschlei\u00dfteile und ihre Lebensdauer h\u00e4ngt von der Nutzungsh\u00e4ufigkeit, der Durchflussmenge und den Umgebungsbedingungen ab.<\/strong> Bei Funktionsst\u00f6rungen (wie unzureichendem Durchfluss, Verlust der Ansaugung, Leckagen oder erh\u00f6htem Betriebsger\u00e4usch) oder mechanischen Sch\u00e4den m\u00fcssen die Verschlei\u00dfteile ausgetauscht werden. Dank der wartungsfreundlichen Konstruktion k\u00f6nnen alle Verschlei\u00dfteile einfach ausgetauscht werden und sind als Zubeh\u00f6r erh\u00e4ltlich.<\/p>\n","protected":false},"excerpt":{"rendered":"<p>The GHL Doser 2.1 Slave needs to be controlled via a ProfiLux Controller or a GHL Doser 2.1 Stand Alone (with integrated control electronics).<\/p>\n","protected":false},"featured_media":81928,"template":"","meta":[],"pwb-brand":[2157],"product_cat":[1408,1406],"product_tag":[],"class_list":{"0":"post-86329","1":"product","2":"type-product","3":"status-publish","4":"has-post-thumbnail","6":"pwb-brand-ghl","7":"product_cat-computer-de","8":"product_cat-dosierpumpen","9":"pa_show-myparcel-options-male-de","11":"first","12":"outofstock","13":"taxable","14":"shipping-taxable","15":"purchasable","16":"product-type-simple"},"acf":[],"brands":[{"id":2157,"name":"GHL","slug":"ghl"}],"_links":{"self":[{"href":"https:\/\/www.seaflowerstore.com\/de\/wp-json\/wp\/v2\/product\/86329","targetHints":{"allow":["GET"]}}],"collection":[{"href":"https:\/\/www.seaflowerstore.com\/de\/wp-json\/wp\/v2\/product"}],"about":[{"href":"https:\/\/www.seaflowerstore.com\/de\/wp-json\/wp\/v2\/types\/product"}],"wp:featuredmedia":[{"embeddable":true,"href":"https:\/\/www.seaflowerstore.com\/de\/wp-json\/wp\/v2\/media\/81928"}],"wp:attachment":[{"href":"https:\/\/www.seaflowerstore.com\/de\/wp-json\/wp\/v2\/media?parent=86329"}],"wp:term":[{"taxonomy":"pwb-brand","embeddable":true,"href":"https:\/\/www.seaflowerstore.com\/de\/wp-json\/wp\/v2\/pwb-brand?post=86329"},{"taxonomy":"product_cat","embeddable":true,"href":"https:\/\/www.seaflowerstore.com\/de\/wp-json\/wp\/v2\/product_cat?post=86329"},{"taxonomy":"product_tag","embeddable":true,"href":"https:\/\/www.seaflowerstore.com\/de\/wp-json\/wp\/v2\/product_tag?post=86329"}],"curies":[{"name":"wp","href":"https:\/\/api.w.org\/{rel}","templated":true}]}}