{"id":86330,"date":"2019-07-08T16:02:09","date_gmt":"2019-07-08T14:02:09","guid":{"rendered":"https:\/\/www.seaflowerstore.com\/nl\/ghl-doser-2-1-slave-4-pumps-black-schuko\/"},"modified":"2024-03-20T17:05:55","modified_gmt":"2024-03-20T16:05:55","slug":"ghl-doser-2-1-slave-4-pumps-black-schuko","status":"publish","type":"product","link":"https:\/\/www.seaflowerstore.com\/de\/ghl-doser-2-1-slave-4-pumps-black-schuko\/","title":{"rendered":"GHL Doser 2.1 Slave, 4 pumps, black, Schuko"},"content":{"rendered":"<h2>GHL Doser 2.1 Slave, 4 pumps persision dosing pumps<\/h2>\n<p>Der GHL Doser 2.1 Slave <strong>erfordert die Steuerung \u00fcber einen ProfiLux Controller oder einen GHL Doser 2.1 Stand Alone<\/strong> mit integrierter Steuerelektronik. Mit seinen 24V-Schrittmotoren erreichen Sie selbst bei sehr geringen Durchflussraten (0,1 ml) eine pr\u00e4zise Dosierung. Verbindungen k\u00f6nnen \u00fcber WLAN, LAN oder USB hergestellt werden. Dieses System ist erweiterbar und bietet Platz f\u00fcr bis zu 16 Pumpen:<\/p>\n<ul>\n<li>Stand Alone + 3 Slave Doser<\/li>\n<li>ProfiLux Controller + 4 Slave Doser<\/li>\n<\/ul>\n<p>Der ProfiLux Aquatic Bus sorgt f\u00fcr eine zuverl\u00e4ssige und st\u00f6rungsfreie Daten\u00fcbertragung, auch \u00fcber lange Distanzen von bis zu 100 m.<\/p>\n<p><strong>Technische Daten:<\/strong><\/p>\n<ul>\n<li>Farbe: Schwarz<\/li>\n<li>Abmessungen: 220 x 150 x 75 mm (ohne Pumpen)<\/li>\n<li>Varianten: 4 Pumpen<\/li>\n<\/ul>\n<p><strong>Lieferumfang:<\/strong><\/p>\n<ul>\n<li>Dosierpumpeneinheit GHL Doser 2.1 Slave (schwarz)<\/li>\n<li>Netzteil Einheit<\/li>\n<\/ul>\n<p>Genie\u00dfen Sie millilitergenaue und automatische Dosierung verschiedener Fl\u00fcssigkeiten wie:<\/p>\n<ul>\n<li>D\u00fcngemittel<\/li>\n<li>Spurenelemente<\/li>\n<li>Balling-Salze<\/li>\n<li>Kalkwasser<\/li>\n<li>Fl\u00fcssigd\u00fcnger<\/li>\n<\/ul>\n<p>Zus\u00e4tzliche Funktionen umfassen:<\/p>\n<ul>\n<li>Integrierte Nachf\u00fcllung von verdunstetem Wasser (Auto Top\u2013Off)<\/li>\n<li>Wasseraustausch kleiner Mengen<\/li>\n<li>Motorwellen aus Edelstahl (geeignet zur Dosierung von Jod)<\/li>\n<li>Chemikalienbest\u00e4ndige Schl\u00e4uche (Norprene)<\/li>\n<li>Manuelle Bedienung f\u00fcr jede Pumpe verf\u00fcgbar<\/li>\n<li>Pumpen k\u00f6nnen nachger\u00fcstet werden<\/li>\n<li>Einzelteile k\u00f6nnen ausgetauscht werden (Schl\u00e4uche, Pumpenkopf, Motor)<\/li>\n<li>24-V-Schrittmotoren erm\u00f6glichen Mikrodosierungen von 0,1 ml<\/li>\n<li>Bis zu 150 Dosierungen pro Tag<\/li>\n<li>Dosierungszeiten einfach per Software w\u00e4hlen (GHL Control Center)<\/li>\n<\/ul>\n<p>Mit automatisierten Einstellungen k\u00f6nnen Sie bis zu 150 Einzeldosierungen pro Tag verteilen und f\u00fcr individuellere Anforderungen bis zu 8 Dosierungen pro Tag individuell einstellen. Jede Pumpe ist separat einstellbar.<\/p>\n<p><strong>F\u00f6rderleistung und Dosierung:<\/strong> 8-45 ml\/Minute (pr\u00e4zise auf 0,1 ml einstellbar).<\/p>\n<p>Die Doser 2.1 Pumpen sind so konstruiert, dass sie weitgehend wartungsfrei sind. F\u00fcr eine optimale Leistung ist es jedoch ratsam, das Pumpeninnere gelegentlich zu reinigen und von Staub und Verunreinigungen zu befreien.<\/p>\n<p><strong>Wichtig: Die Pumpen d\u00fcrfen niemals in irgendeiner Weise geschmiert werden!<\/strong><\/p>\n<p><strong>Hinweis:<\/strong> Schl\u00e4uche, Pumpen und Motoren gelten als Verschlei\u00dfteile und ihre Lebensdauer h\u00e4ngt von der Nutzungsh\u00e4ufigkeit, der Durchflussmenge und den Umgebungsbedingungen ab. Wenn Sie St\u00f6rungen wie unzureichenden Durchfluss, Saugverlust, Leckagen oder erh\u00f6hte Betriebsger\u00e4usche feststellen, m\u00fcssen die Verschlei\u00dfteile unbedingt ausgetauscht werden. Dank des wartungsfreundlichen Designs k\u00f6nnen alle Verschlei\u00dfteile einfach ausgetauscht werden und alle notwendigen Teile sind als Zubeh\u00f6r erh\u00e4ltlich.<\/p>\n","protected":false},"excerpt":{"rendered":"<p>The GHL Doser 2.1 Slave needs to be controlled via a ProfiLux Controller or a GHL Doser 2.1 Stand Alone (with integrated control electronics).<\/p>\n","protected":false},"featured_media":81926,"template":"","meta":[],"pwb-brand":[2157],"product_cat":[1408,1406],"product_tag":[],"class_list":{"0":"post-86330","1":"product","2":"type-product","3":"status-publish","4":"has-post-thumbnail","6":"pwb-brand-ghl","7":"product_cat-computer-de","8":"product_cat-dosierpumpen","9":"pa_show-myparcel-options-male-de","11":"first","12":"outofstock","13":"taxable","14":"shipping-taxable","15":"purchasable","16":"product-type-simple"},"acf":[],"brands":[{"id":2157,"name":"GHL","slug":"ghl"}],"_links":{"self":[{"href":"https:\/\/www.seaflowerstore.com\/de\/wp-json\/wp\/v2\/product\/86330","targetHints":{"allow":["GET"]}}],"collection":[{"href":"https:\/\/www.seaflowerstore.com\/de\/wp-json\/wp\/v2\/product"}],"about":[{"href":"https:\/\/www.seaflowerstore.com\/de\/wp-json\/wp\/v2\/types\/product"}],"wp:featuredmedia":[{"embeddable":true,"href":"https:\/\/www.seaflowerstore.com\/de\/wp-json\/wp\/v2\/media\/81926"}],"wp:attachment":[{"href":"https:\/\/www.seaflowerstore.com\/de\/wp-json\/wp\/v2\/media?parent=86330"}],"wp:term":[{"taxonomy":"pwb-brand","embeddable":true,"href":"https:\/\/www.seaflowerstore.com\/de\/wp-json\/wp\/v2\/pwb-brand?post=86330"},{"taxonomy":"product_cat","embeddable":true,"href":"https:\/\/www.seaflowerstore.com\/de\/wp-json\/wp\/v2\/product_cat?post=86330"},{"taxonomy":"product_tag","embeddable":true,"href":"https:\/\/www.seaflowerstore.com\/de\/wp-json\/wp\/v2\/product_tag?post=86330"}],"curies":[{"name":"wp","href":"https:\/\/api.w.org\/{rel}","templated":true}]}}