{"id":86331,"date":"2019-07-08T15:48:16","date_gmt":"2019-07-08T13:48:16","guid":{"rendered":"https:\/\/www.seaflowerstore.com\/nl\/kh-director-ghl-doser2-1-slave-black\/"},"modified":"2025-12-08T15:36:01","modified_gmt":"2025-12-08T14:36:01","slug":"kh-director-ghl-doser-2-2-ext-black","status":"publish","type":"product","link":"https:\/\/www.seaflowerstore.com\/de\/kh-director-ghl-doser-2-2-ext-black\/","title":{"rendered":"KH Director &#038; GHL Doser 2.2 EXT black"},"content":{"rendered":"<h2>KH Director &#038; GHL Doser 2.2 EXT Schwarz: Automatisierte Alkalinit\u00e4ts\u00fcberwachung und -kontrolle<\/h2>\n<p>Der KH Director ist ein fortschrittliches Ger\u00e4t zur automatisierten \u00dcberwachung und Steuerung der Alkalinit\u00e4t. Er verwendet eine modifizierte pH-Sonde, um pr\u00e4zise KH-Werte bereitzustellen. Das System integriert sich nahtlos in das modulare Aquarium-Managementsystem von GHL und sorgt f\u00fcr eine zuverl\u00e4ssige und effiziente Funktion.<\/p>\n<h3>Funktionsweise<\/h3>\n<p>Der KH Director wird \u00fcber drei blaue Adapter mit einer GHL Doser 2 oder 2.1 Dosierpumpe verbunden. Jeder Adapter hat eine spezifische Aufgabe:<\/p>\n<ul>\n<li><strong>Pumpe 1:<\/strong> Leitet Aquarienwasser in den KH Director zur Testung.<\/li>\n<li><strong>Pumpe 2:<\/strong> Versorgt das Ger\u00e4t mit Reagenzfl\u00fcssigkeit.<\/li>\n<li><strong>Pumpe 3:<\/strong> Entsorgt die Testprobe und verbrauchte Reagenzfl\u00fcssigkeit in einen Abfallbeh\u00e4lter.<\/li>\n<\/ul>\n<p>Die Pumpen arbeiten w\u00e4hrend der Tests automatisch, und die Ergebnisse werden in Datenprotokollen aufgezeichnet und auf Plattformen wie <em>myGHL<\/em>, ProfiLux Touch und anderen GHL-Displays angezeigt.<\/p>\n<h3>Merkmale und Vorteile<\/h3>\n<ul>\n<li><strong>Laborgenauigkeit:<\/strong> Misst die Alkalinit\u00e4t mit einer Genauigkeit von 0.1 dKH bei einer Probe von 100 ml.<\/li>\n<li><strong>Effizient und Kosteng\u00fcnstig:<\/strong> Eine 1000 ml Reagenzflasche h\u00e4lt bis zu 3 Monate bei 4 Tests pro Tag und einem KH-Wert von 8. Die pH-Elektrode hat eine Lebensdauer von 1\u20132 Jahren.<\/li>\n<li><strong>Flexibler Betrieb:<\/strong> Kann mit einer Standalone- oder Slave-Doser (2.1\/2.0) und ProfiLux 3 oder 4 Steuerung verwendet werden.<\/li>\n<li><strong>Nahtlose Integration:<\/strong> PAB (ProfiLux Aquatic Bus) sorgt f\u00fcr st\u00f6rungsfreie Kommunikation mit anderen GHL-Ger\u00e4ten.<\/li>\n<\/ul>\n<h3>Lieferumfang<\/h3>\n<p>Das KH Director und GHL Doser 2.2 Set enth\u00e4lt:<\/p>\n<ul>\n<li>KH Director-Ger\u00e4t mit integrierter Messzelle<\/li>\n<li>Speziell entwickelte pH-Elektrode f\u00fcr KH-Messungen<\/li>\n<li>Kalibrierfl\u00fcssigkeit<\/li>\n<li>500 ml Reagenzflasche<\/li>\n<li>Silikonschlauch<\/li>\n<li>Stromversorgungskabel<\/li>\n<li>PAB-Kabel (50 cm L\u00e4nge)<\/li>\n<li>GHL Doser 2.2 Slave mit 4 Pumpen<\/li>\n<li>24V Stromversorgung<\/li>\n<li>8x Kunststoff-Schlauchadapter<\/li>\n<li>6ft USB-Kabel<\/li>\n<\/ul>\n<p>Mit dem KH Director und GHL Doser 2.2 EXT erreichen Sie eine pr\u00e4zise, zuverl\u00e4ssige und kosteneffektive Kontrolle der Alkalinit\u00e4t in Ihrem Aquarium.<\/p>\n","protected":false},"excerpt":{"rendered":"<p>This set additionally requires a ProfiLux Controller from version 3 or a GHL Doser Stand Alone 2 (2.1) for operation.<\/p>\n","protected":false},"featured_media":125039,"template":"","meta":[],"pwb-brand":[2157],"product_cat":[1401,1387],"product_tag":[],"class_list":{"0":"post-86331","1":"product","2":"type-product","3":"status-publish","4":"has-post-thumbnail","6":"pwb-brand-ghl","7":"product_cat-mess-und-regeltechnik","8":"product_cat-messsysteme","9":"pa_show-myparcel-options-male-de","11":"first","12":"outofstock","13":"taxable","14":"shipping-taxable","15":"purchasable","16":"product-type-simple"},"acf":[],"brands":[{"id":2157,"name":"GHL","slug":"ghl"}],"_links":{"self":[{"href":"https:\/\/www.seaflowerstore.com\/de\/wp-json\/wp\/v2\/product\/86331","targetHints":{"allow":["GET"]}}],"collection":[{"href":"https:\/\/www.seaflowerstore.com\/de\/wp-json\/wp\/v2\/product"}],"about":[{"href":"https:\/\/www.seaflowerstore.com\/de\/wp-json\/wp\/v2\/types\/product"}],"wp:featuredmedia":[{"embeddable":true,"href":"https:\/\/www.seaflowerstore.com\/de\/wp-json\/wp\/v2\/media\/125039"}],"wp:attachment":[{"href":"https:\/\/www.seaflowerstore.com\/de\/wp-json\/wp\/v2\/media?parent=86331"}],"wp:term":[{"taxonomy":"pwb-brand","embeddable":true,"href":"https:\/\/www.seaflowerstore.com\/de\/wp-json\/wp\/v2\/pwb-brand?post=86331"},{"taxonomy":"product_cat","embeddable":true,"href":"https:\/\/www.seaflowerstore.com\/de\/wp-json\/wp\/v2\/product_cat?post=86331"},{"taxonomy":"product_tag","embeddable":true,"href":"https:\/\/www.seaflowerstore.com\/de\/wp-json\/wp\/v2\/product_tag?post=86331"}],"curies":[{"name":"wp","href":"https:\/\/api.w.org\/{rel}","templated":true}]}}