{"id":86332,"date":"2019-07-08T15:33:58","date_gmt":"2019-07-08T13:33:58","guid":{"rendered":"https:\/\/www.seaflowerstore.com\/nl\/kh-director-ghl-doser2-1-slave-white\/"},"modified":"2024-03-20T17:05:49","modified_gmt":"2024-03-20T16:05:49","slug":"kh-director-ghl-doser2-1-slave-white","status":"publish","type":"product","link":"https:\/\/www.seaflowerstore.com\/de\/kh-director-ghl-doser2-1-slave-white\/","title":{"rendered":"KH Director &amp; GHL Doser2.1 SLAVE white"},"content":{"rendered":"<h2>GHL Set KH Director &amp; GHL Doser2.1 SLAVE white Automated Alkalinity Monitoring and Control<\/h2>\n<p>Die Aufrechterhaltung der Alkalinit\u00e4t ist f\u00fcr eine erfolgreiche Riffpflege entscheidend und Stabilit\u00e4t ist unerl\u00e4sslich. Wenn Sie hervorragende Korallenwachstumsbedingungen anstreben, ist eine Pr\u00fcfung der Alkalinit\u00e4t erforderlich. Mit dem neuen GHL KH Director k\u00f6nnen Sie sie problemlos stabil halten. Mit diesem Ger\u00e4t k\u00f6nnen Sie die Alkalinit\u00e4t ganz einfach \u00fcberwachen, aufrechterhalten und steuern.<\/p>\n<p><strong>Funktionen:<\/strong><\/p>\n<ul>\n<li><strong>KH-Messgenauigkeit in Laborqualit\u00e4t:<\/strong> Messen Sie Ihre Alkalinit\u00e4t pr\u00e4zise. Mit nur einer 100-ml-Wasserprobe kann der GHL KH Director Messwerte mit einer Genauigkeit von 0,1 \u00b0dKH liefern.<\/li>\n<li><strong>Vom Benutzer einstellbares Testprobenvolumen:<\/strong> In der Praxis ist eine Genauigkeit von 0,1 \u00b0dKH m\u00f6glicherweise nicht immer erforderlich. Sie k\u00f6nnen die Probenmenge reduzieren und trotzdem mit einer kleineren Wasserprobe eine Genauigkeit von ca. 0,2 \u00b0dKH erreichen.<\/li>\n<li><strong>Messungen pro Tag einstellbar:<\/strong> Wenn der KH-Wert nicht stark schwankt, k\u00f6nnen Sie die Anzahl der Messungen reduzieren.<\/li>\n<li><strong>H\u00f6here Genauigkeit und Sicherheit durch zus\u00e4tzliche Ventile:<\/strong> Testen Sie Ihre Alkalinit\u00e4t konstant. Eingebaute Ventile sorgen f\u00fcr identische Messbedingungen und verhindern, dass die Probenfl\u00fcssigkeit zur\u00fcck ins Aquarium flie\u00dft, selbst im unwahrscheinlichen Fall einer Fehlfunktion.<\/li>\n<li><strong>Kosteng\u00fcnstige und sichere Reagenzfl\u00fcssigkeit:<\/strong> Pro Test werden nur 1 &#8211; 3 ml pro Messung ben\u00f6tigt.<\/li>\n<li><strong>Automatische Datenaufzeichnung:<\/strong> \u00dcberpr\u00fcfen Sie vergangene Testergebnisse, identifizieren Sie pl\u00f6tzliche KH-Schwankungen und optimieren Sie Ihre KH-Dosierung mithilfe der automatischen Datenaufzeichnung.<\/li>\n<li><strong>Automatische Fl\u00fcssigkeitszufuhr:<\/strong> F\u00fchren Sie automatisch KH-steigernde Fl\u00fcssigkeiten zu. Abh\u00e4ngig von Ihrer Methode k\u00f6nnen eine oder mehrere zus\u00e4tzliche Dosierpumpen erforderlich sein.<\/li>\n<li><strong>Kalkreaktorsteuerung:<\/strong> Sie k\u00f6nnen den KH-Wert auch durch die Steuerung eines Kalkreaktors beeinflussen.<\/li>\n<li><strong>LED-Statusanzeige:<\/strong> Das integrierte GHL-LED-Logo bietet farbcodierte Statusanzeigen. Die verschiedenen Farben zeigen Ihnen auf einen Blick den Zustand Ihres Systems an:\n<ul>\n<li>Wei\u00df = Konfigurationsmodus<\/li>\n<li>Blau = Normalbetrieb<\/li>\n<li>Gr\u00fcn = Fl\u00fcssigkeitsmenge in einem Fl\u00fcssigkeitsbeh\u00e4lter ist in Ordnung<\/li>\n<li>Gelb = Warnschwelle &#8211; Fl\u00fcssigkeitsbeh\u00e4lter gehen zur Neige<\/li>\n<li>Rot = Alarmschwelle &#8211; Fl\u00fcssigkeitsbeh\u00e4lter sind leer<\/li>\n<\/ul>\n<\/li>\n<li><strong>myGHL Cloud-Zugriff:<\/strong> Greifen Sie \u00fcber den myGHL Cloud-Dienst \u00fcber GHL Doser 2, 2.1 oder ProfiLux 3, 3.1, 4 auf den KH Director zu.<\/li>\n<li><strong>Nahtlose Integration:<\/strong> Mit der ProfiLux Aquatic Bus-Anbindung l\u00e4sst sich der KH Director m\u00fchelos in das modulare GHL Aquariensystem integrieren. Die PAB-Verbindung gew\u00e4hrleistet eine st\u00f6rungsfreie Kommunikation mit anderen GHL-Ger\u00e4ten wie dem GHL Doser 2.1 und ProfiLux 4.<\/li>\n<li><strong>Wartungsarmes Design:<\/strong> Das einzigartige Design des KH Directors erleichtert den Zugriff und die Wartung der mitgelieferten pH-Elektrode. Kalibrierung und Austausch sind unkompliziert.<\/li>\n<li><strong>KH-Wertanzeige:<\/strong> Sehen Sie Ihren KH-Wert jederzeit und \u00fcberall \u00fcber das ProfiLux-Display, ProfiLux Touch oder den Webbrowser (myGHL) ein. Eine zus\u00e4tzliche externe Anzeigeeinheit ist optional.<\/li>\n<li><strong>Robustes Design:<\/strong> Jedes Produkt von GHL ist so konstruiert, dass es dem Test der Zeit standh\u00e4lt. Der KH Director ist keine Ausnahme und wird aus langlebigen Materialien hergestellt, die den Laboranforderungen entsprechen.<\/li>\n<\/ul>\n<p><strong>Spezifikationen:<\/strong><\/p>\n<ul>\n<li>Der KH Director ist in Schwarz oder Wei\u00df erh\u00e4ltlich.<\/li>\n<li>Abmessungen in mm: 220 x 150 x 70 (ohne pH-Elektrode)<\/li>\n<li>Abmessungen in Zoll: 8,66 x 5,9 x 2,75 (ohne pH-Elektrode)<\/li>\n<\/ul>\n<p><strong>Lieferumfang:<\/strong><\/p>\n<ul>\n<li>1 x KH Director enth\u00e4lt Folgendes:\n<ul>\n<li>Im Ger\u00e4t integrierte Messzelle<\/li>\n<li>pH-Elektrode, speziell f\u00fcr den KHD entwickelt, inklusive Kalibrierfl\u00fcssigkeiten<\/li>\n<li>Testreagenz 500 ml<\/li>\n<li>Silikonschlauch<\/li>\n<li>Stromversorgung Splitterkabel<\/li>\n<li>PAB-Kabel (50 cm)<\/li>\n<\/ul>\n<\/li>\n<li>1 x GHL Doser 2.1 <strong>SLAVE<\/strong>, 4 Pumpen, wei\u00df, Schuko<\/li>\n<\/ul>\n<p><strong>*Zum Anschluss dieses Sets an Ihren eigenen ProfiLux Controller wird ein zus\u00e4tzliches PAB-Kabel ben\u00f6tigt.<\/strong><\/p>\n","protected":false},"excerpt":{"rendered":"<p>This set additionally requires a ProfiLux Controller from version 3 or a GHL Doser Stand Alone 2 (2.1) for operation.<\/p>\n","protected":false},"featured_media":81918,"template":"","meta":[],"pwb-brand":[2157],"product_cat":[1537],"product_tag":[],"class_list":{"0":"post-86332","1":"product","2":"type-product","3":"status-publish","4":"has-post-thumbnail","6":"pwb-brand-ghl","7":"product_cat-aquarientechnik","8":"pa_show-myparcel-options-male-de","10":"first","11":"instock","12":"taxable","13":"shipping-taxable","14":"purchasable","15":"product-type-simple"},"acf":[],"brands":[{"id":2157,"name":"GHL","slug":"ghl"}],"_links":{"self":[{"href":"https:\/\/www.seaflowerstore.com\/de\/wp-json\/wp\/v2\/product\/86332","targetHints":{"allow":["GET"]}}],"collection":[{"href":"https:\/\/www.seaflowerstore.com\/de\/wp-json\/wp\/v2\/product"}],"about":[{"href":"https:\/\/www.seaflowerstore.com\/de\/wp-json\/wp\/v2\/types\/product"}],"wp:featuredmedia":[{"embeddable":true,"href":"https:\/\/www.seaflowerstore.com\/de\/wp-json\/wp\/v2\/media\/81918"}],"wp:attachment":[{"href":"https:\/\/www.seaflowerstore.com\/de\/wp-json\/wp\/v2\/media?parent=86332"}],"wp:term":[{"taxonomy":"pwb-brand","embeddable":true,"href":"https:\/\/www.seaflowerstore.com\/de\/wp-json\/wp\/v2\/pwb-brand?post=86332"},{"taxonomy":"product_cat","embeddable":true,"href":"https:\/\/www.seaflowerstore.com\/de\/wp-json\/wp\/v2\/product_cat?post=86332"},{"taxonomy":"product_tag","embeddable":true,"href":"https:\/\/www.seaflowerstore.com\/de\/wp-json\/wp\/v2\/product_tag?post=86332"}],"curies":[{"name":"wp","href":"https:\/\/api.w.org\/{rel}","templated":true}]}}