{"id":86350,"date":"2019-06-25T16:42:13","date_gmt":"2019-06-25T14:42:13","guid":{"rendered":"https:\/\/www.seaflowerstore.com\/nl\/softner-fx-100-cation-resin\/"},"modified":"2024-03-20T17:05:39","modified_gmt":"2024-03-20T16:05:39","slug":"softner-fx-100-cation-resin","status":"publish","type":"product","link":"https:\/\/www.seaflowerstore.com\/de\/softner-fx-100-cation-resin\/","title":{"rendered":"Softner FX 100% Cation Resin"},"content":{"rendered":"<h2>Blue Life Softner FX 100% Cation Resin<\/h2>\n<p><strong>Blue Vet RX<\/strong><\/p>\n<p>* 100 % S\u00fc\u00dfwasser-Enth\u00e4rtungsharz<br \/>\n* N\u00fctzlich f\u00fcr Wasserpflanzen<br \/>\n* Entfernt unerw\u00fcnschte Mineralien<br \/>\n* Reduziert den CO2-Verbrauch<br \/>\n* Hilft, den pH-Wert zu senken<br \/>\n* F\u00f6rdert die Vitalit\u00e4t der Fische<br \/>\n* Verbessert die Fischfarben<br \/>\n* Unverzichtbar f\u00fcr die Fischzucht<br \/>\n* Regenerierbar f\u00fcr wiederholte Verwendung sechsmal oder \u00f6fter<\/p>\n<p><strong>Anweisungen und Richtlinien<\/strong><\/p>\n<p><strong>Am besten geeignet f\u00fcr Fische aus:<\/strong><\/p>\n<ul>\n<li>S\u00fcdamerika<\/li>\n<li>S\u00fcdostasien<\/li>\n<li>Westafrika<\/li>\n<li>Madagaskar<\/li>\n<li>Diskus<\/li>\n<li>Apistogramma<\/li>\n<li>Guramis<\/li>\n<li>Tetras<\/li>\n<li>Afrikanischer Killifisch<\/li>\n<li>Kaiserfische<\/li>\n<li>Corys<\/li>\n<\/ul>\n<p><strong>Verwenden Sie es nicht mit:<\/strong> Lebendgeb\u00e4renden, mittelamerikanischen Buntbarschen, Rifttal-Buntbarschen, Goldfischen oder Schnecken.<\/p>\n<p><strong>Nicht verwenden mit:<\/strong> Kalktuffstein, Muscheln, Moorholz, Kokosnussschalen oder anderen Substraten auf Kalziumbasis.<\/p>\n<p>250 \u200b\u200bml reichen f\u00fcr 475 Liter (125 Gallonen)<br \/>\n500 ml reichen f\u00fcr 945 Liter (250 Gallonen)<\/p>\n","protected":false},"excerpt":{"rendered":"<p>Blue Life Softner FX 100% Cation Resin 500ml Removes unwanted minerals<\/p>\n","protected":false},"featured_media":81865,"template":"","meta":[],"pwb-brand":[2281],"product_cat":[1492],"product_tag":[],"class_list":{"0":"post-86350","1":"product","2":"type-product","3":"status-publish","4":"has-post-thumbnail","6":"pwb-brand-blue-life","7":"product_cat-suesswasser","8":"pa_inhoud-250-ml-de","9":"pa_inhoud-500-ml-de","10":"pa_show-myparcel-options-male-de","12":"first","13":"instock","14":"taxable","15":"shipping-taxable","16":"purchasable","17":"product-type-variable"},"acf":[],"brands":[{"id":2281,"name":"Blue Life","slug":"blue-life"}],"_links":{"self":[{"href":"https:\/\/www.seaflowerstore.com\/de\/wp-json\/wp\/v2\/product\/86350","targetHints":{"allow":["GET"]}}],"collection":[{"href":"https:\/\/www.seaflowerstore.com\/de\/wp-json\/wp\/v2\/product"}],"about":[{"href":"https:\/\/www.seaflowerstore.com\/de\/wp-json\/wp\/v2\/types\/product"}],"wp:featuredmedia":[{"embeddable":true,"href":"https:\/\/www.seaflowerstore.com\/de\/wp-json\/wp\/v2\/media\/81865"}],"wp:attachment":[{"href":"https:\/\/www.seaflowerstore.com\/de\/wp-json\/wp\/v2\/media?parent=86350"}],"wp:term":[{"taxonomy":"pwb-brand","embeddable":true,"href":"https:\/\/www.seaflowerstore.com\/de\/wp-json\/wp\/v2\/pwb-brand?post=86350"},{"taxonomy":"product_cat","embeddable":true,"href":"https:\/\/www.seaflowerstore.com\/de\/wp-json\/wp\/v2\/product_cat?post=86350"},{"taxonomy":"product_tag","embeddable":true,"href":"https:\/\/www.seaflowerstore.com\/de\/wp-json\/wp\/v2\/product_tag?post=86350"}],"curies":[{"name":"wp","href":"https:\/\/api.w.org\/{rel}","templated":true}]}}