{"id":86353,"date":"2019-06-25T16:24:58","date_gmt":"2019-06-25T14:24:58","guid":{"rendered":"https:\/\/www.seaflowerstore.com\/nl\/organic-fx-100-organic-resin\/"},"modified":"2024-03-20T17:05:36","modified_gmt":"2024-03-20T16:05:36","slug":"organic-fx-100-organic-resin","status":"publish","type":"product","link":"https:\/\/www.seaflowerstore.com\/de\/organic-fx-100-organic-resin\/","title":{"rendered":"Organic FX 100% Organic Resin"},"content":{"rendered":"<h2>Blue Life Organic FX 100% Organic Resin 500ml<\/h2>\n<p><strong>Wichtigste Vorteile:<\/strong><\/p>\n<ul>\n<li>Entfernt unerw\u00fcnschte organische Stoffe<\/li>\n<li>Reduziert die Bildung von Nitraten<\/li>\n<li>Hilft bei der Wasserkl\u00e4rung<\/li>\n<li>Erh\u00f6ht den Sauerstoffgehalt<\/li>\n<li>Hilft, Algenwachstum zu beseitigen oder zu verhindern<\/li>\n<li>Verbessert die Gesundheit des Viehs und verbessert Lebendigkeit und Farbe<\/li>\n<li>Kann sechs oder mehr Mal regeneriert werden<\/li>\n<\/ul>\n<p><strong>Anweisungen und Richtlinien:<\/strong><\/p>\n<ul>\n<li>Sp\u00fclen Sie das Harz vor der Verwendung gr\u00fcndlich mit destilliertem oder deionisiertem Wasser aus.<\/li>\n<li>Bei bestimmungsgem\u00e4\u00dfer Verwendung k\u00f6nnen jeweils 250 ml Organic FX-Harz bis zu 125 US-Gallonen pflegen und helfen, unerw\u00fcnschte oder \u00fcbersch\u00fcssige organische Stoffe zu entfernen, w\u00e4hrend gleichzeitig klares Wasser bereitgestellt und die Gesundheit und Lebendigkeit des Viehs verbessert wird.<\/li>\n<li>Die Wirksamkeit der Entfernung h\u00e4ngt direkt zusammen zur Kontaktzeit des Harzes mit dem Wasser.<\/li>\n<li>Durch Maximieren der Kontaktzeit k\u00f6nnen mehr Nitrate entfernt und die Wasserqualit\u00e4t im Aquarium insgesamt verbessert werden.<\/li>\n<li>F\u00fcr optimale Ergebnisse wird empfohlen, Harz in einem Reaktor oder einem Druckbeh\u00e4lter zu verwenden.<\/li>\n<li>Das Medium nimmt eine mittelbraune Farbe an, wenn es ersch\u00f6pft ist.<\/li>\n<\/ul>\n<p><strong>Anweisungen zur Regeneration:<\/strong><\/p>\n<ul>\n<li>L\u00f6sen Sie in einem sauberen Eimer pro 250 ml Harz, das Sie regenerieren m\u00f6chten, ein Blue Life USA Regeneration Kit in 2 Litern Wasser mit Raumtemperatur auf. Geben Sie das Harz in den Eimer und r\u00fchren Sie um.<\/li>\n<li>Lassen Sie das Nitrate FX mindestens eine Stunde einweichen (f\u00fcr beste Ergebnisse \u00fcber Nacht einweichen), w\u00e4hrend Sie die Beutel h\u00e4ufig sch\u00fctteln. Nach dem Einweichen aus der Regenerationsl\u00f6sung nehmen und vor der Wiederverwendung gr\u00fcndlich mit S\u00fc\u00dfwasser absp\u00fclen.<\/li>\n<li>Nicht mit Bleichmittel regenerieren, da dies das Adsorptionsharz dauerhaft sch\u00e4digt und den Aquarienbewohnern schaden k\u00f6nnte.<\/li>\n<\/ul>\n<p><strong>Achtung:<\/strong><\/p>\n<p>Das Harz wird feucht verkauft. Bewahren Sie es geschlossen auf, um ein Austrocknen zu verhindern. Das Gewicht kann aufgrund des Feuchtigkeitsgehalts variieren, da das Produkt nach Volumen und nicht nach Gewicht verkauft wird. <strong>LASSEN SIE DAS HARZ NICHT AUSTROCKNEN!<\/strong><\/p>\n<p>Jedes unserer Blue Life USA-Harze kann mithilfe von Regen FX regeneriert und sechs oder mehr Mal wiederverwendet werden.<\/p>\n<p>Ein 250-ml-Regen-FX-Regenerationsset kann bis zu vier 250-ml-Beutel eines beliebigen Blue Life FX-Harzes regenerieren.<\/p>\n<p>250 \u200b\u200bml Organic FX reichen f\u00fcr 475 Liter, w\u00e4hrend 500 ml f\u00fcr 945 Liter reichen.<\/p>\n","protected":false},"excerpt":{"rendered":"<p>Blue Life Organic FX 100% Organic Resin 500ml Helps eliminate\/prevent algae growth<\/p>\n","protected":false},"featured_media":81861,"template":"","meta":[],"pwb-brand":[2281],"product_cat":[1391,1492,515],"product_tag":[],"class_list":{"0":"post-86353","1":"product","2":"type-product","3":"status-publish","4":"has-post-thumbnail","6":"pwb-brand-blue-life","7":"product_cat-ergaenzungen","8":"product_cat-suesswasser","9":"product_cat-additives","10":"pa_inhoud-250-ml-de","11":"pa_inhoud-500-ml-de","12":"pa_show-myparcel-options-male-de","14":"first","15":"instock","16":"taxable","17":"shipping-taxable","18":"purchasable","19":"product-type-variable"},"acf":[],"brands":[{"id":2281,"name":"Blue Life","slug":"blue-life"}],"_links":{"self":[{"href":"https:\/\/www.seaflowerstore.com\/de\/wp-json\/wp\/v2\/product\/86353","targetHints":{"allow":["GET"]}}],"collection":[{"href":"https:\/\/www.seaflowerstore.com\/de\/wp-json\/wp\/v2\/product"}],"about":[{"href":"https:\/\/www.seaflowerstore.com\/de\/wp-json\/wp\/v2\/types\/product"}],"wp:featuredmedia":[{"embeddable":true,"href":"https:\/\/www.seaflowerstore.com\/de\/wp-json\/wp\/v2\/media\/81861"}],"wp:attachment":[{"href":"https:\/\/www.seaflowerstore.com\/de\/wp-json\/wp\/v2\/media?parent=86353"}],"wp:term":[{"taxonomy":"pwb-brand","embeddable":true,"href":"https:\/\/www.seaflowerstore.com\/de\/wp-json\/wp\/v2\/pwb-brand?post=86353"},{"taxonomy":"product_cat","embeddable":true,"href":"https:\/\/www.seaflowerstore.com\/de\/wp-json\/wp\/v2\/product_cat?post=86353"},{"taxonomy":"product_tag","embeddable":true,"href":"https:\/\/www.seaflowerstore.com\/de\/wp-json\/wp\/v2\/product_tag?post=86353"}],"curies":[{"name":"wp","href":"https:\/\/api.w.org\/{rel}","templated":true}]}}