{"id":86360,"date":"2019-06-25T14:15:12","date_gmt":"2019-06-25T12:15:12","guid":{"rendered":"https:\/\/www.seaflowerstore.com\/nl\/nitrate-fx\/"},"modified":"2026-01-06T22:58:00","modified_gmt":"2026-01-06T21:58:00","slug":"nitrate-fx","status":"publish","type":"product","link":"https:\/\/www.seaflowerstore.com\/de\/nitrate-fx\/","title":{"rendered":"Nitrate FX"},"content":{"rendered":"<h2>Blue Life Nitrate FX 250ml Safe and Effective Way to Lower Nitrates <strong>in marine and freshwater aquariums<\/strong><\/h2>\n<p><strong>Vorteile:<\/strong><\/p>\n<ul>\n<li>Verhindert \u00fcberm\u00e4\u00dfiges Algenwachstum<\/li>\n<li>Reduziert und verl\u00e4ngert Wartungsintervalle<\/li>\n<li>Kann mehrfach regeneriert werden<\/li>\n<li>Sichere und effektive Methode zur Senkung von Nitraten <strong>in Meer- und S\u00fc\u00dfwasseraquarien<\/strong><\/li>\n<\/ul>\n<p><strong>Anweisungen und Richtlinien:<\/strong><\/p>\n<ul>\n<li>Vor der ersten Verwendung sp\u00fclen Sie jeden Beutel Harz aus, indem Sie einen gleichm\u00e4\u00dfigen Strom S\u00fc\u00dfwasser (vorzugsweise RO) durchlaufen lassen, etwa 4 bis 5 Tassen; sch\u00fctten Sie das Wasser weg, wenn Sie fertig sind.<\/li>\n<li>Jede 250 ml Nitrate FX entfernen 10 ppm Nitrat in 475 Litern Wasser (oder 5 ppm pro 945 Liter), w\u00e4hrend 500 ml 20 ppm Nitrat in 475 Litern Wasser entfernen (oder 10 ppm pro 945 Liter).<\/li>\n<li>Die Wirksamkeit der Entfernung h\u00e4ngt direkt davon ab, wie lange das Harz mit dem Wasser in Kontakt ist. Durch Maximieren dieser Kontaktzeit k\u00f6nnen mehr Nitrate entfernt und die Gesamtqualit\u00e4t des Aquarienwassers verbessert werden. F\u00fcr optimale Ergebnisse wird empfohlen, Harze in einem Reaktor oder einem Druckbeh\u00e4lter zu verwenden.<\/li>\n<li>Nitrate FX kann mehrfach regeneriert werden und ist somit eine kosteng\u00fcnstige L\u00f6sung zur Reduzierung von Nitraten <strong>in Meer- und S\u00fc\u00dfwasseraquarien<\/strong>.<\/li>\n<\/ul>\n<p><strong>Anleitung zur Regeneration:<\/strong><\/p>\n<ul>\n<li>L\u00f6sen Sie 1 Blue Life USA Regeneration Kit in 2 Litern Wasser mit Raumtemperatur f\u00fcr jeweils 250 ml zu regenerierendes Harz in einem sauberen Eimer auf; geben Sie das Harz in den Eimer und r\u00fchren Sie um.<\/li>\n<li>Lassen Sie Nitrate FX mindestens 1 Stunde einweichen (f\u00fcr optimale Ergebnisse \u00fcber Nacht einweichen), w\u00e4hrend Sie die Beutel h\u00e4ufig sch\u00fctteln; dann aus der Regenerationsl\u00f6sung nehmen und vor der Wiederverwendung gr\u00fcndlich mit S\u00fc\u00dfwasser absp\u00fclen.<\/li>\n<li>Verwenden Sie zur Regeneration kein Bleichmittel, da dies das Adsorptionsharz dauerhaft sch\u00e4digt und den Aquarienbewohnern schaden k\u00f6nnte.<\/li>\n<\/ul>\n<p><strong>Achtung:<\/strong> Das Harz wird feucht verkauft. Bewahren Sie es geschlossen auf, um ein Austrocknen zu verhindern. Das Gewicht variiert aufgrund des Feuchtigkeitsgehalts und das Produkt wird nach Volumen und nicht nach Gewicht verkauft. <strong>LASSEN SIE DAS HARZ NICHT AUSTROCKNEN!<\/strong><\/p>\n<p>Jedes unserer Blue Life USA-Harze kann mit Regen FX regeneriert und 6 oder mehr Mal wiederverwendet werden. Ein 250-ml-Regen-FX-Regenerationsset kann bis zu 4 Beutel mit 250 ml eines beliebigen Blue Life FX-Harzes regenerieren.<\/p>\n<p>250 \u200b\u200bml Nitrate FX behandeln 475 Liter und 500 ml Nitrate FX behandeln 945 Liter.<\/p>\n","protected":false},"excerpt":{"rendered":"<p>Blue Life Nitrate FX 250ml Safe and Effective Way to Lower Nitrates <strong>in marine and freshwater aquariums<\/strong><\/p>\n","protected":false},"featured_media":81852,"template":"","meta":[],"pwb-brand":[2281],"product_cat":[1391,1453,1492,515],"product_tag":[],"class_list":{"0":"post-86360","1":"product","2":"type-product","3":"status-publish","4":"has-post-thumbnail","6":"pwb-brand-blue-life","7":"product_cat-ergaenzungen","8":"product_cat-nitrat-und-phosphatentferner","9":"product_cat-suesswasser","10":"product_cat-additives","11":"pa_inhoud-250-ml-de","12":"pa_inhoud-500-ml-de","13":"pa_show-myparcel-options-male-de","15":"first","16":"instock","17":"sale","18":"taxable","19":"shipping-taxable","20":"purchasable","21":"product-type-variable"},"acf":[],"brands":[{"id":2281,"name":"Blue Life","slug":"blue-life"}],"_links":{"self":[{"href":"https:\/\/www.seaflowerstore.com\/de\/wp-json\/wp\/v2\/product\/86360","targetHints":{"allow":["GET"]}}],"collection":[{"href":"https:\/\/www.seaflowerstore.com\/de\/wp-json\/wp\/v2\/product"}],"about":[{"href":"https:\/\/www.seaflowerstore.com\/de\/wp-json\/wp\/v2\/types\/product"}],"wp:featuredmedia":[{"embeddable":true,"href":"https:\/\/www.seaflowerstore.com\/de\/wp-json\/wp\/v2\/media\/81852"}],"wp:attachment":[{"href":"https:\/\/www.seaflowerstore.com\/de\/wp-json\/wp\/v2\/media?parent=86360"}],"wp:term":[{"taxonomy":"pwb-brand","embeddable":true,"href":"https:\/\/www.seaflowerstore.com\/de\/wp-json\/wp\/v2\/pwb-brand?post=86360"},{"taxonomy":"product_cat","embeddable":true,"href":"https:\/\/www.seaflowerstore.com\/de\/wp-json\/wp\/v2\/product_cat?post=86360"},{"taxonomy":"product_tag","embeddable":true,"href":"https:\/\/www.seaflowerstore.com\/de\/wp-json\/wp\/v2\/product_tag?post=86360"}],"curies":[{"name":"wp","href":"https:\/\/api.w.org\/{rel}","templated":true}]}}