{"id":86363,"date":"2019-06-25T08:56:09","date_gmt":"2019-06-25T06:56:09","guid":{"rendered":"https:\/\/www.seaflowerstore.com\/nl\/regen-fx-250ml-resin-regeneration-kit\/"},"modified":"2025-08-13T11:57:52","modified_gmt":"2025-08-13T09:57:52","slug":"regen-fx-250ml-resin-regeneration-kit","status":"publish","type":"product","link":"https:\/\/www.seaflowerstore.com\/de\/regen-fx-250ml-resin-regeneration-kit\/","title":{"rendered":"Regen FX 250ml Resin Regeneration kit"},"content":{"rendered":"<h2>Blue Life Regen FX 250ml Resin Regeneration kit<\/h2>\n<p>Regenerieren Sie alle Blue Fx-Harze mit unserem Regen Fx-Regenerationskit. Dieses Kit enth\u00e4lt ausreichend Regenerationsmaterial, um bis zu vier 500-ml-Gl\u00e4ser mit regenerierbaren Harzen von Blue Fx zu regenerieren.<\/p>\n<p><strong>Vorteile:<\/strong><\/p>\n<ul>\n<li>Entwickelt f\u00fcr die Verwendung mit regenerierbaren Harzmedien<\/li>\n<li>Erm\u00f6glicht die wiederholte Verwendung von Produkten<\/li>\n<li>Ungiftig<\/li>\n<li>Sicher in der Anwendung<\/li>\n<li>Komplett nat\u00fcrlich<\/li>\n<\/ul>\n<p>Ein 250-ml-Regen-Fx-Regenerationskit kann bis zu vier 250-ml-Beutel aller regenerierbaren Harzreihen von Blue Life USA auffrischen.<\/p>\n<p><strong>Anweisungen und Richtlinien:<\/strong><\/p>\n<ul>\n<li>Es ist ratsam, Gummi- oder Latexhandschuhe zu tragen, um Ihre H\u00e4nde vor dem Austrocknen nach l\u00e4ngerem Kontakt zu sch\u00fctzen, sobald das Produkt in L\u00f6sung ist.<\/li>\n<li>Gie\u00dfen Sie den Inhalt in 1\/2 Gallone (2 Liter) sauberes Trinkwasser oder mit RO\/DI behandeltes Wasser.<\/li>\n<li>3\u20135 Minuten lang oder bis zur vollst\u00e4ndigen Aufl\u00f6sung gelegentlich umr\u00fchren.<\/li>\n<li>Nehmen Sie den Blue Life USA-Medienbeutel (Phos Fx, Organic Fx, Nitrate Fx, Softener Fx) aus Ihrem Filterbeh\u00e4lter und sp\u00fclen Sie ihn 1 Minute lang mit sauberem Trinkwasser oder mit RO\/DI behandeltem Wasser aus, w\u00e4hrend Sie ihn sanft massieren. Dieser Sp\u00fclschritt hilft dabei, alle Feststoffe zu entfernen, die m\u00f6glicherweise in den Medienbeutel gelangt sind.<\/li>\n<li>Nach dem Sp\u00fclen legen Sie den Medienbeutel in Ihre 2-Liter-Regenerationsl\u00f6sung und lassen Sie ihn mindestens 1 Stunde einweichen (f\u00fcr optimale Ergebnisse wird ein Einweichen \u00fcber Nacht empfohlen), wobei Sie den Medienbeutel h\u00e4ufig sanft mit der Hand massieren.<\/li>\n<li>Sp\u00fclen Sie den Medienbeutel bis zu 1 Minute lang mit sauberem Trinkwasser oder R.O\/D.I-Wasser aus.<\/li>\n<li>Legen Sie den Medienbeutel zur\u00fcck in Ihren Filterbeh\u00e4lter und nehmen Sie den normalen Betrieb wieder auf.<\/li>\n<li>Entsorgen Sie die Regenerationsl\u00f6sung in Ihrem Waschbecken oder Ihrer Toilette; Sie k\u00f6nnen sie v\u00f6llig bedenkenlos in den Abfluss Ihres Waschbeckens gie\u00dfen.<\/li>\n<\/ul>\n<p><strong>Lassen Sie Ihren Medienbeutel nicht austrocknen, da er sonst unbrauchbar wird.<\/strong><\/p>\n<p>Ein Kit kann bis zu vier Beutel mit jedem Blue Life Resin Media regenerieren, vorausgesetzt, jeder Beutel hat ausreichend Kontakt mit den 2 Litern der gemischten L\u00f6sung. Regenerierbare Harze von Blue Life k\u00f6nnen sechs oder mehr Mal aufgefrischt werden. Bitte stellen Sie die Verwendung von regeneriertem Harz ein, wenn Sie eine nachlassende Leistung feststellen.<\/p>\n<p><strong>Achtung:<\/strong> Regen Fx enth\u00e4lt Karbonatsalze, die bei Verschlucken sch\u00e4dlich sind. Bei Verschlucken Wasser zuf\u00fchren und \u00e4rztliche Hilfe aufsuchen. Es kann Augen- oder Hautreizungen verursachen. Bei Augenkontakt 15 Minuten mit Wasser sp\u00fclen und \u00e4rztliche Hilfe aufsuchen. Bei Hautkontakt gr\u00fcndlich mit Wasser abwaschen. Au\u00dferhalb der Reichweite von Kindern aufbewahren. Dieses Produkt ist nicht f\u00fcr den menschlichen Verzehr bestimmt. LASSEN SIE DAS HARZ NICHT AUSTROCKNEN!<\/p>\n","protected":false},"excerpt":{"rendered":"<p>Regenerate all the Blue Fx resins with our Regen Fx regeneration kit. This kit provides enough regeneration material to regenerate up to 4 500 ML jars of Blue Fx regenerable resins.<\/p>\n","protected":false},"featured_media":81850,"template":"","meta":[],"pwb-brand":[2281],"product_cat":[1453,1391,1492],"product_tag":[],"class_list":{"0":"post-86363","1":"product","2":"type-product","3":"status-publish","4":"has-post-thumbnail","6":"pwb-brand-blue-life","7":"product_cat-nitrat-und-phosphatentferner","8":"product_cat-ergaenzungen","9":"product_cat-suesswasser","10":"pa_show-myparcel-options-male-de","12":"first","13":"instock","14":"taxable","15":"shipping-taxable","16":"purchasable","17":"product-type-simple"},"acf":[],"brands":[{"id":2281,"name":"Blue Life","slug":"blue-life"}],"_links":{"self":[{"href":"https:\/\/www.seaflowerstore.com\/de\/wp-json\/wp\/v2\/product\/86363","targetHints":{"allow":["GET"]}}],"collection":[{"href":"https:\/\/www.seaflowerstore.com\/de\/wp-json\/wp\/v2\/product"}],"about":[{"href":"https:\/\/www.seaflowerstore.com\/de\/wp-json\/wp\/v2\/types\/product"}],"wp:featuredmedia":[{"embeddable":true,"href":"https:\/\/www.seaflowerstore.com\/de\/wp-json\/wp\/v2\/media\/81850"}],"wp:attachment":[{"href":"https:\/\/www.seaflowerstore.com\/de\/wp-json\/wp\/v2\/media?parent=86363"}],"wp:term":[{"taxonomy":"pwb-brand","embeddable":true,"href":"https:\/\/www.seaflowerstore.com\/de\/wp-json\/wp\/v2\/pwb-brand?post=86363"},{"taxonomy":"product_cat","embeddable":true,"href":"https:\/\/www.seaflowerstore.com\/de\/wp-json\/wp\/v2\/product_cat?post=86363"},{"taxonomy":"product_tag","embeddable":true,"href":"https:\/\/www.seaflowerstore.com\/de\/wp-json\/wp\/v2\/product_tag?post=86363"}],"curies":[{"name":"wp","href":"https:\/\/api.w.org\/{rel}","templated":true}]}}