{"id":86366,"date":"2019-06-24T20:33:17","date_gmt":"2019-06-24T18:33:17","guid":{"rendered":"https:\/\/www.seaflowerstore.com\/nl\/vca-multi-tube-clips-seafoam-white\/"},"modified":"2024-03-20T17:05:15","modified_gmt":"2024-03-20T16:05:15","slug":"vca-multi-tube-clips-seafoam-white","status":"publish","type":"product","link":"https:\/\/www.seaflowerstore.com\/de\/vca-multi-tube-clips-seafoam-white\/","title":{"rendered":"VCA Multi Tube clips Seafoam White"},"content":{"rendered":"<h2>VCA Multi Tube clips Seafoam White Get your Airline and dosing tubes under control<\/h2>\n<p>Bringen Sie Ordnung in Ihre Luftleitungen und Dosierschl\u00e4uche mit dem MTC-Kit. Dieses Kit passt auf Standardschl\u00e4uche aus Vinyl, Silikon und Polyethylen mit 1\/4 Zoll.<\/p>\n<p><strong>Das 15-teilige Kit enth\u00e4lt:<\/strong><\/p>\n<ul>\n<li>6 x 4-Stationen-Clips<\/li>\n<li>3 x 3-Stationen-Clips<\/li>\n<li>6 x 2-Stationen-Clips<\/li>\n<\/ul>\n<p><strong>Perfekt f\u00fcr:<\/strong><\/p>\n<ul>\n<li><strong>Organisation Ihrer Dosierleitung:<\/strong> Viele Riffaquarien verwenden automatische Dosierung f\u00fcr Alkalinit\u00e4t, Kalzium und Magnesium. Verwenden Sie die Multi-Schlauchclips, um Ihre Dosierleitungen ordentlich und aus dem Weg zu halten. Sie k\u00f6nnen Ihre Leitungen sogar farblich kennzeichnen, um sie leicht zu identifizieren.<\/li>\n<li><strong>Zusammenklemmen von Luftleitungen:<\/strong> S\u00fc\u00dfwasser- und sogar einige Salzwasseraquarien haben in der Regel viele Luftleitungen. Mit den MTC-Kits k\u00f6nnen Sie diese Leitungen zusammenklemmen und ordentlich halten.<\/li>\n<li><strong>RO\/DI-Leitungen verwalten:<\/strong> Jedes RO\/DI-System hat eine Vielzahl von 1\/4-Zoll-Schl\u00e4uchen, die in verschiedene Richtungen verlaufen. Die Multi-Tube-Clips k\u00f6nnen helfen, dieses Durcheinander zu beseitigen.<\/li>\n<li><strong>Beleuchtungskabel organisieren:<\/strong> Verwenden Sie die MTC-Clips, um Ihre Radion- oder Aqua Illumination-Stromkabel zusammenzufassen. Wenn mehr als zwei Lampen \u00fcber Ihrem Tank h\u00e4ngen, k\u00f6nnen die Kabel ziemlich st\u00f6rend sein. Mit den MTC-Clips k\u00f6nnen Sie sie zusammenklemmen, um ein saubereres Aussehen zu erzielen.<\/li>\n<li><strong>Besser als Kabelbinder:<\/strong> M\u00fcssen Sie eine Leitung ersetzen? Kein Problem. Mit den MTC-Clips k\u00f6nnen Sie eine Leitung einfach entfernen und ersetzen, ohne alle Kabelbinder l\u00f6sen zu m\u00fcssen.<\/li>\n<\/ul>\n","protected":false},"excerpt":{"rendered":"<p>VCA Multi Tube clips Seafoam White Get your Airline and dosing tubes under control<\/p>\n","protected":false},"featured_media":81838,"template":"","meta":[],"pwb-brand":[2269],"product_cat":[1431,1585,1435,1429],"product_tag":[],"class_list":{"0":"post-86366","1":"product","2":"type-product","3":"status-publish","4":"has-post-thumbnail","6":"pwb-brand-vca","7":"product_cat-nuetzliche-artikel","8":"product_cat-schlauchklemmen","9":"product_cat-silikonschlaeuche","10":"product_cat-vivid-creative-aquatics-de","11":"pa_show-myparcel-options-male-de","13":"first","14":"instock","15":"sale","16":"taxable","17":"shipping-taxable","18":"purchasable","19":"product-type-simple"},"acf":[],"brands":[{"id":2269,"name":"VCA","slug":"vca"}],"_links":{"self":[{"href":"https:\/\/www.seaflowerstore.com\/de\/wp-json\/wp\/v2\/product\/86366","targetHints":{"allow":["GET"]}}],"collection":[{"href":"https:\/\/www.seaflowerstore.com\/de\/wp-json\/wp\/v2\/product"}],"about":[{"href":"https:\/\/www.seaflowerstore.com\/de\/wp-json\/wp\/v2\/types\/product"}],"wp:featuredmedia":[{"embeddable":true,"href":"https:\/\/www.seaflowerstore.com\/de\/wp-json\/wp\/v2\/media\/81838"}],"wp:attachment":[{"href":"https:\/\/www.seaflowerstore.com\/de\/wp-json\/wp\/v2\/media?parent=86366"}],"wp:term":[{"taxonomy":"pwb-brand","embeddable":true,"href":"https:\/\/www.seaflowerstore.com\/de\/wp-json\/wp\/v2\/pwb-brand?post=86366"},{"taxonomy":"product_cat","embeddable":true,"href":"https:\/\/www.seaflowerstore.com\/de\/wp-json\/wp\/v2\/product_cat?post=86366"},{"taxonomy":"product_tag","embeddable":true,"href":"https:\/\/www.seaflowerstore.com\/de\/wp-json\/wp\/v2\/product_tag?post=86366"}],"curies":[{"name":"wp","href":"https:\/\/api.w.org\/{rel}","templated":true}]}}