{"id":86368,"date":"2019-06-24T19:27:38","date_gmt":"2019-06-24T17:27:38","guid":{"rendered":"https:\/\/www.seaflowerstore.com\/nl\/phos-fx\/"},"modified":"2026-01-06T22:58:00","modified_gmt":"2026-01-06T21:58:00","slug":"phos-fx","status":"publish","type":"product","link":"https:\/\/www.seaflowerstore.com\/de\/phos-fx\/","title":{"rendered":"Phos FX"},"content":{"rendered":"<h2>Blue Life Phos FX Most cost effective phosphate media on the market<\/h2>\n<p>Phos FX gilt als das kosteng\u00fcnstigste Phosphatmedium auf dem Markt. Hier sind einige seiner herausragenden Eigenschaften:<\/p>\n<ul>\n<li>Kosteng\u00fcnstigstes Phosphatmedium auf dem Markt<\/li>\n<li>H\u00f6chste Adsorptionskapazit\u00e4t<\/li>\n<li>Schnelle Adsorption, doppelt so schnell wie GFO<\/li>\n<li>Kein Verklumpen oder Zerfallen<\/li>\n<li>Wird niemals auslaugen!<\/li>\n<li>Kugelf\u00f6rmige Perlen erm\u00f6glichen eine ausgezeichnete Kontaktzeit<\/li>\n<li>Langlebig und haltbar<\/li>\n<li>Sicher f\u00fcr S\u00fc\u00df- und Salzwasserumgebungen<\/li>\n<li>Kann sechs oder mehr Mal regeneriert werden!<\/li>\n<\/ul>\n<h4><strong>Anweisungen und Richtlinien<\/strong><\/h4>\n<p>PHOS FX ist ein au\u00dfergew\u00f6hnliches makropor\u00f6ses Phosphatentfernungsharz, das sowohl f\u00fcr S\u00fc\u00df- als auch f\u00fcr Salzwasserumgebungen geeignet ist. Seine hohe Kapazit\u00e4t, die langlebigen Perlen und die einfache Regeneration machen es zum kosteng\u00fcnstigsten Phosphatentfernungsmedium auf dem Markt. PHOS FX hat eine beispiellose F\u00e4higkeit, Phosphate schnell und sicher zu adsorbieren. Lassen Sie Ihr Aquarium nicht Opfer von Algenbl\u00fcten und Korallenschwund werden. Sch\u00fctzen Sie Ihr Aquarium mit PHOS FX!<\/p>\n<p>Das 250-ml-Kit entfernt 5 ppm Phosphate in 950 Litern und 10 ppm in 475 Litern. Das 500-ml-Kit entfernt 5 ppm Phosphate in 1900 Litern und 10 ppm in 950 Litern.<\/p>\n<h4><strong>Anleitung:<\/strong><\/h4>\n<p>Vor der Verwendung sp\u00fclen Sie Phos FX einige Sekunden lang unter gereinigtem Wasser ab. Es kann in einem Kanisterfilter, Medienreaktor, Filterkasten oder jedem Bereich mit hohem Durchfluss in Ihrem Sumpf verwendet werden. Verwenden Sie den mitgelieferten Medienbeutel und den Kabelbinder, wenn es nicht in einem Reaktor verwendet wird. Verwenden Sie Phos FX in Ihrem System, bis Sie den gew\u00fcnschten Phosphatgehalt erreicht haben. Entfernen Sie dann den Beutel, sp\u00fclen Sie ihn aus und verschlie\u00dfen Sie ihn wieder in einem luftdichten Beh\u00e4lter, um ein Austrocknen zu verhindern. Wir empfehlen, den Phosphatgehalt innerhalb von 24 Stunden nicht um mehr als 0,5 ppm zu senken. F\u00fcr Riffaquarien empfehlen wir einen Po4-Wert zwischen 0,05 ppm und 0,08 ppm. Da jedoch alle Systeme unterschiedlich sind, verwenden Sie dies nur als Richtlinie. Sobald das Produkt aufgebraucht ist, kann es sechsmal oder \u00f6fter regeneriert werden. Die Regeneration ist mit REGEN FX von Blue Life USA schnell und einfach. Bitte achten Sie darauf, dass das Harz nicht austrocknet!<\/p>\n<p><strong>Blue FX-Harze sind fortschrittliche regenerierbare Adsorptionsharze, die eine neue umweltfreundliche Weiterentwicklung bei Aquarienprodukten darstellen.<\/strong> Die regenerierbaren Produkte von Blue Life USA, darunter Nitrate FX, Phos FX und Organic FX-Harze, sind sowohl mit S\u00fc\u00df- als auch mit Salzwasseraquarien aller Gr\u00f6\u00dfen kompatibel. Softener FX ist das einzige ausschlie\u00dflich f\u00fcr S\u00fc\u00dfwasser geeignete Harz in der Blue FX Resin-Reihe. Dieses einfach zu verwendende Medium bietet den kosteng\u00fcnstigsten Ansatz zur Aquarienfilterung aller Zeiten.<\/p>\n<p><strong>Alle Harze sind mehrfach regenerierbar und das Regen FX-Kit kann bis zu vier Harzmedienbeutel gleichzeitig regenerieren.<\/strong><\/p>\n<p><a title=\"Produktblatt\" href=\"https:\/\/bluelifeusa.com\/wp-content\/uploads\/2018\/03\/phos-FX-slick.pdf\" target=\"_blank\" rel=\"noopener nofollow\"><strong>Produktblatt<\/strong><\/a><\/p>\n","protected":false},"excerpt":{"rendered":"<p>Blue Life Phos FX most cost effective phosphate media on the market for fresh and saltwater aquaria<\/p>\n","protected":false},"featured_media":81830,"template":"","meta":[],"pwb-brand":[2281],"product_cat":[1391,1453,1492,515],"product_tag":[],"class_list":{"0":"post-86368","1":"product","2":"type-product","3":"status-publish","4":"has-post-thumbnail","6":"pwb-brand-blue-life","7":"product_cat-ergaenzungen","8":"product_cat-nitrat-und-phosphatentferner","9":"product_cat-suesswasser","10":"product_cat-additives","11":"pa_inhoud-250-ml-de","12":"pa_inhoud-500-ml-de","13":"pa_show-myparcel-options-male-de","15":"first","16":"instock","17":"taxable","18":"shipping-taxable","19":"purchasable","20":"product-type-variable"},"acf":[],"brands":[{"id":2281,"name":"Blue Life","slug":"blue-life"}],"_links":{"self":[{"href":"https:\/\/www.seaflowerstore.com\/de\/wp-json\/wp\/v2\/product\/86368","targetHints":{"allow":["GET"]}}],"collection":[{"href":"https:\/\/www.seaflowerstore.com\/de\/wp-json\/wp\/v2\/product"}],"about":[{"href":"https:\/\/www.seaflowerstore.com\/de\/wp-json\/wp\/v2\/types\/product"}],"wp:featuredmedia":[{"embeddable":true,"href":"https:\/\/www.seaflowerstore.com\/de\/wp-json\/wp\/v2\/media\/81830"}],"wp:attachment":[{"href":"https:\/\/www.seaflowerstore.com\/de\/wp-json\/wp\/v2\/media?parent=86368"}],"wp:term":[{"taxonomy":"pwb-brand","embeddable":true,"href":"https:\/\/www.seaflowerstore.com\/de\/wp-json\/wp\/v2\/pwb-brand?post=86368"},{"taxonomy":"product_cat","embeddable":true,"href":"https:\/\/www.seaflowerstore.com\/de\/wp-json\/wp\/v2\/product_cat?post=86368"},{"taxonomy":"product_tag","embeddable":true,"href":"https:\/\/www.seaflowerstore.com\/de\/wp-json\/wp\/v2\/product_tag?post=86368"}],"curies":[{"name":"wp","href":"https:\/\/api.w.org\/{rel}","templated":true}]}}