{"id":86371,"date":"2019-06-23T16:42:42","date_gmt":"2019-06-23T14:42:42","guid":{"rendered":"https:\/\/www.seaflowerstore.com\/nl\/flatworm-rx\/"},"modified":"2025-12-16T10:03:35","modified_gmt":"2025-12-16T09:03:35","slug":"flatworm-rx","status":"publish","type":"product","link":"https:\/\/www.seaflowerstore.com\/de\/flatworm-rx\/","title":{"rendered":"Flatworm RX"},"content":{"rendered":"<h2>Blue Life Flatworm RX is an exceptionally fast, safe and effective treatment for flatworms in your reef or fish only saltwater aquarium<\/h2>\n<p><strong>Blue Life Flatworm RX<\/strong> bietet eine schnelle, sichere und effektive L\u00f6sung f\u00fcr Plattw\u00fcrmer in Ihrem Riff- oder Salzwasseraquarium, in dem nur Fische leben. Dieses innovative Produkt hilft, die biologischen Prozesse Ihres Aquariums aufrechtzuerhalten und verhindert durch Plattw\u00fcrmer verursachte Korallendegeneration. Die leistungsstarke L\u00f6sung ist darauf ausgelegt, die schwierigen Bereiche mit geringer Str\u00f6mung zwischen Korallen und hinter Steinen zu erreichen. Und das Beste: Sie enth\u00e4lt keine sch\u00e4dlichen Chemikalien, Antibiotika oder Pestizide. Sie ist riffsicher und einfach zu verwenden.<\/p>\n<p><strong>So bereiten Sie das Produkt vor:<\/strong><\/p>\n<ul>\n<li>Flatworm RX wird in Pulverform geliefert, um bei der ersten Verwendung maximale Wirksamkeit zu gew\u00e4hrleisten.<\/li>\n<li>Entfernen Sie den Schraubverschluss von der Flasche.<\/li>\n<li>F\u00fcllen Sie die mitgelieferte Flasche vorsichtig mit R.O.-Wasser (Umkehrosmose), sodass sie zu etwa 98 % gef\u00fcllt ist. Denken Sie daran, etwas Platz f\u00fcr die Tropfspitze zu lassen.<\/li>\n<li>Setzen Sie die mitgelieferte Tropfspitze auf die Flaschen\u00f6ffnung.<\/li>\n<li>Ziehen Sie die Schraubkappe fest \u00fcber die Tropfspitze.<\/li>\n<li>Sch\u00fctteln Sie die Flasche gut, bis sich das Pulver vollst\u00e4ndig aufgel\u00f6st hat und nicht mehr sichtbar ist.<\/li>\n<\/ul>\n<p>Das Produkt ist nun gebrauchsfertig.<\/p>\n<p><strong>Anwendung des Produkts:<\/strong><\/p>\n<ul>\n<li>Saugnen Sie vor der Dosierung so viele Plattw\u00fcrmer wie m\u00f6glich ab.<\/li>\n<li>F\u00fcgen Sie 4 Tropfen Flatworm RX pro 38 Liter (10 Gallonen) Wasser hinzu.<\/li>\n<li>Verabreichen Sie nicht mehr als eine Behandlung innerhalb von 24 Stunden.<\/li>\n<li>F\u00fcr optimale Ergebnisse geben Sie die L\u00f6sung in Bereichen mit hohem Durchfluss tropfenweise hinzu.<\/li>\n<li>Verwenden Sie w\u00e4hrend der Zugabe weiterhin Kohlenstoff- oder Eiwei\u00dfabsch\u00e4umung. Produkt.<\/li>\n<li>Beachten Sie, dass Plattw\u00fcrmer f\u00fcr Aquarienbewohner hochgiftig sind.<\/li>\n<li>Sobald Sie Ergebnisse sehen, ist es wichtig, einen Wasserwechsel von 25 % durchzuf\u00fchren und w\u00e4hrend des Wasserwechsels so viele Plattw\u00fcrmer wie m\u00f6glich abzusaugen.<\/li>\n<li>Wiederholen Sie die Behandlung bei Bedarf.<\/li>\n<\/ul>\n<p><strong>Enth\u00e4lt:<\/strong> 30 ml<\/p>\n<p><strong>Warnung:<\/strong> Dieses Produkt ist nicht f\u00fcr den menschlichen Verzehr bestimmt. Bitte bewahren Sie es au\u00dferhalb der Reichweite von Kindern auf. Bei Einnahme sofort einen Arzt oder eine Giftnotrufzentrale kontaktieren.<\/p>\n","protected":false},"excerpt":{"rendered":"<p>Blue Life Flatworm RX is an exceptionally fast, safe and effective treatment for flatworms in your reef or fish only saltwater aquarium<\/p>\n","protected":false},"featured_media":81828,"template":"","meta":[],"pwb-brand":[2281],"product_cat":[1390],"product_tag":[],"class_list":{"0":"post-86371","1":"product","2":"type-product","3":"status-publish","4":"has-post-thumbnail","6":"pwb-brand-blue-life","7":"product_cat-medikamente","8":"pa_show-myparcel-options-male-de","10":"first","11":"instock","12":"taxable","13":"shipping-taxable","14":"purchasable","15":"product-type-simple"},"acf":[],"brands":[{"id":2281,"name":"Blue Life","slug":"blue-life"}],"_links":{"self":[{"href":"https:\/\/www.seaflowerstore.com\/de\/wp-json\/wp\/v2\/product\/86371","targetHints":{"allow":["GET"]}}],"collection":[{"href":"https:\/\/www.seaflowerstore.com\/de\/wp-json\/wp\/v2\/product"}],"about":[{"href":"https:\/\/www.seaflowerstore.com\/de\/wp-json\/wp\/v2\/types\/product"}],"wp:featuredmedia":[{"embeddable":true,"href":"https:\/\/www.seaflowerstore.com\/de\/wp-json\/wp\/v2\/media\/81828"}],"wp:attachment":[{"href":"https:\/\/www.seaflowerstore.com\/de\/wp-json\/wp\/v2\/media?parent=86371"}],"wp:term":[{"taxonomy":"pwb-brand","embeddable":true,"href":"https:\/\/www.seaflowerstore.com\/de\/wp-json\/wp\/v2\/pwb-brand?post=86371"},{"taxonomy":"product_cat","embeddable":true,"href":"https:\/\/www.seaflowerstore.com\/de\/wp-json\/wp\/v2\/product_cat?post=86371"},{"taxonomy":"product_tag","embeddable":true,"href":"https:\/\/www.seaflowerstore.com\/de\/wp-json\/wp\/v2\/product_tag?post=86371"}],"curies":[{"name":"wp","href":"https:\/\/api.w.org\/{rel}","templated":true}]}}