{"id":86372,"date":"2019-06-23T16:20:58","date_gmt":"2019-06-23T14:20:58","guid":{"rendered":"https:\/\/www.seaflowerstore.com\/nl\/combo-pack-red-cyano-rx-phosphate-rx\/"},"modified":"2025-04-14T12:19:10","modified_gmt":"2025-04-14T10:19:10","slug":"combo-pack-red-cyano-rx-phosphate-rx","status":"publish","type":"product","link":"https:\/\/www.seaflowerstore.com\/de\/combo-pack-red-cyano-rx-phosphate-rx\/","title":{"rendered":"Combo Pack Red Cyano RX  &amp; Phosphate RX"},"content":{"rendered":"<h2>Blue Life Combo Pack Red Cyano RX &amp; Phosphate RX<\/h2>\n<p><strong>Blue Vet RX<\/strong> wurde entwickelt, um Cyano-Probleme effektiv anzugehen. Das Produkt <strong>Red Cyano RX<\/strong> zielt speziell auf Cyanobakterienprobleme ab und bek\u00e4mpft diese, w\u00e4hrend <strong>Phosphate RX<\/strong> hilft, den Phosphatgehalt in Ihrem Aquarium zu senken.<\/p>\n<p>Die Verwendung dieses Kombipakets kann zu einer ges\u00fcnderen Wasserumgebung f\u00fchren und Ihren Fischen und Korallen das Gedeihen erleichtern. Es ist eine gro\u00dfartige Wahl f\u00fcr alle, die ein ausgewogenes und lebendiges Aquarium pflegen m\u00f6chten.<\/p>\n","protected":false},"excerpt":{"rendered":"<p>Blue Life Combo Pack Red Cyano RX &amp; Phosphate RX for removal cyano and phosphate issues<\/p>\n","protected":false},"featured_media":81826,"template":"","meta":[],"pwb-brand":[2281],"product_cat":[1531,1453],"product_tag":[],"class_list":{"0":"post-86372","1":"product","2":"type-product","3":"status-publish","4":"has-post-thumbnail","6":"pwb-brand-blue-life","7":"product_cat-cyano-kontrolle","8":"product_cat-nitrat-und-phosphatentferner","9":"pa_show-myparcel-options-male-de","11":"first","12":"instock","13":"taxable","14":"shipping-taxable","15":"purchasable","16":"product-type-simple"},"acf":[],"brands":[{"id":2281,"name":"Blue Life","slug":"blue-life"}],"_links":{"self":[{"href":"https:\/\/www.seaflowerstore.com\/de\/wp-json\/wp\/v2\/product\/86372","targetHints":{"allow":["GET"]}}],"collection":[{"href":"https:\/\/www.seaflowerstore.com\/de\/wp-json\/wp\/v2\/product"}],"about":[{"href":"https:\/\/www.seaflowerstore.com\/de\/wp-json\/wp\/v2\/types\/product"}],"wp:featuredmedia":[{"embeddable":true,"href":"https:\/\/www.seaflowerstore.com\/de\/wp-json\/wp\/v2\/media\/81826"}],"wp:attachment":[{"href":"https:\/\/www.seaflowerstore.com\/de\/wp-json\/wp\/v2\/media?parent=86372"}],"wp:term":[{"taxonomy":"pwb-brand","embeddable":true,"href":"https:\/\/www.seaflowerstore.com\/de\/wp-json\/wp\/v2\/pwb-brand?post=86372"},{"taxonomy":"product_cat","embeddable":true,"href":"https:\/\/www.seaflowerstore.com\/de\/wp-json\/wp\/v2\/product_cat?post=86372"},{"taxonomy":"product_tag","embeddable":true,"href":"https:\/\/www.seaflowerstore.com\/de\/wp-json\/wp\/v2\/product_tag?post=86372"}],"curies":[{"name":"wp","href":"https:\/\/api.w.org\/{rel}","templated":true}]}}