{"id":86373,"date":"2019-06-23T16:09:45","date_gmt":"2019-06-23T14:09:45","guid":{"rendered":"https:\/\/www.seaflowerstore.com\/nl\/phosphate-rx\/"},"modified":"2025-05-24T18:59:49","modified_gmt":"2025-05-24T16:59:49","slug":"phosphate-rx","status":"publish","type":"product","link":"https:\/\/www.seaflowerstore.com\/de\/phosphate-rx\/","title":{"rendered":"Phosphate RX"},"content":{"rendered":"<h2>Blue Life Phosphate RX is an amazingly simple and effective product that has revolutionized the way phosphates are removed from saltwater and freshwater aquariums<\/h2>\n<p>Blue Vet RX Phosphate RX ist eine unkomplizierte und effektive L\u00f6sung, die die Art und Weise ver\u00e4ndert, wie Phosphate aus Salz- und S\u00fc\u00dfwasseraquarien entfernt werden. Wenn Sie diese Formel Ihrem Aquarium hinzuf\u00fcgen, bindet sie sich schnell an Phosphatmolek\u00fcle, macht sie inaktiv und kann leicht herausgefiltert werden.<\/p>\n<p>Die regelm\u00e4\u00dfige Verwendung von Phosphate RX steigert die Vitalit\u00e4t, Farbe und das Wachstum der Bewohner Ihres Aquariums. Dieses Produkt ist von Tier\u00e4rzten zugelassen und hat das Vertrauen f\u00fchrender \u00f6ffentlicher Aquarien, Viehgro\u00dfh\u00e4ndler, Einzelh\u00e4ndler und Hobbyisten gleicherma\u00dfen gewonnen. Es ist riffsicher, wird in einer fl\u00fcssigen L\u00f6sung geliefert und ist sowohl schnell als auch effektiv.<\/p>\n<p><strong>So verwenden Sie das Produkt:<\/strong><\/p>\n<ul>\n<li><strong>Testen Sie vor der Verwendung den Phosphatgehalt Ihres Aquariums.<\/strong> Es wird empfohlen, den Phosphatgehalt unter 0,03 ppm zu halten.<\/li>\n<li>Sechs Tropfen Phosphate Control reduzieren Ihren Phosphatgehalt um 0,5 ppm pro 10 Gallonen (37,9 l) Wasser.<\/li>\n<li><strong>Senken Sie Ihren Phosphatgehalt innerhalb von 24 Stunden nicht um mehr als 0,5 ppm.<\/strong><\/li>\n<li>F\u00fcr optimale Ergebnisse geben Sie die Tropfen direkt in Ihren Eiwei\u00dfabsch\u00e4umer oder f\u00fcgen Sie sie tropfenweise in Bereiche mit hohem Durchfluss hinzu.<\/li>\n<li>Nach Zugabe dieses Produkts kann eine vor\u00fcbergehende Tr\u00fcbung auftreten, die jedoch innerhalb von 24 Stunden verschwindet.<\/li>\n<li>Um genaue Ergebnisse zu erhalten, warten Sie 24 Stunden, bevor Sie Ihren Phosphatgehalt erneut testen Niveau.<\/li>\n<li>Warten Sie zehn Minuten, bevor Sie andere Nahrungserg\u00e4nzungsmittel verabreichen.<\/li>\n<li>Testen Sie regelm\u00e4\u00dfig und behandeln Sie nach Bedarf.<\/li>\n<\/ul>\n<p><strong>Warnung:<\/strong> Dieses Produkt ist nicht f\u00fcr den menschlichen Verzehr bestimmt. Bitte bewahren Sie es au\u00dferhalb der Reichweite von Kindern auf. Bei Einnahme sofort einen Arzt oder eine Giftnotrufzentrale kontaktieren.<\/p>\n","protected":false},"excerpt":{"rendered":"<p>Phosphate RX is an amazingly simple and effective product that has revolutionized the way phosphates are removed from saltwater and freshwater aquariums<\/p>\n","protected":false},"featured_media":81825,"template":"","meta":[],"pwb-brand":[2281],"product_cat":[1453,1486],"product_tag":[],"class_list":{"0":"post-86373","1":"product","2":"type-product","3":"status-publish","4":"has-post-thumbnail","6":"pwb-brand-blue-life","7":"product_cat-nitrat-und-phosphatentferner","8":"product_cat-zusatzstoffe","9":"pa_show-myparcel-options-male-de","11":"first","12":"instock","13":"sale","14":"taxable","15":"shipping-taxable","16":"purchasable","17":"product-type-simple"},"acf":[],"brands":[{"id":2281,"name":"Blue Life","slug":"blue-life"}],"_links":{"self":[{"href":"https:\/\/www.seaflowerstore.com\/de\/wp-json\/wp\/v2\/product\/86373","targetHints":{"allow":["GET"]}}],"collection":[{"href":"https:\/\/www.seaflowerstore.com\/de\/wp-json\/wp\/v2\/product"}],"about":[{"href":"https:\/\/www.seaflowerstore.com\/de\/wp-json\/wp\/v2\/types\/product"}],"wp:featuredmedia":[{"embeddable":true,"href":"https:\/\/www.seaflowerstore.com\/de\/wp-json\/wp\/v2\/media\/81825"}],"wp:attachment":[{"href":"https:\/\/www.seaflowerstore.com\/de\/wp-json\/wp\/v2\/media?parent=86373"}],"wp:term":[{"taxonomy":"pwb-brand","embeddable":true,"href":"https:\/\/www.seaflowerstore.com\/de\/wp-json\/wp\/v2\/pwb-brand?post=86373"},{"taxonomy":"product_cat","embeddable":true,"href":"https:\/\/www.seaflowerstore.com\/de\/wp-json\/wp\/v2\/product_cat?post=86373"},{"taxonomy":"product_tag","embeddable":true,"href":"https:\/\/www.seaflowerstore.com\/de\/wp-json\/wp\/v2\/product_tag?post=86373"}],"curies":[{"name":"wp","href":"https:\/\/api.w.org\/{rel}","templated":true}]}}