{"id":86374,"date":"2019-06-23T16:02:58","date_gmt":"2019-06-23T14:02:58","guid":{"rendered":"https:\/\/www.seaflowerstore.com\/nl\/fish-flux-rx-4000mg-760ltr\/"},"modified":"2024-12-06T08:23:29","modified_gmt":"2024-12-06T07:23:29","slug":"fish-flux-rx-4000mg-760ltr","status":"publish","type":"product","link":"https:\/\/www.seaflowerstore.com\/de\/fish-flux-rx-4000mg-760ltr\/","title":{"rendered":"Fish Flux RX 4000mg 760ltr"},"content":{"rendered":"<h2>Fish Flux RX 4000mg 760ltr<\/h2>\n<p><strong>Blue Life Fish Flux RX<\/strong> ist ein Antimykotikum, das speziell zur Behandlung von topischen und systemischen Pilzinfektionen bei Zierfischen entwickelt wurde. Es wird h\u00e4ufig in Aquarien verwendet, um Pilzprobleme zu behandeln, die anf\u00e4llig f\u00fcr Fluconazol sind, wie <em>Ichthyophonus hoferi<\/em> und <em>Saprolegnia<\/em>-Pilze.<\/p>\n<p><strong>So bereiten Sie das Produkt vor:<\/strong><\/p>\n<ul>\n<li>Schalten Sie den Absch\u00e4umer aus.<\/li>\n<li>Stellen Sie die Verwendung von Aktivkohle und Phosphat-Entferner 72 Stunden lang ein. Sie k\u00f6nnen diese nach 72 Stunden wieder aufnehmen, aber alle anderen chemischen Filter sollten w\u00e4hrend der Behandlung entfernt werden.<\/li>\n<li>Zur Reinigung des Aquariums wird die Verwendung von Filterbeuteln empfohlen.<\/li>\n<li>Verwenden Sie dieses Produkt nicht, wenn Sie Makroalgen oder ein Refugium haben.<\/li>\n<li>Warten Sie 10 bis 14 Tage, bis Ergebnisse sichtbar werden.<\/li>\n<\/ul>\n<p><strong>So verwenden Sie das Produkt:<\/strong><\/p>\n<ul>\n<li>Schalten Sie den Absch\u00e4umer aus und verwenden Sie keinen Aktivkohle- und Phosphat-Entferner mehr, bis die Behandlung abgeschlossen ist.<\/li>\n<li>Geben Sie pro 5 Gallonen zu behandelndem Wasser 100 mg des Medikaments in das Aquarium.<\/li>\n<li>Wiederholen Sie diesen Vorgang an 5 aufeinanderfolgenden Tagen alle 24 Stunden.<\/li>\n<li>Es ist ratsam, zwischen den Behandlungen einen Teilwasserwechsel durchzuf\u00fchren.<\/li>\n<li>Wenn nach 5 Tagen keine Verbesserung zu beobachten ist, setzen Sie die Behandlung ab Verwendung.<\/li>\n<\/ul>\n<p><strong>Inhalt:<\/strong> Die Packung enth\u00e4lt 1 Beh\u00e4lter mit 2000 mg Fluconazol-Pulver und 2 Plastikl\u00f6ffel: einen gro\u00dfen L\u00f6ffel (1 cc\/95 Liter) und einen kleinen L\u00f6ffel (0,15 cc\/19 Liter). Achten Sie beim Dosieren darauf, dass der gro\u00dfe L\u00f6ffel gerade und der kleine L\u00f6ffel gerundet oder gro\u00dfz\u00fcgig bemessen ist.<\/p>\n<p>Sollte es im Aquarium zu einer versehentlichen \u00dcberdosierung kommen, kann das Medikament mit <strong>Clear Fx Pro<\/strong> entfernt werden. Mit dem 4000 mg Fish Flux lassen sich bis zu 760 Liter Wasser behandeln.<\/p>\n<p><strong>Warnung:<\/strong> Dieses Produkt ist nicht f\u00fcr den menschlichen Verzehr bestimmt. Bitte au\u00dferhalb der Reichweite von Kindern aufbewahren. Bei Verschlucken sofort einen Arzt oder eine Giftnotrufzentrale kontaktieren.<\/p>\n","protected":false},"excerpt":{"rendered":"<p>Blue Life Fish Flux RX is an antifungal medication used to treat topical and systemic fungal infections in ornamental fish<\/p>\n","protected":false},"featured_media":81823,"template":"","meta":[],"pwb-brand":[2281],"product_cat":[1432,1492],"product_tag":[],"class_list":{"0":"post-86374","1":"product","2":"type-product","3":"status-publish","4":"has-post-thumbnail","6":"pwb-brand-blue-life","7":"product_cat-medikation","8":"product_cat-suesswasser","9":"pa_show-myparcel-options-male-de","11":"first","12":"instock","13":"taxable","14":"shipping-taxable","15":"purchasable","16":"product-type-simple"},"acf":[],"brands":[{"id":2281,"name":"Blue Life","slug":"blue-life"}],"_links":{"self":[{"href":"https:\/\/www.seaflowerstore.com\/de\/wp-json\/wp\/v2\/product\/86374","targetHints":{"allow":["GET"]}}],"collection":[{"href":"https:\/\/www.seaflowerstore.com\/de\/wp-json\/wp\/v2\/product"}],"about":[{"href":"https:\/\/www.seaflowerstore.com\/de\/wp-json\/wp\/v2\/types\/product"}],"wp:featuredmedia":[{"embeddable":true,"href":"https:\/\/www.seaflowerstore.com\/de\/wp-json\/wp\/v2\/media\/81823"}],"wp:attachment":[{"href":"https:\/\/www.seaflowerstore.com\/de\/wp-json\/wp\/v2\/media?parent=86374"}],"wp:term":[{"taxonomy":"pwb-brand","embeddable":true,"href":"https:\/\/www.seaflowerstore.com\/de\/wp-json\/wp\/v2\/pwb-brand?post=86374"},{"taxonomy":"product_cat","embeddable":true,"href":"https:\/\/www.seaflowerstore.com\/de\/wp-json\/wp\/v2\/product_cat?post=86374"},{"taxonomy":"product_tag","embeddable":true,"href":"https:\/\/www.seaflowerstore.com\/de\/wp-json\/wp\/v2\/product_tag?post=86374"}],"curies":[{"name":"wp","href":"https:\/\/api.w.org\/{rel}","templated":true}]}}