{"id":86375,"date":"2019-06-23T15:28:05","date_gmt":"2019-06-23T13:28:05","guid":{"rendered":"https:\/\/www.seaflowerstore.com\/nl\/reef-rx-30ml-coraldip\/"},"modified":"2024-03-20T17:04:59","modified_gmt":"2024-03-20T16:04:59","slug":"reef-rx-30ml-coraldip","status":"publish","type":"product","link":"https:\/\/www.seaflowerstore.com\/de\/reef-rx-30ml-coraldip\/","title":{"rendered":"Reef RX 30ml coraldip"},"content":{"rendered":"<h2>Blue Life Reef RX 30ml coraldip is used in the treatment and prevention of bacterial diseases that can be associated with fresh cut or injured corals<\/h2>\n<p><strong>Blue Vet RX<\/strong><\/p>\n<ul>\n<li>Antibakterielle Behandlung f\u00fcr Korallen<\/li>\n<li>Ideal f\u00fcr frisch geschnittene Korallenfragmente<\/li>\n<li>Sicher f\u00fcr alle Korallenarten<\/li>\n<li>Riffsicher \u2013 schadet denitrifizierenden Bakterien nicht<\/li>\n<li>Coral RX ist wirksam bei der Behandlung und Vorbeugung bakterieller Erkrankungen, die bei frisch geschnittenen oder verletzten Korallen auftreten<\/li>\n<li>Mit dieser Packung k\u00f6nnen 1514 Liter (400 Gallonen) behandelt werden<\/li>\n<\/ul>\n<p><strong>So bereiten Sie das Produkt vor:<\/strong><\/p>\n<p>Schalten Sie zun\u00e4chst Ihren Absch\u00e4umer aus und setzen Sie Aktivkohle und Phosphatl\u00f6ser 72 Stunden lang nicht mehr ein. Nach diesem Zeitraum k\u00f6nnen Sie die Verwendung wieder aufnehmen, achten Sie jedoch darauf, dass w\u00e4hrend der Behandlung alle anderen chemischen Filter entfernt werden. Es ist ratsam, Filterbeutel zu verwenden, um das Aquarium leichter reinigen zu k\u00f6nnen. Bitte verwenden Sie dieses Produkt nicht, wenn Sie Makroalgen oder ein Refugium haben. Warten Sie 10 bis 14 Tage, um Ergebnisse zu sehen.<\/p>\n<p><strong>So verwenden Sie das Produkt:<\/strong><\/p>\n<p>Es wird dringend empfohlen, alle Korallen in einer Art Quarant\u00e4nesystem zu behandeln. Lassen Sie Coral RX so lange wie m\u00f6glich einwirken, um die Entwicklung von Resistenzen zu verhindern. W\u00e4hrend der Behandlung ist es ratsam, den Durchfluss zu erh\u00f6hen, aber vermeiden Sie, den Durchfluss direkt auf die Korallen zu richten. Neben einem starken, passiven Wasserfluss wird empfohlen, die Lichtintensit\u00e4t nach M\u00f6glichkeit zu verringern, obwohl dies nicht unbedingt erforderlich ist.<\/p>\n<p>Um mit der Dosierung zu beginnen, entnehmen Sie 1 Tasse Wasser aus Ihrem Aquarium und mischen Sie es mit 1 gestrichenen Messl\u00f6ffel Coral RX pro 10 Gallonen (37,9 Liter) des tats\u00e4chlichen Wasservolumens in Ihrem Aquarium. Stellen Sie sicher, dass es vollst\u00e4ndig aufgel\u00f6st ist, bevor Sie die L\u00f6sung zur\u00fcck in das Aquarium gie\u00dfen. Denken Sie daran, w\u00e4hrend der Behandlung keine Kohle und kein Ozon zu verwenden. Dosieren Sie au\u00dferdem nicht abends, wenn die Lichter ausgeschaltet sind. Sobald Sie die gew\u00fcnschten Ergebnisse sehen, f\u00fchren Sie einen 25%igen Wasserwechsel durch und setzen Sie die mechanische Filterung fort. Wenn die Symptome anhalten, k\u00f6nnen Sie die Dosierung wiederholen. Es ist wichtig, nach jeder Dosis einen 25%igen Wasserwechsel durchzuf\u00fchren. Im Falle einer versehentlichen \u00dcberdosierung kann das Medikament mit Clear FX Pro entfernt werden.<\/p>\n<p><strong>Warnung:<\/strong> Dieses Produkt ist nicht f\u00fcr den menschlichen Verzehr bestimmt. Bitte bewahren Sie es au\u00dferhalb der Reichweite von Kindern auf. Bei Einnahme sofort einen Arzt oder eine Giftnotrufzentrale kontaktieren.<\/p>\n","protected":false},"excerpt":{"rendered":"<p>Blue Life Reef RX 30ml coraldip is used in the treatment and prevention of bacterial diseases that can be associated with fresh cut or injured corals<\/p>\n","protected":false},"featured_media":84249,"template":"","meta":[],"pwb-brand":[2281],"product_cat":[1390],"product_tag":[],"class_list":{"0":"post-86375","1":"product","2":"type-product","3":"status-publish","4":"has-post-thumbnail","6":"pwb-brand-blue-life","7":"product_cat-medikamente","8":"pa_show-myparcel-options-male-de","10":"first","11":"instock","12":"taxable","13":"shipping-taxable","14":"purchasable","15":"product-type-simple"},"acf":[],"brands":[{"id":2281,"name":"Blue Life","slug":"blue-life"}],"_links":{"self":[{"href":"https:\/\/www.seaflowerstore.com\/de\/wp-json\/wp\/v2\/product\/86375","targetHints":{"allow":["GET"]}}],"collection":[{"href":"https:\/\/www.seaflowerstore.com\/de\/wp-json\/wp\/v2\/product"}],"about":[{"href":"https:\/\/www.seaflowerstore.com\/de\/wp-json\/wp\/v2\/types\/product"}],"wp:featuredmedia":[{"embeddable":true,"href":"https:\/\/www.seaflowerstore.com\/de\/wp-json\/wp\/v2\/media\/84249"}],"wp:attachment":[{"href":"https:\/\/www.seaflowerstore.com\/de\/wp-json\/wp\/v2\/media?parent=86375"}],"wp:term":[{"taxonomy":"pwb-brand","embeddable":true,"href":"https:\/\/www.seaflowerstore.com\/de\/wp-json\/wp\/v2\/pwb-brand?post=86375"},{"taxonomy":"product_cat","embeddable":true,"href":"https:\/\/www.seaflowerstore.com\/de\/wp-json\/wp\/v2\/product_cat?post=86375"},{"taxonomy":"product_tag","embeddable":true,"href":"https:\/\/www.seaflowerstore.com\/de\/wp-json\/wp\/v2\/product_tag?post=86375"}],"curies":[{"name":"wp","href":"https:\/\/api.w.org\/{rel}","templated":true}]}}