{"id":86376,"date":"2019-06-23T15:10:38","date_gmt":"2019-06-23T13:10:38","guid":{"rendered":"https:\/\/www.seaflowerstore.com\/nl\/red-cyano-rx\/"},"modified":"2026-04-29T23:05:41","modified_gmt":"2026-04-29T21:05:41","slug":"red-cyano-rx","status":"publish","type":"product","link":"https:\/\/www.seaflowerstore.com\/de\/red-cyano-rx\/","title":{"rendered":"Red Cyano RX"},"content":{"rendered":"<h2>Blue life Red Cyano RX will quickly and effectively treat disease causing Cyano bacteria<\/h2>\n<p><strong>Red Cyano Rx<\/strong> wurde entwickelt, um krankheitserregende Cyanobakterien schnell und effektiv aus lebenden Steinen, lebenden Korallen und lebendem Sand in Ihrem Salzwasseraquarium zu entfernen. Das Tolle an diesem Produkt ist, dass es bei bestimmungsgem\u00e4\u00dfer Verwendung die Bewohner Ihres Aquariums, einschlie\u00dflich n\u00fctzlicher Bakterien, nicht sch\u00e4digt. Im Gegensatz zu anderen Behandlungen verf\u00e4rbt Red Cyano Rx das Wasser in Ihrem Aquarium nicht. Es ist riffsicher, schnell und effektiv, eignet sich jedoch m\u00f6glicherweise nicht f\u00fcr die Verwendung mit Schw\u00e4mmen.<\/p>\n<p><strong>So verwenden Sie das Produkt:<\/strong><\/p>\n<ul>\n<li>Um optimale Ergebnisse zu erzielen, saugen Sie zun\u00e4chst so viele Cyanobakterien wie m\u00f6glich aus Ihrem Aquarium ab.<\/li>\n<li>Entnehmen Sie eine Tasse Wasser aus Ihrem Aquarium.<\/li>\n<li>Mischen Sie einen gestrichenen Messl\u00f6ffel Red Cyano Rx in die Tasse f\u00fcr jeweils 38 Liter (10 Gallonen) Wasser in Ihrem Aquarium.<\/li>\n<li>L\u00f6sen Sie die L\u00f6sung gr\u00fcndlich auf und gie\u00dfen Sie sie zur\u00fcck ins Aquarium.<\/li>\n<\/ul>\n<p>F\u00fchren Sie 24 Stunden nach Abschluss der Behandlung einen 25%igen Wasserwechsel durch. Sie k\u00f6nnen dann Ihren Eiwei\u00dfabsch\u00e4umer wieder einschalten und mit der Verwendung von Kohlenstoff und Ozon fortfahren, obwohl Sie m\u00f6glicherweise etwas zus\u00e4tzlichen Schaum bemerken, den Ihr Absch\u00e4umer produziert. Wenn 48 Stunden nach der Behandlung immer noch Cyanobakterien vorhanden sind, f\u00fchren Sie einen weiteren 25%igen Wasserwechsel durch und wiederholen Sie die Dosierung.<\/p>\n<p><strong>Hinweis:<\/strong> Es ist ratsam, sicherzustellen, dass der pH-Wert in Ihrem Aquarium \u00fcber 8,0 liegt, bevor Sie Red Cyano Rx hinzuf\u00fcgen. Der ideale Zeitpunkt, um mit der Behandlung zu beginnen, ist morgens, wenn die Beleuchtung zum ersten Mal eingeschaltet wird. Dar\u00fcber hinaus ist es wichtig, innerhalb von 12 Stunden nach jeder Dosis einen 25%igen Wasserwechsel durchzuf\u00fchren. W\u00e4hrend der Behandlungsdauer m\u00fcssen Sie die Verwendung von Kohlenstoff- und Proteinabsch\u00e4umer (oder einfach den Becher entfernen) und Ozon einstellen. Bitte vermeiden Sie die Dosierung abends, wenn die Beleuchtung ausgeschaltet ist.<\/p>\n<p>Das Paket kann bis zu 1514 Liter (400 Gallonen) behandeln.<\/p>\n","protected":false},"excerpt":{"rendered":"<p>Blue life Red Cyano RX will quickly and effectively treat disease causing Cyano bacteria<\/p>\n","protected":false},"featured_media":81819,"template":"","meta":[],"pwb-brand":[2281],"product_cat":[1531],"product_tag":[],"class_list":{"0":"post-86376","1":"product","2":"type-product","3":"status-publish","4":"has-post-thumbnail","6":"pwb-brand-blue-life","7":"product_cat-cyano-kontrolle","8":"pa_show-myparcel-options-male-de","10":"first","11":"instock","12":"taxable","13":"shipping-taxable","14":"purchasable","15":"product-type-simple"},"acf":[],"brands":[{"id":2281,"name":"Blue Life","slug":"blue-life"}],"_links":{"self":[{"href":"https:\/\/www.seaflowerstore.com\/de\/wp-json\/wp\/v2\/product\/86376","targetHints":{"allow":["GET"]}}],"collection":[{"href":"https:\/\/www.seaflowerstore.com\/de\/wp-json\/wp\/v2\/product"}],"about":[{"href":"https:\/\/www.seaflowerstore.com\/de\/wp-json\/wp\/v2\/types\/product"}],"wp:featuredmedia":[{"embeddable":true,"href":"https:\/\/www.seaflowerstore.com\/de\/wp-json\/wp\/v2\/media\/81819"}],"wp:attachment":[{"href":"https:\/\/www.seaflowerstore.com\/de\/wp-json\/wp\/v2\/media?parent=86376"}],"wp:term":[{"taxonomy":"pwb-brand","embeddable":true,"href":"https:\/\/www.seaflowerstore.com\/de\/wp-json\/wp\/v2\/pwb-brand?post=86376"},{"taxonomy":"product_cat","embeddable":true,"href":"https:\/\/www.seaflowerstore.com\/de\/wp-json\/wp\/v2\/product_cat?post=86376"},{"taxonomy":"product_tag","embeddable":true,"href":"https:\/\/www.seaflowerstore.com\/de\/wp-json\/wp\/v2\/product_tag?post=86376"}],"curies":[{"name":"wp","href":"https:\/\/api.w.org\/{rel}","templated":true}]}}