{"id":86377,"date":"2019-06-23T15:01:05","date_gmt":"2019-06-23T13:01:05","guid":{"rendered":"https:\/\/www.seaflowerstore.com\/nl\/green-cyano-rx-30ml-freshwater\/"},"modified":"2026-04-11T09:22:46","modified_gmt":"2026-04-11T07:22:46","slug":"green-cyano-rx-30ml-freshwater","status":"publish","type":"product","link":"https:\/\/www.seaflowerstore.com\/de\/green-cyano-rx-30ml-freshwater\/","title":{"rendered":"Green Cyano RX 30ml &#8211; freshwater"},"content":{"rendered":"<h2>Blue Life Green Cyano RX 30ml will quickly and effectively treat disease causing cyano bacteria from rock, plants, gravel and sand in your freshwater aquarium<\/h2>\n<p><strong>Blue Life Green Cyano RX<\/strong> wurde entwickelt, um krankheitserregende Cyanobakterien auf Steinen, Pflanzen, Kies und Sand in Ihrem S\u00fc\u00dfwasseraquarium schnell und effektiv zu bek\u00e4mpfen. Das Beste daran ist, dass es bei bestimmungsgem\u00e4\u00dfer Verwendung keinem der Aquarienbewohner schadet, auch nicht den n\u00fctzlichen Bakterien. Im Gegensatz zu einigen anderen Produkten verf\u00e4rbt Green Cyano RX das Wasser in Ihrem Aquarium nicht. Mit dieser Packung k\u00f6nnen bis zu 400 Gallonen (1514 Liter) behandelt werden.<\/p>\n<p><strong>So bereiten Sie das Produkt vor:<\/strong><\/p>\n<ul>\n<li>Schalten Sie den Absch\u00e4umer aus und verwenden Sie 72 Stunden lang keine Aktivkohle und keinen Phosphat-Entferner. Sie k\u00f6nnen die Verwendung nach diesem Zeitraum wieder aufnehmen, entfernen Sie jedoch w\u00e4hrend der Behandlung alle anderen chemischen Filter.<\/li>\n<li>Es wird empfohlen, Filterbeutel zu verwenden, um Ihr Aquarium sauber zu halten.<\/li>\n<li>Vermeiden Sie die Verwendung, wenn Sie Makroalgen oder ein Refugium haben.<\/li>\n<li>Seien Sie geduldig und warten Sie 10 bis 14 Tage, bis Ergebnisse sichtbar werden.<\/li>\n<\/ul>\n<p><strong>So verwenden Sie das Produkt:<\/strong><\/p>\n<p>Um das beste Ergebnis zu erzielen, saugen Sie so viele gr\u00fcne Cyanobakterien wie m\u00f6glich aus Ihrem Aquarium ab. Nehmen Sie dann 1 Tasse Wasser aus dem Aquarium und mischen Sie es mit 1 gestrichenen Messl\u00f6ffel Green Cyano RX pro 38 Liter (10 Gallonen) des tats\u00e4chlichen Wasservolumens in Ihrem Aquarium. Achten Sie darauf, es gr\u00fcndlich aufzul\u00f6sen, bevor Sie die L\u00f6sung zur\u00fcck in das Aquarium gie\u00dfen. Bitte denken Sie daran, die Verwendung von Kohlenstoff und Ozon w\u00e4hrend der Behandlungsdauer einzustellen. Vermeiden Sie die Dosierung abends, wenn die Lichter ausgeschaltet sind. Sobald Sie die gew\u00fcnschten Ergebnisse erzielt haben, f\u00fchren Sie einen 25%igen Wasserwechsel durch und k\u00f6nnen die Verwendung von Kohlenstoff und Ozon fortsetzen. Wenn immer noch Cyanobakterien vorhanden sind, f\u00fchren Sie einen weiteren 25%igen Wasserwechsel durch und wiederholen Sie die Dosierung.<\/p>\n<p><strong>Hinweis:<\/strong> Es wird empfohlen, die Behandlungen morgens zu beginnen, wenn die Lichter zum ersten Mal eingeschaltet werden. Dar\u00fcber hinaus ist es wichtig, nach jeder Dosis einen 25%igen Wasserwechsel durchzuf\u00fchren. Im Falle einer versehentlichen \u00dcberdosierung in Ihrem Tank kann das Medikament mit Clear FX Pro entfernt werden.<\/p>\n<p><strong>Warnung:<\/strong> Dieses Produkt ist nicht f\u00fcr den menschlichen Verzehr bestimmt. Bitte bewahren Sie es au\u00dferhalb der Reichweite von Kindern auf. Bei Einnahme sofort einen Arzt oder eine Giftnotrufzentrale kontaktieren.<\/p>\n","protected":false},"excerpt":{"rendered":"<p>Blue Life Green Cyano RX 30ml will quickly and effectively treat disease causing cyano bacteria from rock, plants, gravel and sand in your freshwater aquarium<\/p>\n","protected":false},"featured_media":81817,"template":"","meta":[],"pwb-brand":[2281],"product_cat":[1432],"product_tag":[],"class_list":{"0":"post-86377","1":"product","2":"type-product","3":"status-publish","4":"has-post-thumbnail","6":"pwb-brand-blue-life","7":"product_cat-medikation","8":"pa_show-myparcel-options-male-de","10":"first","11":"instock","12":"taxable","13":"shipping-taxable","14":"purchasable","15":"product-type-simple"},"acf":[],"brands":[{"id":2281,"name":"Blue Life","slug":"blue-life"}],"_links":{"self":[{"href":"https:\/\/www.seaflowerstore.com\/de\/wp-json\/wp\/v2\/product\/86377","targetHints":{"allow":["GET"]}}],"collection":[{"href":"https:\/\/www.seaflowerstore.com\/de\/wp-json\/wp\/v2\/product"}],"about":[{"href":"https:\/\/www.seaflowerstore.com\/de\/wp-json\/wp\/v2\/types\/product"}],"wp:featuredmedia":[{"embeddable":true,"href":"https:\/\/www.seaflowerstore.com\/de\/wp-json\/wp\/v2\/media\/81817"}],"wp:attachment":[{"href":"https:\/\/www.seaflowerstore.com\/de\/wp-json\/wp\/v2\/media?parent=86377"}],"wp:term":[{"taxonomy":"pwb-brand","embeddable":true,"href":"https:\/\/www.seaflowerstore.com\/de\/wp-json\/wp\/v2\/pwb-brand?post=86377"},{"taxonomy":"product_cat","embeddable":true,"href":"https:\/\/www.seaflowerstore.com\/de\/wp-json\/wp\/v2\/product_cat?post=86377"},{"taxonomy":"product_tag","embeddable":true,"href":"https:\/\/www.seaflowerstore.com\/de\/wp-json\/wp\/v2\/product_tag?post=86377"}],"curies":[{"name":"wp","href":"https:\/\/api.w.org\/{rel}","templated":true}]}}