{"id":86378,"date":"2019-06-23T10:22:39","date_gmt":"2019-06-23T08:22:39","guid":{"rendered":"https:\/\/www.seaflowerstore.com\/nl\/aiptasia-rx\/"},"modified":"2025-09-04T08:28:44","modified_gmt":"2025-09-04T06:28:44","slug":"aiptasia-rx","status":"publish","type":"product","link":"https:\/\/www.seaflowerstore.com\/de\/aiptasia-rx\/","title":{"rendered":"Aiptasia RX"},"content":{"rendered":"<h2>Blue Life Aiptasia RX is a simple, effective and quick solution for treating Aiptasia and Majano anemones<\/h2>\n<p><strong>Vorteile:<\/strong><\/p>\n<p>Aiptasia RX ist eine unkomplizierte, effektive und schnelle L\u00f6sung zur Bek\u00e4mpfung von Aiptasia- und Majano-Anemonen. Sie werden innerhalb weniger Minuten nach der Anwendung dieses Produkts Ergebnisse bemerken. Es ist riffsicher und ver\u00e4ndert die Chemie Ihres Aquariums nicht. Bei Verwendung gem\u00e4\u00df den Anweisungen schadet es keinem Ihrer wertvollen Aquarienbewohner.<\/p>\n<p><strong>Anleitung:<\/strong><\/p>\n<p>Sch\u00fctteln Sie das Produkt vor der Verwendung gut. Stellen Sie sicher, dass alle Pumpen, Antriebsk\u00f6pfe und Eiwei\u00dfabsch\u00e4umer vor der Dosierung ausgeschaltet sind. Verwenden Sie die mitgelieferte Spritze, um 1 cc\/ml Aiptasia RX zu entnehmen. Positionieren Sie die Spritze vorsichtig \u00fcber der Aiptasia, ohne sie zu st\u00f6ren. Tragen Sie die gew\u00fcnschte Menge direkt auf der Aiptasia auf. Wenn Sie innerhalb von 30 Minuten keine Ergebnisse sehen, war die Dosierung m\u00f6glicherweise nicht ausreichend. Warten Sie in diesem Fall 24 Stunden und tragen Sie es erneut auf.<\/p>\n<p><strong>Warnung:<\/strong><\/p>\n<p>Dieses Produkt ist nicht f\u00fcr den menschlichen Verzehr bestimmt. Bitte bewahren Sie es au\u00dferhalb der Reichweite von Kindern auf. Bei Verschlucken wenden Sie sich sofort an einen Arzt oder eine Giftnotrufzentrale.<\/p>\n<p><strong>Enth\u00e4lt:<\/strong> 0,15 ml<\/p>\n","protected":false},"excerpt":{"rendered":"<p>Blue Life Aiptasia RX is a simple, effective and quick solution for treating Aiptasia and Majano anemones<\/p>\n","protected":false},"featured_media":81815,"template":"","meta":[],"pwb-brand":[2281],"product_cat":[1390],"product_tag":[],"class_list":{"0":"post-86378","1":"product","2":"type-product","3":"status-publish","4":"has-post-thumbnail","6":"pwb-brand-blue-life","7":"product_cat-medikamente","8":"pa_show-myparcel-options-male-de","10":"first","11":"instock","12":"taxable","13":"shipping-taxable","14":"purchasable","15":"product-type-simple"},"acf":[],"brands":[{"id":2281,"name":"Blue Life","slug":"blue-life"}],"_links":{"self":[{"href":"https:\/\/www.seaflowerstore.com\/de\/wp-json\/wp\/v2\/product\/86378","targetHints":{"allow":["GET"]}}],"collection":[{"href":"https:\/\/www.seaflowerstore.com\/de\/wp-json\/wp\/v2\/product"}],"about":[{"href":"https:\/\/www.seaflowerstore.com\/de\/wp-json\/wp\/v2\/types\/product"}],"wp:featuredmedia":[{"embeddable":true,"href":"https:\/\/www.seaflowerstore.com\/de\/wp-json\/wp\/v2\/media\/81815"}],"wp:attachment":[{"href":"https:\/\/www.seaflowerstore.com\/de\/wp-json\/wp\/v2\/media?parent=86378"}],"wp:term":[{"taxonomy":"pwb-brand","embeddable":true,"href":"https:\/\/www.seaflowerstore.com\/de\/wp-json\/wp\/v2\/pwb-brand?post=86378"},{"taxonomy":"product_cat","embeddable":true,"href":"https:\/\/www.seaflowerstore.com\/de\/wp-json\/wp\/v2\/product_cat?post=86378"},{"taxonomy":"product_tag","embeddable":true,"href":"https:\/\/www.seaflowerstore.com\/de\/wp-json\/wp\/v2\/product_tag?post=86378"}],"curies":[{"name":"wp","href":"https:\/\/api.w.org\/{rel}","templated":true}]}}