{"id":86379,"date":"2019-06-23T10:06:42","date_gmt":"2019-06-23T08:06:42","guid":{"rendered":"https:\/\/www.seaflowerstore.com\/nl\/blue-life-flux-rx-salt-water\/"},"modified":"2026-04-25T08:11:13","modified_gmt":"2026-04-25T06:11:13","slug":"blue-life-flux-rx-salt-water","status":"publish","type":"product","link":"https:\/\/www.seaflowerstore.com\/de\/blue-life-flux-rx-salt-water\/","title":{"rendered":"Blue Life Flux RX salt water"},"content":{"rendered":"<h2>Blue Life Flux RX Salt water Flux Rx is simple and effective with levels easily achieved and maintained quickly for effectiveness when Bryopsis or Green Hair Algae are present<\/h2>\n<p>Flux RX wurde entwickelt, um l\u00e4stige Algen wie Bryopsis und Gr\u00fcnhaaralgen in Ihrem Salzwasseraquarium zu bek\u00e4mpfen. Mit 2000 mg k\u00f6nnen Sie bis zu 380 Liter Salzwasser behandeln, mit 4000 mg k\u00f6nnen Sie das gleiche Volumen behandeln.<\/p>\n<p><strong>So bereiten Sie das Produkt vor:<\/strong><\/p>\n<ul>\n<li>Schalten Sie Ihren Absch\u00e4umer aus und verwenden Sie 72 Stunden lang keine Aktivkohle und keinen Phosphat-Entferner. Sie k\u00f6nnen sie nach diesem Zeitraum wieder verwenden, entfernen Sie jedoch w\u00e4hrend der Behandlung alle anderen chemischen Filter.<\/li>\n<li>Zur Reinigung des Aquariums wird die Verwendung von Filterbeuteln empfohlen.<\/li>\n<li>Verwenden Sie dieses Produkt nicht, wenn Sie Makroalgen oder ein Refugium haben.<\/li>\n<li>Warten Sie 10 bis 14 Tage, bis Ergebnisse sichtbar werden.<\/li>\n<\/ul>\n<p><strong>So verwenden Sie das Produkt:<\/strong><\/p>\n<p>Der Inhalt umfasst einen Beh\u00e4lter mit 2000 mg Pulver und einen Plastikl\u00f6ffel (1 kleiner L\u00f6ffel = 0,15 cc f\u00fcr 19 Liter). Achten Sie beim Dosieren darauf, dass der L\u00f6ffel abgerundet und gro\u00dfz\u00fcgig ist.<\/p>\n<p>Wenn Sie Ihr Aquarium versehentlich \u00fcberdosieren, k\u00f6nnen Sie das Medikament mit Clear Fx Pro entfernen.<\/p>\n<p><strong>Warnung:<\/strong> Dieses Produkt ist nicht f\u00fcr den menschlichen Verzehr bestimmt. Bitte bewahren Sie es au\u00dferhalb der Reichweite von Kindern auf. Bei Verschlucken sofort einen Arzt oder eine Giftnotrufzentrale kontaktieren.<\/p>\n","protected":false},"excerpt":{"rendered":"<p>Blue Life Flux Rx is simple and effective with levels easily achieved and maintained quickly for effectiveness when Bryopsis or Green Hair Algae are present.<\/p>\n","protected":false},"featured_media":81811,"template":"","meta":[],"pwb-brand":[2281],"product_cat":[1390,515],"product_tag":[],"class_list":{"0":"post-86379","1":"product","2":"type-product","3":"status-publish","4":"has-post-thumbnail","6":"pwb-brand-blue-life","7":"product_cat-medikamente","8":"product_cat-additives","9":"pa_inhoud-2000-mg-de","10":"pa_inhoud-4000-mg-de","11":"pa_show-myparcel-options-male-de","13":"first","14":"instock","15":"taxable","16":"shipping-taxable","17":"purchasable","18":"product-type-variable"},"acf":[],"brands":[{"id":2281,"name":"Blue Life","slug":"blue-life"}],"_links":{"self":[{"href":"https:\/\/www.seaflowerstore.com\/de\/wp-json\/wp\/v2\/product\/86379","targetHints":{"allow":["GET"]}}],"collection":[{"href":"https:\/\/www.seaflowerstore.com\/de\/wp-json\/wp\/v2\/product"}],"about":[{"href":"https:\/\/www.seaflowerstore.com\/de\/wp-json\/wp\/v2\/types\/product"}],"wp:featuredmedia":[{"embeddable":true,"href":"https:\/\/www.seaflowerstore.com\/de\/wp-json\/wp\/v2\/media\/81811"}],"wp:attachment":[{"href":"https:\/\/www.seaflowerstore.com\/de\/wp-json\/wp\/v2\/media?parent=86379"}],"wp:term":[{"taxonomy":"pwb-brand","embeddable":true,"href":"https:\/\/www.seaflowerstore.com\/de\/wp-json\/wp\/v2\/pwb-brand?post=86379"},{"taxonomy":"product_cat","embeddable":true,"href":"https:\/\/www.seaflowerstore.com\/de\/wp-json\/wp\/v2\/product_cat?post=86379"},{"taxonomy":"product_tag","embeddable":true,"href":"https:\/\/www.seaflowerstore.com\/de\/wp-json\/wp\/v2\/product_tag?post=86379"}],"curies":[{"name":"wp","href":"https:\/\/api.w.org\/{rel}","templated":true}]}}