{"id":86395,"date":"2019-06-18T14:53:24","date_gmt":"2019-06-18T12:53:24","guid":{"rendered":"https:\/\/www.seaflowerstore.com\/nl\/aquahome-test-camg-combi-test\/"},"modified":"2025-07-28T12:39:42","modified_gmt":"2025-07-28T10:39:42","slug":"aquahome-test-camg-combi-test","status":"publish","type":"product","link":"https:\/\/www.seaflowerstore.com\/de\/aquahome-test-camg-combi-test\/","title":{"rendered":"Aquahome test Ca+Mg Combi Test"},"content":{"rendered":"<h2>Aquahome test Ca+Mg Combi Test<\/h2>\n<p>Mit dem hochaufl\u00f6senden Titrationstest von Fauna Marin k\u00f6nnen Sie die Konzentration von Calcium und Magnesium zuverl\u00e4ssig und getrennt messen. Dieser Test \u00fcberzeugt mit einer Genauigkeit von 4 mg\/l f\u00fcr Calcium und 20 mg\/l f\u00fcr Magnesium.<\/p>\n<p><strong>Messbereiche:<\/strong><\/p>\n<ul>\n<li>Calcium: ca. 300 &#8211; 498 mg\/l<\/li>\n<li>Magnesium: 820 &#8211; 1800 mg\/l<\/li>\n<\/ul>\n<p><strong>Aufl\u00f6sung (Genauigkeit):<\/strong><\/p>\n<ul>\n<li>Calcium: 4 mg\/l<\/li>\n<li>Magnesium: 20 mg\/l<\/li>\n<\/ul>\n<p>Dieser Test eignet sich hervorragend zur Bestimmung der Calcium- und Magnesiumkonzentrationen in Meerwasseraquarien und reicht f\u00fcr ca. 50 Anwendungen.<\/p>\n","protected":false},"excerpt":{"rendered":"<p>The high-resolution Fauna Marin Calcium \/ Magnesium Combitest, the concentration of both elements can be determined reliably and separately with an accuracy of 4 mg \/ l Ca or 20 mg \/ l Mg.<\/p>\n","protected":false},"featured_media":81781,"template":"","meta":[],"pwb-brand":[2177],"product_cat":[1437,1400,741],"product_tag":[],"class_list":{"0":"post-86395","1":"product","2":"type-product","3":"status-publish","4":"has-post-thumbnail","6":"pwb-brand-fauna-marin","7":"product_cat-fauna-marin-de","8":"product_cat-tester","9":"product_cat-brands","10":"pa_show-myparcel-options-male-de","12":"first","13":"outofstock","14":"taxable","15":"shipping-taxable","16":"purchasable","17":"product-type-simple"},"acf":[],"brands":[{"id":2177,"name":"Fauna Marin","slug":"fauna-marin"}],"_links":{"self":[{"href":"https:\/\/www.seaflowerstore.com\/de\/wp-json\/wp\/v2\/product\/86395","targetHints":{"allow":["GET"]}}],"collection":[{"href":"https:\/\/www.seaflowerstore.com\/de\/wp-json\/wp\/v2\/product"}],"about":[{"href":"https:\/\/www.seaflowerstore.com\/de\/wp-json\/wp\/v2\/types\/product"}],"wp:featuredmedia":[{"embeddable":true,"href":"https:\/\/www.seaflowerstore.com\/de\/wp-json\/wp\/v2\/media\/81781"}],"wp:attachment":[{"href":"https:\/\/www.seaflowerstore.com\/de\/wp-json\/wp\/v2\/media?parent=86395"}],"wp:term":[{"taxonomy":"pwb-brand","embeddable":true,"href":"https:\/\/www.seaflowerstore.com\/de\/wp-json\/wp\/v2\/pwb-brand?post=86395"},{"taxonomy":"product_cat","embeddable":true,"href":"https:\/\/www.seaflowerstore.com\/de\/wp-json\/wp\/v2\/product_cat?post=86395"},{"taxonomy":"product_tag","embeddable":true,"href":"https:\/\/www.seaflowerstore.com\/de\/wp-json\/wp\/v2\/product_tag?post=86395"}],"curies":[{"name":"wp","href":"https:\/\/api.w.org\/{rel}","templated":true}]}}