{"id":86396,"date":"2019-06-18T14:39:20","date_gmt":"2019-06-18T12:39:20","guid":{"rendered":"https:\/\/www.seaflowerstore.com\/nl\/fauna-marin-aquahometest-no2no3-refill-set\/"},"modified":"2025-10-08T19:44:04","modified_gmt":"2025-10-08T17:44:04","slug":"fauna-marin-aquahometest-no2no3-refill-set","status":"publish","type":"product","link":"https:\/\/www.seaflowerstore.com\/de\/fauna-marin-aquahometest-no2no3-refill-set\/","title":{"rendered":"Fauna Marin Aquahometest NO2+NO3 refill set"},"content":{"rendered":"<h2>Fauna Marin Aquahometest NO2 + NO3 refill set also suitable for the Mastertronic<\/h2>\n<p><strong>Wir stellen neue Reagenzfl\u00fcssigkeiten vor<\/strong> f\u00fcr den hochaufl\u00f6senden Nitrit- und Nitrattest von Fauna Marin. Mit diesem Nachf\u00fcllset k\u00f6nnen Sie die Nitritkonzentration im niedrigen Konzentrationsbereich zwischen 0 und 1 mg\/l sowie die Nitratkonzentration zwischen 0 und 20 mg\/l \u00e4u\u00dferst genau bestimmen.<\/p>\n<p>Die Details sind wie folgt:<\/p>\n<ul>\n<li><strong>Messbereich:<\/strong> NO2 0 &#8211; 1,0 mg\/l<\/li>\n<li><strong>Messbereich:<\/strong> NO3 0 &#8211; 20 mg\/l<\/li>\n<li><strong>Aufl\u00f6sung (Genauigkeit):<\/strong> NO2 0,002 mg\/l<\/li>\n<li><strong>Aufl\u00f6sung (Genauigkeit):<\/strong> NO3 0,05 mg\/l<\/li>\n<\/ul>\n<p>Dieses Set beinhaltet einen Komparator f\u00fcr einen optimalen Farbvergleich sowie einen Standard zur \u00dcberpr\u00fcfung der Funktion und Haltbarkeitspr\u00fcfung zur Ermittlung der Nitrit- und Nitratkonzentration in Ihrem Aquarium. Es reicht f\u00fcr ca. 50 Anwendungen.<\/p>\n<p><strong>Charge => 20601<\/strong><\/p>\n","protected":false},"excerpt":{"rendered":"<p>Fauna Marin refill set for nitrite and nitrate. Also suitable for the Mastertronic<\/p>\n","protected":false},"featured_media":81779,"template":"","meta":[],"pwb-brand":[2177],"product_cat":[1400,1437],"product_tag":[],"class_list":{"0":"post-86396","1":"product","2":"type-product","3":"status-publish","4":"has-post-thumbnail","6":"pwb-brand-fauna-marin","7":"product_cat-tester","8":"product_cat-fauna-marin-de","9":"pa_show-myparcel-options-male-de","11":"first","12":"outofstock","13":"sale","14":"taxable","15":"shipping-taxable","16":"purchasable","17":"product-type-simple"},"acf":[],"brands":[{"id":2177,"name":"Fauna Marin","slug":"fauna-marin"}],"_links":{"self":[{"href":"https:\/\/www.seaflowerstore.com\/de\/wp-json\/wp\/v2\/product\/86396","targetHints":{"allow":["GET"]}}],"collection":[{"href":"https:\/\/www.seaflowerstore.com\/de\/wp-json\/wp\/v2\/product"}],"about":[{"href":"https:\/\/www.seaflowerstore.com\/de\/wp-json\/wp\/v2\/types\/product"}],"wp:featuredmedia":[{"embeddable":true,"href":"https:\/\/www.seaflowerstore.com\/de\/wp-json\/wp\/v2\/media\/81779"}],"wp:attachment":[{"href":"https:\/\/www.seaflowerstore.com\/de\/wp-json\/wp\/v2\/media?parent=86396"}],"wp:term":[{"taxonomy":"pwb-brand","embeddable":true,"href":"https:\/\/www.seaflowerstore.com\/de\/wp-json\/wp\/v2\/pwb-brand?post=86396"},{"taxonomy":"product_cat","embeddable":true,"href":"https:\/\/www.seaflowerstore.com\/de\/wp-json\/wp\/v2\/product_cat?post=86396"},{"taxonomy":"product_tag","embeddable":true,"href":"https:\/\/www.seaflowerstore.com\/de\/wp-json\/wp\/v2\/product_tag?post=86396"}],"curies":[{"name":"wp","href":"https:\/\/api.w.org\/{rel}","templated":true}]}}