{"id":86398,"date":"2019-06-18T14:18:25","date_gmt":"2019-06-18T12:18:25","guid":{"rendered":"https:\/\/www.seaflowerstore.com\/nl\/fauna-marin-aquahometest-kh-alkalinity-test\/"},"modified":"2024-03-20T17:04:31","modified_gmt":"2024-03-20T16:04:31","slug":"fauna-marin-aquahometest-kh-alkalinity-test","status":"publish","type":"product","link":"https:\/\/www.seaflowerstore.com\/de\/fauna-marin-aquahometest-kh-alkalinity-test\/","title":{"rendered":"Fauna Marin Aquahometest KH Alkalinity Test"},"content":{"rendered":"<h2>Fauna Marin Aquahometest KH Alkalinity Test PRECISION for saltwater aquaria<\/h2>\n<p><strong>\u00dcber Karbonath\u00e4rte \/ Alkalinit\u00e4t:<\/strong> Die Karbonath\u00e4rte (KH) oder Alkalinit\u00e4t einer Wasserprobe charakterisiert ihre Pufferkapazit\u00e4t, also die F\u00e4higkeit, den pH-Wert des Wassers aufrechtzuerhalten. Diese Eigenschaft wird in erster Linie durch das Verh\u00e4ltnis der im Wasser vorhandenen Hydrogenkarbonationen definiert. Mit steigendem pH-Wert tragen auch andere basische Ionen wie Hydroxidionen zur Alkalinit\u00e4t bei.<\/p>\n<p>Es ist wichtig, die Alkalinit\u00e4t in allen Aquarien regelm\u00e4\u00dfig zu testen. Ist die Alkalinit\u00e4t zu niedrig, kann der pH-Wert pl\u00f6tzlich sinken und f\u00fcr viele Fische und Wirbellose eine lebensbedrohliche Umgebung schaffen. In Riffaquarien ist die Aufrechterhaltung einer ausreichenden Alkalinit\u00e4t entscheidend f\u00fcr ein robustes Korallenwachstum. Umgekehrt kann eine zu hohe Alkalinit\u00e4t in Salzwassertanks zu Kalkausf\u00e4llungen f\u00fchren, die sich negativ auf die Korallenentwicklung auswirken k\u00f6nnen.<\/p>\n<p>In der Wasserchemie gibt es verschiedene Begriffe, die die Pufferkapazit\u00e4t beschreiben, und jeder hat unterschiedliche Definitionen. W\u00e4hrend \u201eKarbonath\u00e4rte\u201c im Zusammenhang mit Riffen und der Fischhaltung h\u00e4ufig verwendet wird, wird eigentlich die Alkalinit\u00e4t gemessen. In diesem Test werden beide Begriffe synonym verwendet. Der Alkalinit\u00e4tswert wird normalerweise in Grad deutscher H\u00e4rte (\u00b0dKH) ausgedr\u00fcckt. Eine Umrechnungstabelle f\u00fcr diese Einheit in andere g\u00e4ngige Einheiten wie Millival pro Liter (mval\/l) oder Millimol pro Liter (mmol\/l) finden Sie auf der zweiten Umschlagseite.<\/p>\n<p>Nat\u00fcrliches Meerwasser hat eine Alkalinit\u00e4t von ungef\u00e4hr 6,5 \u00b0dKH. F\u00fcr Salzwasseraquarien wird ein Alkalinit\u00e4tsgrad zwischen 6 und 9 \u00b0dKH empfohlen. Es empfiehlt sich, den f\u00fcr Ihr Aquarium geeigneten Alkalinit\u00e4tswert bei Ihrem Fachh\u00e4ndler zu erfragen.<\/p>\n<p><strong>So korrigieren Sie ung\u00fcnstige Werte:<\/strong> Bei zu niedrigem Alkalinit\u00e4tswert empfehlen wir die Verwendung von Fauna Marin Carbonate MIX oder Fauna Marin Easy dKH zur Erh\u00f6hung.<\/p>\n<p><strong>Packungsinhalt:<\/strong><\/p>\n<ul>\n<li>10 ml Reagenz A<\/li>\n<li>50 ml Reagenz B<\/li>\n<li>1 Glask\u00fcvette (10 ml)<\/li>\n<li>1 Dosierspritze (5 ml)<\/li>\n<li>1 Dosierspritze (1 ml) mit Tropfspitze<\/li>\n<li>1 Bedienungsanleitung<\/li>\n<\/ul>\n","protected":false},"excerpt":{"rendered":"<p>Fauna Marin Aquahometest KH Alkalinity Test PRECISION for saltwater aquaria. Measurement range: 0,1 &#8211; 20 \u00b0dKH<\/p>\n","protected":false},"featured_media":81773,"template":"","meta":[],"pwb-brand":[2177],"product_cat":[1437,1400,741],"product_tag":[],"class_list":{"0":"post-86398","1":"product","2":"type-product","3":"status-publish","4":"has-post-thumbnail","6":"pwb-brand-fauna-marin","7":"product_cat-fauna-marin-de","8":"product_cat-tester","9":"product_cat-brands","10":"pa_show-myparcel-options-male-de","12":"first","13":"instock","14":"taxable","15":"shipping-taxable","16":"purchasable","17":"product-type-simple"},"acf":[],"brands":[{"id":2177,"name":"Fauna Marin","slug":"fauna-marin"}],"_links":{"self":[{"href":"https:\/\/www.seaflowerstore.com\/de\/wp-json\/wp\/v2\/product\/86398","targetHints":{"allow":["GET"]}}],"collection":[{"href":"https:\/\/www.seaflowerstore.com\/de\/wp-json\/wp\/v2\/product"}],"about":[{"href":"https:\/\/www.seaflowerstore.com\/de\/wp-json\/wp\/v2\/types\/product"}],"wp:featuredmedia":[{"embeddable":true,"href":"https:\/\/www.seaflowerstore.com\/de\/wp-json\/wp\/v2\/media\/81773"}],"wp:attachment":[{"href":"https:\/\/www.seaflowerstore.com\/de\/wp-json\/wp\/v2\/media?parent=86398"}],"wp:term":[{"taxonomy":"pwb-brand","embeddable":true,"href":"https:\/\/www.seaflowerstore.com\/de\/wp-json\/wp\/v2\/pwb-brand?post=86398"},{"taxonomy":"product_cat","embeddable":true,"href":"https:\/\/www.seaflowerstore.com\/de\/wp-json\/wp\/v2\/product_cat?post=86398"},{"taxonomy":"product_tag","embeddable":true,"href":"https:\/\/www.seaflowerstore.com\/de\/wp-json\/wp\/v2\/product_tag?post=86398"}],"curies":[{"name":"wp","href":"https:\/\/api.w.org\/{rel}","templated":true}]}}