{"id":86401,"date":"2019-06-17T18:03:29","date_gmt":"2019-06-17T16:03:29","guid":{"rendered":"https:\/\/www.seaflowerstore.com\/nl\/coral-essentials-carbonate-part-b-500ml\/"},"modified":"2024-03-20T17:04:21","modified_gmt":"2024-03-20T16:04:21","slug":"coral-essentials-carbonate-part-b-500ml","status":"publish","type":"product","link":"https:\/\/www.seaflowerstore.com\/de\/coral-essentials-carbonate-part-b-500ml\/","title":{"rendered":"Coral Essentials Carbonate Part B &#8211; 500ml"},"content":{"rendered":"<h2>Coral Essentials Carbonate Part B &#8211; 500ml<\/h2>\n<p><strong>Coral Essentials Carbonate Part B<\/strong> ist eine konzentrierte Fl\u00fcssigl\u00f6sung mit Karbonat- und Bikarbonatsalzen in einer Konzentration von 200.000 ppm (mg\/L) oder 11.200 dKH. Karbonat spielt eine entscheidende Rolle bei der Bildung von Kalziumkarbonatskeletten, die f\u00fcr das Korallenwachstum unerl\u00e4sslich sind.<\/p>\n<p>Es ist wichtig, den Alkalinit\u00e4tsgrad in Meerwasseraquarien regelm\u00e4\u00dfig zu \u00fcberpr\u00fcfen, um die Karbonataufnahme in Ihrem System zu \u00fcberwachen. Sie k\u00f6nnen feststellen, wie viel Karbonat verbraucht wird, indem Sie in regelm\u00e4\u00dfigen Abst\u00e4nden Tests durchf\u00fchren, um den Abfall des KH-Werts zu beobachten. Diese Informationen erm\u00f6glichen eine einfache Berechnung des Dosierungsbedarfs, um der Ersch\u00f6pfungsrate gerecht zu werden.<\/p>\n<p>Nachdem Sie die erforderliche Dosierung ermittelt haben, vergessen Sie nicht, den KH-Wert regelm\u00e4\u00dfig zu \u00fcberpr\u00fcfen. Bedenken Sie, dass sich Ihr Aquarium im Laufe der Zeit weiterentwickelt, da Korallen wachsen und neue Teile sowie Wirbellose, die ebenfalls Karbonat verwenden, hinzugef\u00fcgt werden.<\/p>\n<p>Wir haben festgestellt, dass der ideale KH-Wert f\u00fcr die meisten Aquarien bei etwa 8\u20139 dKH liegt. Wenn Sie hohe Wachstumsraten in einem System aufrechterhalten m\u00f6chten, das von SPS und Steinkorallen dominiert wird, sind Werte von 8,5\u20139,0 dKH besonders w\u00fcnschenswert.<\/p>\n<p><strong>Dosierungsrate:<\/strong> 5 ml Coral Essentials Carbonate Part B erh\u00f6hen die Alkalit\u00e4t um 10 ppm (0,56 dKH) pro 100 Liter Aquariumwasser.<\/p>\n","protected":false},"excerpt":{"rendered":"<p>Coral Essentials Carbonate Part B\u00a0 is a concentrated liquid solution of carbonate and bicarbonate salts for your reeftank<\/p>\n","protected":false},"featured_media":81762,"template":"","meta":[],"pwb-brand":[2279],"product_cat":[1391,515],"product_tag":[],"class_list":{"0":"post-86401","1":"product","2":"type-product","3":"status-publish","4":"has-post-thumbnail","6":"pwb-brand-coral-essentials","7":"product_cat-ergaenzungen","8":"product_cat-additives","9":"pa_inhoud-500-ml-de","10":"pa_show-myparcel-options-male-de","12":"first","13":"instock","14":"taxable","15":"shipping-taxable","16":"purchasable","17":"product-type-simple"},"acf":[],"brands":[{"id":2279,"name":"Coral Essentials","slug":"coral-essentials"}],"_links":{"self":[{"href":"https:\/\/www.seaflowerstore.com\/de\/wp-json\/wp\/v2\/product\/86401","targetHints":{"allow":["GET"]}}],"collection":[{"href":"https:\/\/www.seaflowerstore.com\/de\/wp-json\/wp\/v2\/product"}],"about":[{"href":"https:\/\/www.seaflowerstore.com\/de\/wp-json\/wp\/v2\/types\/product"}],"wp:featuredmedia":[{"embeddable":true,"href":"https:\/\/www.seaflowerstore.com\/de\/wp-json\/wp\/v2\/media\/81762"}],"wp:attachment":[{"href":"https:\/\/www.seaflowerstore.com\/de\/wp-json\/wp\/v2\/media?parent=86401"}],"wp:term":[{"taxonomy":"pwb-brand","embeddable":true,"href":"https:\/\/www.seaflowerstore.com\/de\/wp-json\/wp\/v2\/pwb-brand?post=86401"},{"taxonomy":"product_cat","embeddable":true,"href":"https:\/\/www.seaflowerstore.com\/de\/wp-json\/wp\/v2\/product_cat?post=86401"},{"taxonomy":"product_tag","embeddable":true,"href":"https:\/\/www.seaflowerstore.com\/de\/wp-json\/wp\/v2\/product_tag?post=86401"}],"curies":[{"name":"wp","href":"https:\/\/api.w.org\/{rel}","templated":true}]}}