{"id":86403,"date":"2019-06-17T17:46:22","date_gmt":"2019-06-17T15:46:22","guid":{"rendered":"https:\/\/www.seaflowerstore.com\/nl\/coral-essentials-chroma-50ml\/"},"modified":"2024-03-20T17:04:15","modified_gmt":"2024-03-20T16:04:15","slug":"coral-essentials-chroma-50ml","status":"publish","type":"product","link":"https:\/\/www.seaflowerstore.com\/de\/coral-essentials-chroma-50ml\/","title":{"rendered":"Coral Essentials Chroma+ &#8211; 50ml"},"content":{"rendered":"<h2>Coral Essentials Chroma+ &#8211; 50ml<\/h2>\n<p><strong>Coral Essentials Chroma+<\/strong> erweckt Ihre Korallen zum Leben, verst\u00e4rkt ihre Farben und verbessert ihre Ausstrahlung. Dieses Produkt ist eine einzigartige Mischung aus wasserl\u00f6slichen, komplexen organischen Coenzymen, die den Abbau von Zucker und Aminos\u00e4uren sowie verschiedene Stoffwechselprozesse unterst\u00fctzen. Die zahlreichen Coenzyme in unserer Formel sind f\u00fcr zahlreiche enzymatische Reaktionen, die alles tierische Leben unterst\u00fctzen, von entscheidender Bedeutung.<\/p>\n<p>Chroma+ erweckt Ihre Korallen wirklich zum Leben; nichts verleiht Ihrem Aquarium einen so starken Farbschub. Da es sich um ein organisches, wasserl\u00f6sliches Produkt handelt, kann \u00fcbersch\u00fcssiges Chroma+, das nicht im Aquarium verwendet wird, problemlos durch Standardprozesse f\u00fcr organische Abf\u00e4lle und Absch\u00e4umen entfernt werden.<\/p>\n<p><strong>Bitte beachten Sie, dass Chroma+ nach dem \u00d6ffnen im K\u00fchlschrank aufbewahrt werden muss.<\/strong><\/p>\n<p><strong>Dosierungsrate:<\/strong> Wir empfehlen, mit einer Dosis von 1 Tropfen (0,05 ml) pro Tag f\u00fcr jeweils 100 Liter Aquariumwasser zu beginnen, sowohl morgens als auch abends. Wenn die Ergebnisse vielversprechend sind und je nach Korallendichte in Ihrem Aquarium, k\u00f6nnen Sie die Dosierung \u00fcber mehrere Wochen hinweg schrittweise auf jeweils 2 Tropfen erh\u00f6hen. Alternativ k\u00f6nnen Sie die Dosis auch auf 1 Tropfen pro Tag (morgens oder abends) reduzieren und pr\u00fcfen, ob die Ergebnisse weiterhin genauso beeindruckend sind.<\/p>\n","protected":false},"excerpt":{"rendered":"<p>Coral Essentials Chroma+ brings your coral to life, colours pop and radiance is improved<\/p>\n","protected":false},"featured_media":81754,"template":"","meta":[],"pwb-brand":[2279],"product_cat":[1391],"product_tag":[],"class_list":{"0":"post-86403","1":"product","2":"type-product","3":"status-publish","4":"has-post-thumbnail","6":"pwb-brand-coral-essentials","7":"product_cat-ergaenzungen","8":"pa_inhoud-50-ml-de","9":"pa_show-myparcel-options-male-de","11":"first","12":"instock","13":"sale","14":"taxable","15":"shipping-taxable","16":"purchasable","17":"product-type-simple"},"acf":[],"brands":[{"id":2279,"name":"Coral Essentials","slug":"coral-essentials"}],"_links":{"self":[{"href":"https:\/\/www.seaflowerstore.com\/de\/wp-json\/wp\/v2\/product\/86403","targetHints":{"allow":["GET"]}}],"collection":[{"href":"https:\/\/www.seaflowerstore.com\/de\/wp-json\/wp\/v2\/product"}],"about":[{"href":"https:\/\/www.seaflowerstore.com\/de\/wp-json\/wp\/v2\/types\/product"}],"wp:featuredmedia":[{"embeddable":true,"href":"https:\/\/www.seaflowerstore.com\/de\/wp-json\/wp\/v2\/media\/81754"}],"wp:attachment":[{"href":"https:\/\/www.seaflowerstore.com\/de\/wp-json\/wp\/v2\/media?parent=86403"}],"wp:term":[{"taxonomy":"pwb-brand","embeddable":true,"href":"https:\/\/www.seaflowerstore.com\/de\/wp-json\/wp\/v2\/pwb-brand?post=86403"},{"taxonomy":"product_cat","embeddable":true,"href":"https:\/\/www.seaflowerstore.com\/de\/wp-json\/wp\/v2\/product_cat?post=86403"},{"taxonomy":"product_tag","embeddable":true,"href":"https:\/\/www.seaflowerstore.com\/de\/wp-json\/wp\/v2\/product_tag?post=86403"}],"curies":[{"name":"wp","href":"https:\/\/api.w.org\/{rel}","templated":true}]}}