{"id":86404,"date":"2019-06-17T17:40:31","date_gmt":"2019-06-17T15:40:31","guid":{"rendered":"https:\/\/www.seaflowerstore.com\/nl\/coral-essentials-energy-50ml\/"},"modified":"2024-03-20T17:04:11","modified_gmt":"2024-03-20T16:04:11","slug":"coral-essentials-energy-50ml","status":"publish","type":"product","link":"https:\/\/www.seaflowerstore.com\/de\/coral-essentials-energy-50ml\/","title":{"rendered":"Coral Essentials Energy+ &#8211; 50ml"},"content":{"rendered":"<h2>Coral Essentials Energy+ provides improved feeding and an active aid in the uptake of calcium for increased coral skeletal growth<\/h2>\n<p>Energy+ ist eine einzigartige Mischung aus fettl\u00f6slichen, nat\u00fcrlich vorkommenden und synthetischen Verbindungen. Es verbessert die Nahrungsaufnahme und unterst\u00fctzt aktiv die Aufnahme von Kalzium, das f\u00fcr das Wachstum des Korallenskeletts unerl\u00e4sslich ist. Energy+ unterst\u00fctzt Korallen auch bei der Aufnahme von Aminos\u00e4uren und anderen Vitaminen im Wasser.<\/p>\n<p>Dieses Produkt bringt Leben und Bewegung in Ihre Korallen und verbessert das Polypenwachstum und die Nahrungsaufnahme deutlich. Es gibt nichts Besseres als Energy+, um Ihrem Aquarium diesen zus\u00e4tzlichen Nahrungsschub zu geben.<\/p>\n<p>\u00dcbersch\u00fcssiges Energy+, das im Aquarium nicht genutzt wird, wird \u00fcber normale organische Abfallsysteme und Absch\u00e4umung verarbeitet. Beachten Sie jedoch, dass es aufgrund seiner fettl\u00f6slichen Natur die Leistung des Absch\u00e4umers beeintr\u00e4chtigen kann.<\/p>\n<p><strong>Bitte denken Sie daran, dass Energy+ nach dem \u00d6ffnen im K\u00fchlschrank aufbewahrt werden muss.<\/strong><\/p>\n<p><strong>Empfohlene Dosierung:<\/strong><\/p>\n<ul>\n<li>Beginnen Sie mit 1 Tropfen (0,05 ml) pro Tag f\u00fcr jeweils 100 l Tankwasser und dosieren Sie es sowohl morgens als auch abends.<\/li>\n<li>Wenn Sie positive Ergebnisse beobachten und abh\u00e4ngig von Ihrer Korallendichte, k\u00f6nnen Sie die Dosis \u00fcber einige Wochen hinweg schrittweise auf 2 Tropfen erh\u00f6hen.<\/li>\n<li>Alternativ k\u00f6nnen Sie die Dosis auf 1 Tropfen pro Tag (entweder morgens oder abends) reduzieren und beobachten, ob die Ergebnisse weiterhin zufriedenstellend sind.<\/li>\n<\/ul>\n","protected":false},"excerpt":{"rendered":"<p>Coral Essentials Energy+\u00a0provides improved feeding and an active aid in the uptake of calcium for increased coral skeletal growth<\/p>\n","protected":false},"featured_media":81750,"template":"","meta":[],"pwb-brand":[2279],"product_cat":[1391,515],"product_tag":[],"class_list":{"0":"post-86404","1":"product","2":"type-product","3":"status-publish","4":"has-post-thumbnail","6":"pwb-brand-coral-essentials","7":"product_cat-ergaenzungen","8":"product_cat-additives","9":"pa_inhoud-50-ml-de","10":"pa_show-myparcel-options-male-de","12":"first","13":"instock","14":"sale","15":"taxable","16":"shipping-taxable","17":"purchasable","18":"product-type-simple"},"acf":[],"brands":[{"id":2279,"name":"Coral Essentials","slug":"coral-essentials"}],"_links":{"self":[{"href":"https:\/\/www.seaflowerstore.com\/de\/wp-json\/wp\/v2\/product\/86404","targetHints":{"allow":["GET"]}}],"collection":[{"href":"https:\/\/www.seaflowerstore.com\/de\/wp-json\/wp\/v2\/product"}],"about":[{"href":"https:\/\/www.seaflowerstore.com\/de\/wp-json\/wp\/v2\/types\/product"}],"wp:featuredmedia":[{"embeddable":true,"href":"https:\/\/www.seaflowerstore.com\/de\/wp-json\/wp\/v2\/media\/81750"}],"wp:attachment":[{"href":"https:\/\/www.seaflowerstore.com\/de\/wp-json\/wp\/v2\/media?parent=86404"}],"wp:term":[{"taxonomy":"pwb-brand","embeddable":true,"href":"https:\/\/www.seaflowerstore.com\/de\/wp-json\/wp\/v2\/pwb-brand?post=86404"},{"taxonomy":"product_cat","embeddable":true,"href":"https:\/\/www.seaflowerstore.com\/de\/wp-json\/wp\/v2\/product_cat?post=86404"},{"taxonomy":"product_tag","embeddable":true,"href":"https:\/\/www.seaflowerstore.com\/de\/wp-json\/wp\/v2\/product_tag?post=86404"}],"curies":[{"name":"wp","href":"https:\/\/api.w.org\/{rel}","templated":true}]}}