{"id":86405,"date":"2019-06-17T17:25:08","date_gmt":"2019-06-17T15:25:08","guid":{"rendered":"https:\/\/www.seaflowerstore.com\/nl\/coral-essentials-vibrance-50ml\/"},"modified":"2024-03-20T17:04:09","modified_gmt":"2024-03-20T16:04:09","slug":"coral-essentials-vibrance-50ml","status":"publish","type":"product","link":"https:\/\/www.seaflowerstore.com\/de\/coral-essentials-vibrance-50ml\/","title":{"rendered":"Coral Essentials Vibrance+ &#8211; 50ml"},"content":{"rendered":"<h2>Coral Essentials Vibrance+ &#8211; 50ml<\/h2>\n<p><strong>Coral Essentials Vibrance+<\/strong> steigert die Vitalit\u00e4t und Gesundheit Ihrer Korallen und f\u00f6rdert ein verbessertes Polypenwachstum und eine verbesserte Aktivit\u00e4t. Dieses Produkt ist eine sorgf\u00e4ltig formulierte Mischung aus wasserl\u00f6slichen, nat\u00fcrlich vorkommenden und synthetischen Verbindungen. Es spielt eine entscheidende Rolle bei der Unterst\u00fctzung einer schnellen Zellteilung und eines schnellen Zellwachstums und beeinflusst den Stoffwechsel lebender Zellen erheblich, insbesondere die Proteinsynthese sowie den Stoffwechsel von Fetts\u00e4uren und Aminos\u00e4uren.<\/p>\n<p>Vibrance+ revitalisiert Ihre Korallen wirklich und sorgt daf\u00fcr, dass das Polypenwachstum und die Gesamtaktivit\u00e4t optimal sind. Es gibt nichts Besseres als Vibrance+, um Ihrem Aquarium diesen zus\u00e4tzlichen Schub an Lebendigkeit zu verleihen. \u00dcbersch\u00fcssiges Vibrance+, das in Ihrem Aquarium nicht verwendet wird, kann leicht durch Standardprozesse f\u00fcr organische Abf\u00e4lle und Absch\u00e4umen entfernt werden.<\/p>\n<p><strong>Bitte denken Sie daran, dass Vibrance+ nach dem \u00d6ffnen im K\u00fchlschrank aufbewahrt werden muss.<\/strong><\/p>\n<p><strong>Dosierungsrate:<\/strong> Wir empfehlen, mit einer Dosierung von 1 Tropfen (0,05 ml) pro Tag f\u00fcr jeweils 100 Liter Aquariumwasser zu beginnen, die sowohl morgens als auch abends verabreicht wird. Wenn Sie positive Ergebnisse beobachten und abh\u00e4ngig von der Korallendichte in Ihrem Aquarium, k\u00f6nnen Sie die Dosierung \u00fcber mehrere Wochen hinweg schrittweise auf jeweils 2 Tropfen erh\u00f6hen. Alternativ k\u00f6nnen Sie die Dosis auf 1 Tropfen pro Tag (entweder morgens oder abends) reduzieren und beobachten, ob die Ergebnisse weiterhin zufriedenstellend sind.<\/p>\n<p>Die Dosierungstabelle finden Sie im Bild.<\/p>\n","protected":false},"excerpt":{"rendered":"<p>Coral Essentials Vibrance+ brings vigour and health to your coral, polyp extension and activity is improved<\/p>\n","protected":false},"featured_media":81747,"template":"","meta":[],"pwb-brand":[2279],"product_cat":[1391],"product_tag":[],"class_list":{"0":"post-86405","1":"product","2":"type-product","3":"status-publish","4":"has-post-thumbnail","6":"pwb-brand-coral-essentials","7":"product_cat-ergaenzungen","8":"pa_inhoud-50-ml-de","9":"pa_show-myparcel-options-male-de","11":"first","12":"instock","13":"sale","14":"taxable","15":"shipping-taxable","16":"purchasable","17":"product-type-simple"},"acf":[],"brands":[{"id":2279,"name":"Coral Essentials","slug":"coral-essentials"}],"_links":{"self":[{"href":"https:\/\/www.seaflowerstore.com\/de\/wp-json\/wp\/v2\/product\/86405","targetHints":{"allow":["GET"]}}],"collection":[{"href":"https:\/\/www.seaflowerstore.com\/de\/wp-json\/wp\/v2\/product"}],"about":[{"href":"https:\/\/www.seaflowerstore.com\/de\/wp-json\/wp\/v2\/types\/product"}],"wp:featuredmedia":[{"embeddable":true,"href":"https:\/\/www.seaflowerstore.com\/de\/wp-json\/wp\/v2\/media\/81747"}],"wp:attachment":[{"href":"https:\/\/www.seaflowerstore.com\/de\/wp-json\/wp\/v2\/media?parent=86405"}],"wp:term":[{"taxonomy":"pwb-brand","embeddable":true,"href":"https:\/\/www.seaflowerstore.com\/de\/wp-json\/wp\/v2\/pwb-brand?post=86405"},{"taxonomy":"product_cat","embeddable":true,"href":"https:\/\/www.seaflowerstore.com\/de\/wp-json\/wp\/v2\/product_cat?post=86405"},{"taxonomy":"product_tag","embeddable":true,"href":"https:\/\/www.seaflowerstore.com\/de\/wp-json\/wp\/v2\/product_tag?post=86405"}],"curies":[{"name":"wp","href":"https:\/\/api.w.org\/{rel}","templated":true}]}}