{"id":86406,"date":"2019-06-17T13:50:09","date_gmt":"2019-06-17T11:50:09","guid":{"rendered":"https:\/\/www.seaflowerstore.com\/nl\/coral-essentials-coral-power-bio-clean-50ml\/"},"modified":"2024-03-20T17:04:06","modified_gmt":"2024-03-20T16:04:06","slug":"coral-essentials-coral-power-bio-clean-50ml","status":"publish","type":"product","link":"https:\/\/www.seaflowerstore.com\/de\/coral-essentials-coral-power-bio-clean-50ml\/","title":{"rendered":"Coral Essentials Coral Power Bio Clean &#8211; 50ml"},"content":{"rendered":"<h2>Coral Essentials Coral Power Bio Clean &#8211; 50ml<\/h2>\n<p><strong>Coral Essentials Coral Power Bio Clean<\/strong> ist eine speziell entwickelte L\u00f6sung aus Tonverbindungen f\u00fcr Meerwasseraquarien. Dieses Produkt wirkt als unl\u00f6sliches, anorganisches Bindemittel, das die Absch\u00e4umfunktion verbessert, indem es organische Abf\u00e4lle und gr\u00f6\u00dfere unerw\u00fcnschte Partikel in Ihrem Aquarium effektiv bindet.<\/p>\n<p>Bei regelm\u00e4\u00dfiger Anwendung tr\u00e4gt es dazu bei, das Wasser in Ihrem Meerwasseraquarium klar und sauber zu halten. Um Ihr Aquarium gesund zu halten, ist es wichtig, einen Dosierungsplan einzuhalten, der unten beschrieben wird. Sie k\u00f6nnen die Dosierung leicht an Ihre spezifischen Aquariumbedingungen und die vorhandene Korallendichte anpassen.<\/p>\n<p><strong>Dosierungsrate:<\/strong><\/p>\n<ul>\n<li>Vor Gebrauch gut sch\u00fctteln.<\/li>\n<li>Zweimal pro Woche 1 Tropfen pro 100 Liter Aquariumwasser verabreichen.<\/li>\n<li>Bei einem stark besetzten System sollten Sie die Dosierung auf 3-4 Mal pro Woche erh\u00f6hen.<\/li>\n<\/ul>\n","protected":false},"excerpt":{"rendered":"<p>Coral Essentials Coral Power Bio Clean is a solution of clay compounds for marine aquariums. It is an insoluble, inorganic binder that provides improved skimming function by binding to organic waste and unwanted large elemental particles in the tank.<\/p>\n","protected":false},"featured_media":81744,"template":"","meta":[],"pwb-brand":[2279],"product_cat":[1391,515],"product_tag":[],"class_list":{"0":"post-86406","1":"product","2":"type-product","3":"status-publish","4":"has-post-thumbnail","6":"pwb-brand-coral-essentials","7":"product_cat-ergaenzungen","8":"product_cat-additives","9":"pa_inhoud-50-ml-de","10":"pa_show-myparcel-options-male-de","12":"first","13":"instock","14":"sale","15":"taxable","16":"shipping-taxable","17":"purchasable","18":"product-type-simple"},"acf":[],"brands":[{"id":2279,"name":"Coral Essentials","slug":"coral-essentials"}],"_links":{"self":[{"href":"https:\/\/www.seaflowerstore.com\/de\/wp-json\/wp\/v2\/product\/86406","targetHints":{"allow":["GET"]}}],"collection":[{"href":"https:\/\/www.seaflowerstore.com\/de\/wp-json\/wp\/v2\/product"}],"about":[{"href":"https:\/\/www.seaflowerstore.com\/de\/wp-json\/wp\/v2\/types\/product"}],"wp:featuredmedia":[{"embeddable":true,"href":"https:\/\/www.seaflowerstore.com\/de\/wp-json\/wp\/v2\/media\/81744"}],"wp:attachment":[{"href":"https:\/\/www.seaflowerstore.com\/de\/wp-json\/wp\/v2\/media?parent=86406"}],"wp:term":[{"taxonomy":"pwb-brand","embeddable":true,"href":"https:\/\/www.seaflowerstore.com\/de\/wp-json\/wp\/v2\/pwb-brand?post=86406"},{"taxonomy":"product_cat","embeddable":true,"href":"https:\/\/www.seaflowerstore.com\/de\/wp-json\/wp\/v2\/product_cat?post=86406"},{"taxonomy":"product_tag","embeddable":true,"href":"https:\/\/www.seaflowerstore.com\/de\/wp-json\/wp\/v2\/product_tag?post=86406"}],"curies":[{"name":"wp","href":"https:\/\/api.w.org\/{rel}","templated":true}]}}