{"id":86407,"date":"2019-06-17T13:43:49","date_gmt":"2019-06-17T11:43:49","guid":{"rendered":"https:\/\/www.seaflowerstore.com\/nl\/coral-essentials-coral-power-bacteria-food-50ml\/"},"modified":"2024-03-20T17:04:04","modified_gmt":"2024-03-20T16:04:04","slug":"coral-essentials-coral-power-bacteria-food-50ml","status":"publish","type":"product","link":"https:\/\/www.seaflowerstore.com\/de\/coral-essentials-coral-power-bacteria-food-50ml\/","title":{"rendered":"Coral Essentials Coral Power Bacteria Food &#8211; 50ml"},"content":{"rendered":"<h2>Coral Essentials Coral Power Bacteria Food &#8211; 50ml<\/h2>\n<p>Coral Essentials Coral Power Bacteria Food ist eine wichtige Erg\u00e4nzung zur F\u00f6rderung des Wachstums nitrifizierender Bakterien in allen Meeressystemen. Diese konzentrierte L\u00f6sung aus Essigs\u00e4ure und Saccharose ist perfekt f\u00fcr Meerwasseraquarien, da sie hilft, organische Abf\u00e4lle effektiv abzubauen.<\/p>\n<p>Nitrifizierende Bakterien, auch Nitrifizierer genannt, bestehen aus zwei Arten. Der erste Typ erscheint, sobald Ammoniak erkannt wird, w\u00e4hrend sich der zweite Typ einnistet, wenn Nitrite vorhanden sind. Diese Bakterien sind auf eine biochemische Reaktion angewiesen, die als Oxidation bekannt ist. In sauerstoffarmen Umgebungen verwenden sie Nitrit oder Nitrat als Akzeptor und wechseln im Wesentlichen von der Nitrifizierung zur Denitrifizierung, was zur Entfernung von Nitraten beitr\u00e4gt.<\/p>\n<p>Wenn Ihr Aquarium gut mit Sauerstoff versorgt ist, ben\u00f6tigen diese Bakterien Ammoniak, das als Nahrungsquelle dient, um zu gedeihen. Coral Power Bacteria Food liefert die notwendigen Komponenten, um die effektive Funktion nitrifizierender Bakterien zu unterst\u00fctzen.<\/p>\n<p>Um ein Aquarium gesund zu halten, ist es wichtig, einen Dosierungsplan einzuhalten. Nachfolgend finden Sie die empfohlenen Richtlinien, obwohl Sie die Mengen je nach den spezifischen Bedingungen in Ihrem Aquarium und der vorhandenen Korallendichte anpassen k\u00f6nnen.<\/p>\n<p><strong>Dosierungsrate:<\/strong><\/p>\n<ul>\n<li>Beginnen Sie mit 1 Tropfen pro Tag pro 100 Liter Aquariumwasser.<\/li>\n<li>\u00dcberschreiten Sie nicht 2 Tropfen pro Tag pro 100 Liter Wasser in einem stark besetzten System.<\/li>\n<\/ul>\n","protected":false},"excerpt":{"rendered":"<p>Coral Essentials Coral Power Bacteria Food is essential to promote nitrifying bacteria growth in all marine systems<\/p>\n","protected":false},"featured_media":81741,"template":"","meta":[],"pwb-brand":[2279],"product_cat":[1484,1391],"product_tag":[],"class_list":{"0":"post-86407","1":"product","2":"type-product","3":"status-publish","4":"has-post-thumbnail","6":"pwb-brand-coral-essentials","7":"product_cat-bakterien","8":"product_cat-ergaenzungen","9":"pa_inhoud-50-ml-de","10":"pa_show-myparcel-options-male-de","12":"first","13":"instock","14":"sale","15":"taxable","16":"shipping-taxable","17":"purchasable","18":"product-type-simple"},"acf":[],"brands":[{"id":2279,"name":"Coral Essentials","slug":"coral-essentials"}],"_links":{"self":[{"href":"https:\/\/www.seaflowerstore.com\/de\/wp-json\/wp\/v2\/product\/86407","targetHints":{"allow":["GET"]}}],"collection":[{"href":"https:\/\/www.seaflowerstore.com\/de\/wp-json\/wp\/v2\/product"}],"about":[{"href":"https:\/\/www.seaflowerstore.com\/de\/wp-json\/wp\/v2\/types\/product"}],"wp:featuredmedia":[{"embeddable":true,"href":"https:\/\/www.seaflowerstore.com\/de\/wp-json\/wp\/v2\/media\/81741"}],"wp:attachment":[{"href":"https:\/\/www.seaflowerstore.com\/de\/wp-json\/wp\/v2\/media?parent=86407"}],"wp:term":[{"taxonomy":"pwb-brand","embeddable":true,"href":"https:\/\/www.seaflowerstore.com\/de\/wp-json\/wp\/v2\/pwb-brand?post=86407"},{"taxonomy":"product_cat","embeddable":true,"href":"https:\/\/www.seaflowerstore.com\/de\/wp-json\/wp\/v2\/product_cat?post=86407"},{"taxonomy":"product_tag","embeddable":true,"href":"https:\/\/www.seaflowerstore.com\/de\/wp-json\/wp\/v2\/product_tag?post=86407"}],"curies":[{"name":"wp","href":"https:\/\/api.w.org\/{rel}","templated":true}]}}