{"id":86408,"date":"2019-06-17T13:36:51","date_gmt":"2019-06-17T11:36:51","guid":{"rendered":"https:\/\/www.seaflowerstore.com\/nl\/coral-essentials-coral-power-bromide-50ml\/"},"modified":"2024-03-20T17:04:01","modified_gmt":"2024-03-20T16:04:01","slug":"coral-essentials-coral-power-bromide-50ml","status":"publish","type":"product","link":"https:\/\/www.seaflowerstore.com\/de\/coral-essentials-coral-power-bromide-50ml\/","title":{"rendered":"Coral Essentials Coral Power Bromide &#8211; 50ml"},"content":{"rendered":"<h2>Coral Essentials Coral Power Bromide &#8211; 50ml<\/h2>\n<p><strong>Coral Essentials Coral Power Bromide<\/strong> ist ein fl\u00fcssiger Natriumbromidzusatz, der speziell f\u00fcr Riffaquarien entwickelt wurde. Dieses Produkt enth\u00e4lt eine Konzentration von 50.000 ppm. In nat\u00fcrlichem Meerwasser liegt Brom normalerweise bei etwa 65 ppm. F\u00fcr diejenigen, die Erfahrung mit Meerwasseraquarien haben, ist es ratsam, den Bromidgehalt in ihrem Aquarium regelm\u00e4\u00dfig zu \u00fcberpr\u00fcfen, um die Aufnahme in ihr System zu \u00fcberwachen.<\/p>\n<p><strong>Dosierungsrate:<\/strong> Wir empfehlen, mit einer Dosierung von 1 Tropfen (0,05 ml) pro Tag f\u00fcr jeweils 100 Liter Aquariumwasser zu beginnen. Sie k\u00f6nnen diese im Laufe von etwa einem Monat schrittweise auf 2 Tropfen (0,1 ml) pro Tag erh\u00f6hen. Bitte \u00fcberschreiten Sie nicht 3 Tropfen (0,15 ml) pro Tag f\u00fcr jeweils 100 Liter Wasser, insbesondere bei stark besetzten Systemen. Weitere Einzelheiten finden Sie in der Abbildung der manuellen Dosierungstabelle.<\/p>\n<p>F\u00fcr den fortgeschrittenen Aquarianer gilt: Je 0,1 ml (entspricht 2 Tropfen) erh\u00f6hen den Bromidgehalt um 0,05 ppm pro 100 Liter Wasser. Wenn Sie die Bromid-Abbaurate in Ihrem Aquarium kennen, k\u00f6nnen Sie Ihre Dosierung entsprechend dem tats\u00e4chlichen Verbrauch anpassen.<\/p>\n","protected":false},"excerpt":{"rendered":"<p>Coral Essentials Coral Power Bromide is a liquid Sodium Bromide additive for reef aquaria<\/p>\n","protected":false},"featured_media":81738,"template":"","meta":[],"pwb-brand":[2279],"product_cat":[1391,515],"product_tag":[],"class_list":{"0":"post-86408","1":"product","2":"type-product","3":"status-publish","4":"has-post-thumbnail","6":"pwb-brand-coral-essentials","7":"product_cat-ergaenzungen","8":"product_cat-additives","9":"pa_inhoud-50-ml-de","10":"pa_show-myparcel-options-male-de","12":"first","13":"instock","14":"sale","15":"taxable","16":"shipping-taxable","17":"purchasable","18":"product-type-simple"},"acf":[],"brands":[{"id":2279,"name":"Coral Essentials","slug":"coral-essentials"}],"_links":{"self":[{"href":"https:\/\/www.seaflowerstore.com\/de\/wp-json\/wp\/v2\/product\/86408","targetHints":{"allow":["GET"]}}],"collection":[{"href":"https:\/\/www.seaflowerstore.com\/de\/wp-json\/wp\/v2\/product"}],"about":[{"href":"https:\/\/www.seaflowerstore.com\/de\/wp-json\/wp\/v2\/types\/product"}],"wp:featuredmedia":[{"embeddable":true,"href":"https:\/\/www.seaflowerstore.com\/de\/wp-json\/wp\/v2\/media\/81738"}],"wp:attachment":[{"href":"https:\/\/www.seaflowerstore.com\/de\/wp-json\/wp\/v2\/media?parent=86408"}],"wp:term":[{"taxonomy":"pwb-brand","embeddable":true,"href":"https:\/\/www.seaflowerstore.com\/de\/wp-json\/wp\/v2\/pwb-brand?post=86408"},{"taxonomy":"product_cat","embeddable":true,"href":"https:\/\/www.seaflowerstore.com\/de\/wp-json\/wp\/v2\/product_cat?post=86408"},{"taxonomy":"product_tag","embeddable":true,"href":"https:\/\/www.seaflowerstore.com\/de\/wp-json\/wp\/v2\/product_tag?post=86408"}],"curies":[{"name":"wp","href":"https:\/\/api.w.org\/{rel}","templated":true}]}}