{"id":86409,"date":"2019-06-17T13:28:59","date_gmt":"2019-06-17T11:28:59","guid":{"rendered":"https:\/\/www.seaflowerstore.com\/nl\/coral-essentials-coral-power-f-w-dip-50ml\/"},"modified":"2025-02-13T19:22:11","modified_gmt":"2025-02-13T18:22:11","slug":"coral-essentials-coral-power-f-w-dip-50ml","status":"publish","type":"product","link":"https:\/\/www.seaflowerstore.com\/de\/coral-essentials-coral-power-f-w-dip-50ml\/","title":{"rendered":"Coral Essentials Coral Power F\/W Dip &#8211; 50ml"},"content":{"rendered":"<h2>Coral Essentials Coral Power F\/W Dip &#8211; 50ml<\/h2>\n<p><strong>Coral Essentials Coral Power F\/W Dip<\/strong> ist eine hochwirksame L\u00f6sung zur Beseitigung von Plattw\u00fcrmern aus SPS-Korallen. Dieses Produkt ist eine einzigartige Mischung aus Teebaum\u00f6l und Isopropylalkohol, die sich als au\u00dferordentlich wirksam bei der Entfernung von Plattw\u00fcrmern aus verschiedenen Korallenarten, insbesondere SPS, erwiesen hat.<\/p>\n<p><strong>Wichtiger Hinweis:<\/strong> <em>NICHT bei Montipora-Arten VERWENDEN.<\/em><\/p>\n<p><strong>Gebrauchsanweisung:<\/strong><\/p>\n<ul>\n<li>Verd\u00fcnnen Sie 1 ml Coral Power F\/W Dip in 1 Liter Salzwasser aus Ihrem System.<\/li>\n<li>Tauchen Sie die betroffene Koralle 30 Sekunden bis 1 Minute lang vollst\u00e4ndig in die L\u00f6sung ein.<\/li>\n<li>Sch\u00fctteln Sie die Koralle kr\u00e4ftig in der L\u00f6sung und verwenden Sie dabei eine Drehbewegung, um den Plattwurm aus der Korallenstruktur zu l\u00f6sen.<\/li>\n<li>Sp\u00fclen Sie die Koralle in einem separaten Beh\u00e4lter mit Salzwasser ab, bevor Sie sie wieder in Ihr Aquarium setzen.<\/li>\n<li>Wiederholen Sie diesen Vorgang bei Bedarf nach 7 Tagen, um die Fortpflanzung zu unterbrechen Zyklus.<\/li>\n<\/ul>\n<p>Mit diesem Produkt k\u00f6nnen Sie daf\u00fcr sorgen, dass Ihre Korallen gesund bleiben und gedeihen. Viel Spa\u00df bei der Riffpflege!<\/p>\n","protected":false},"excerpt":{"rendered":"<p>Coral Essentials Coral Power FW Dip is a very effective product to remove flatworm from SPS Coral<\/p>\n","protected":false},"featured_media":81736,"template":"","meta":[],"pwb-brand":[2279],"product_cat":[1391,1390,515],"product_tag":[],"class_list":{"0":"post-86409","1":"product","2":"type-product","3":"status-publish","4":"has-post-thumbnail","6":"pwb-brand-coral-essentials","7":"product_cat-ergaenzungen","8":"product_cat-medikamente","9":"product_cat-additives","10":"pa_inhoud-50-ml-de","11":"pa_show-myparcel-options-male-de","13":"first","14":"instock","15":"sale","16":"taxable","17":"shipping-taxable","18":"purchasable","19":"product-type-simple"},"acf":[],"brands":[{"id":2279,"name":"Coral Essentials","slug":"coral-essentials"}],"_links":{"self":[{"href":"https:\/\/www.seaflowerstore.com\/de\/wp-json\/wp\/v2\/product\/86409","targetHints":{"allow":["GET"]}}],"collection":[{"href":"https:\/\/www.seaflowerstore.com\/de\/wp-json\/wp\/v2\/product"}],"about":[{"href":"https:\/\/www.seaflowerstore.com\/de\/wp-json\/wp\/v2\/types\/product"}],"wp:featuredmedia":[{"embeddable":true,"href":"https:\/\/www.seaflowerstore.com\/de\/wp-json\/wp\/v2\/media\/81736"}],"wp:attachment":[{"href":"https:\/\/www.seaflowerstore.com\/de\/wp-json\/wp\/v2\/media?parent=86409"}],"wp:term":[{"taxonomy":"pwb-brand","embeddable":true,"href":"https:\/\/www.seaflowerstore.com\/de\/wp-json\/wp\/v2\/pwb-brand?post=86409"},{"taxonomy":"product_cat","embeddable":true,"href":"https:\/\/www.seaflowerstore.com\/de\/wp-json\/wp\/v2\/product_cat?post=86409"},{"taxonomy":"product_tag","embeddable":true,"href":"https:\/\/www.seaflowerstore.com\/de\/wp-json\/wp\/v2\/product_tag?post=86409"}],"curies":[{"name":"wp","href":"https:\/\/api.w.org\/{rel}","templated":true}]}}