{"id":86410,"date":"2019-06-17T13:17:34","date_gmt":"2019-06-17T11:17:34","guid":{"rendered":"https:\/\/www.seaflowerstore.com\/nl\/coral-essentials-coral-power-potassium-50ml\/"},"modified":"2024-03-20T17:03:56","modified_gmt":"2024-03-20T16:03:56","slug":"coral-essentials-coral-power-potassium-50ml","status":"publish","type":"product","link":"https:\/\/www.seaflowerstore.com\/de\/coral-essentials-coral-power-potassium-50ml\/","title":{"rendered":"Coral Essentials Coral Power Potassium &#8211; 50ml"},"content":{"rendered":"<h2>Coral Essentials Coral Power Potassium &#8211; 50ml<\/h2>\n<p><strong>Coral Essentials Coral Power Potassium<\/strong> ist eine konzentrierte Kaliumchloridl\u00f6sung mit einer beeindruckenden Konzentration von 150.000 ppm, die speziell f\u00fcr Meerwasseraquarien entwickelt wurde. Dieses Produkt ist entscheidend f\u00fcr das gesunde Wachstum von Weich- und Steinkorallen, verst\u00e4rkt die leuchtenden Rot- und Rosat\u00f6ne der Korallen und f\u00f6rdert das Wachstum des Korallenexoskeletts.<\/p>\n<p>Kalium ist eines der Grundelemente f\u00fcr Meerwasseraquarien. Die ideale Konzentration sollte zwischen 380 und 450 mg\/l (ppm) liegen. Es spielt eine wichtige Rolle bei der Bildung des Korallenskeletts und verschiedenen zellul\u00e4ren Prozessen. Dar\u00fcber hinaus wird es von Zooxanthellen verwendet, da es direkt an der Biosynthese von Glukose durch Photosynthese beteiligt ist.<\/p>\n<p>Es ist wichtig zu beachten, dass Abweichungen \u00fcber und unter der empfohlenen Dosierung basierend auf den Bedingungen in Ihrem Tank und der vorhandenen Korallendichte angepasst werden k\u00f6nnen.<\/p>\n<p><strong>Dosierungsrate:<\/strong> Wir empfehlen, mit 1 Tropfen pro Tag pro 100 Liter Tankwasser zu beginnen. Bitte \u00fcberschreiten Sie 2 Tropfen pro Tag pro 100 Liter in einem stark besetzten System nicht.<\/p>\n<p>F\u00fcr fortgeschrittene Aquarianer erh\u00f6hen 0,1 ml (oder 2 Tropfen) den Kaliumspiegel um 0,15 ppm (mg\/L) pro 100 Liter Tankwasser. Wenn Sie wissen, wie schnell Kalium in Ihrem Aquarium abgebaut wird, passen Sie Ihre Dosierung entsprechend an.<\/p>\n<p>Eine genauere Dosierung finden Sie in den <em>manuellen Dosierungstabellen<\/em>. Um die optimale Gesundheit Ihres Meeres\u00f6kosystems zu erreichen, sollten Sie eine <em>Dosierung nach Verwendungszweck<\/em> in Betracht ziehen.<\/p>\n","protected":false},"excerpt":{"rendered":"<p>Coral Essentials Coral Power Potassium is essential for healthy growth of both soft and hard coral, enhanced red and pink colouration in corals, as well as promoting coral exoskeleton growth.<\/p>\n","protected":false},"featured_media":81734,"template":"","meta":[],"pwb-brand":[2279],"product_cat":[1391,515],"product_tag":[],"class_list":{"0":"post-86410","1":"product","2":"type-product","3":"status-publish","4":"has-post-thumbnail","6":"pwb-brand-coral-essentials","7":"product_cat-ergaenzungen","8":"product_cat-additives","9":"pa_inhoud-50-ml-de","10":"pa_show-myparcel-options-male-de","12":"first","13":"instock","14":"sale","15":"taxable","16":"shipping-taxable","17":"purchasable","18":"product-type-simple"},"acf":[],"brands":[{"id":2279,"name":"Coral Essentials","slug":"coral-essentials"}],"_links":{"self":[{"href":"https:\/\/www.seaflowerstore.com\/de\/wp-json\/wp\/v2\/product\/86410","targetHints":{"allow":["GET"]}}],"collection":[{"href":"https:\/\/www.seaflowerstore.com\/de\/wp-json\/wp\/v2\/product"}],"about":[{"href":"https:\/\/www.seaflowerstore.com\/de\/wp-json\/wp\/v2\/types\/product"}],"wp:featuredmedia":[{"embeddable":true,"href":"https:\/\/www.seaflowerstore.com\/de\/wp-json\/wp\/v2\/media\/81734"}],"wp:attachment":[{"href":"https:\/\/www.seaflowerstore.com\/de\/wp-json\/wp\/v2\/media?parent=86410"}],"wp:term":[{"taxonomy":"pwb-brand","embeddable":true,"href":"https:\/\/www.seaflowerstore.com\/de\/wp-json\/wp\/v2\/pwb-brand?post=86410"},{"taxonomy":"product_cat","embeddable":true,"href":"https:\/\/www.seaflowerstore.com\/de\/wp-json\/wp\/v2\/product_cat?post=86410"},{"taxonomy":"product_tag","embeddable":true,"href":"https:\/\/www.seaflowerstore.com\/de\/wp-json\/wp\/v2\/product_tag?post=86410"}],"curies":[{"name":"wp","href":"https:\/\/api.w.org\/{rel}","templated":true}]}}