{"id":86411,"date":"2019-06-17T13:09:40","date_gmt":"2019-06-17T11:09:40","guid":{"rendered":"https:\/\/www.seaflowerstore.com\/nl\/coral-essentials-coral-power-fluoride-50ml\/"},"modified":"2024-03-20T17:03:52","modified_gmt":"2024-03-20T16:03:52","slug":"coral-essentials-coral-power-fluoride-50ml","status":"publish","type":"product","link":"https:\/\/www.seaflowerstore.com\/de\/coral-essentials-coral-power-fluoride-50ml\/","title":{"rendered":"Coral Essentials Coral Power Fluoride &#8211; 50ml"},"content":{"rendered":"<h2>Coral Essentials Coral Power Fluoride is a concentrated solution of Sodium Fluoride for marine aquariums<\/h2>\n<p><strong>Coral Power Fluoride<\/strong> ist eine konzentrierte Natriumfluoridl\u00f6sung mit 30.000 ppm (mg\/l), die speziell f\u00fcr Meerwasseraquarien entwickelt wurde. Dieses Produkt ist wichtig, um gesundes Wachstum bei Weich- und Steinkorallen zu f\u00f6rdern, die blaue und violette F\u00e4rbung zu verst\u00e4rken und Zooxanthellen zu regulieren.<\/p>\n<p>Fluorid spielt eine entscheidende Rolle im Kalkbildungsprozess von Korallen und ist im Skelett als Natriumfluorid und Kalziumfluorid vorhanden. Mikroskopische Analysen zeigen, dass Fluorid ein wichtiges Kalkbildungselement ist, das die Ablagerung von Kalziumkarbonat unterst\u00fctzt, \u00e4hnlich wie Strontium funktioniert.<\/p>\n<p>Um sicherzustellen, dass Ihre Korallen gedeihen, ist es wichtig, einen Dosierungsplan wie unten beschrieben einzuhalten. Je nach den Bedingungen in Ihrem Aquarium und der Dichte der vorhandenen Korallen k\u00f6nnen Anpassungen \u00fcber oder unter der empfohlenen Dosierung vorgenommen werden.<\/p>\n<h3>Dosierungsrichtlinien<\/h3>\n<ul>\n<li>Wir empfehlen, mit 1 Tropfen pro Tag pro 100 l Aquariumwasser zu beginnen.<\/li>\n<li>Bei einem stark besetzten System sollten Sie 2 Tropfen pro Tag pro 100 l Wasser nicht \u00fcberschreiten.<\/li>\n<li>F\u00fcr fortgeschrittene Aquarianer erh\u00f6hen 0,1 ml (2 Tropfen) den Fluoridgehalt um 0,03 ppm (mg\/l) pro 100 l Aquariumwasser.<\/li>\n<li>Wenn Sie die Fluoridabbaurate kennen, dosieren Sie bitte entsprechend.<\/li>\n<\/ul>\n<p>Indem Sie diese Richtlinien befolgen, k\u00f6nnen Sie eine ges\u00fcndere und lebendigere Umgebung f\u00fcr Ihr Meeresleben schaffen. Viel Spa\u00df beim Aquascaping!<\/p>\n","protected":false},"excerpt":{"rendered":"<p>Coral Essentials Coral Power Fluoride is a concentrated solution of Sodium Fluoride for marine aquariums<\/p>\n","protected":false},"featured_media":81731,"template":"","meta":[],"pwb-brand":[2279],"product_cat":[1391,515],"product_tag":[],"class_list":{"0":"post-86411","1":"product","2":"type-product","3":"status-publish","4":"has-post-thumbnail","6":"pwb-brand-coral-essentials","7":"product_cat-ergaenzungen","8":"product_cat-additives","9":"pa_inhoud-50-ml-de","10":"pa_show-myparcel-options-male-de","12":"first","13":"instock","14":"sale","15":"taxable","16":"shipping-taxable","17":"purchasable","18":"product-type-simple"},"acf":[],"brands":[{"id":2279,"name":"Coral Essentials","slug":"coral-essentials"}],"_links":{"self":[{"href":"https:\/\/www.seaflowerstore.com\/de\/wp-json\/wp\/v2\/product\/86411","targetHints":{"allow":["GET"]}}],"collection":[{"href":"https:\/\/www.seaflowerstore.com\/de\/wp-json\/wp\/v2\/product"}],"about":[{"href":"https:\/\/www.seaflowerstore.com\/de\/wp-json\/wp\/v2\/types\/product"}],"wp:featuredmedia":[{"embeddable":true,"href":"https:\/\/www.seaflowerstore.com\/de\/wp-json\/wp\/v2\/media\/81731"}],"wp:attachment":[{"href":"https:\/\/www.seaflowerstore.com\/de\/wp-json\/wp\/v2\/media?parent=86411"}],"wp:term":[{"taxonomy":"pwb-brand","embeddable":true,"href":"https:\/\/www.seaflowerstore.com\/de\/wp-json\/wp\/v2\/pwb-brand?post=86411"},{"taxonomy":"product_cat","embeddable":true,"href":"https:\/\/www.seaflowerstore.com\/de\/wp-json\/wp\/v2\/product_cat?post=86411"},{"taxonomy":"product_tag","embeddable":true,"href":"https:\/\/www.seaflowerstore.com\/de\/wp-json\/wp\/v2\/product_tag?post=86411"}],"curies":[{"name":"wp","href":"https:\/\/api.w.org\/{rel}","templated":true}]}}