{"id":86413,"date":"2019-06-14T20:22:36","date_gmt":"2019-06-14T18:22:36","guid":{"rendered":"https:\/\/www.seaflowerstore.com\/nl\/coral-essentials-coral-power-iodine-50ml\/"},"modified":"2024-03-20T17:03:47","modified_gmt":"2024-03-20T16:03:47","slug":"coral-essentials-coral-power-iodine-50ml","status":"publish","type":"product","link":"https:\/\/www.seaflowerstore.com\/de\/coral-essentials-coral-power-iodine-50ml\/","title":{"rendered":"Coral Essentials Coral Power Iodine &#8211; 50ml"},"content":{"rendered":"<h2>Coral Essentials Coral Power Iodine &#8211; 50ml<\/h2>\n<p>Coral Essentials Coral Power Iodine ist eine konzentrierte Mischung aus Kaliumiodid mit 10.000 ppm (1 %), die speziell f\u00fcr Meerwasseraquarien entwickelt wurde. Dieses Produkt ist f\u00fcr das gesunde Wachstum von Weich- und Steinkorallen unerl\u00e4sslich und unterst\u00fctzt das Wachstum von Makroalgen. Dar\u00fcber hinaus verst\u00e4rkt Jod die blaue F\u00e4rbung von Korallen.<\/p>\n<p>Jod ist ein essentielles Element, das eine entscheidende Rolle bei der Zellfunktion und dem N\u00e4hrstofftransfer innerhalb der Zellen spielt. Korallen verwenden Jod zur Synthese von Pigmenten, wodurch sie sich an unterschiedliche Lichtverh\u00e4ltnisse anpassen und gleichzeitig vor UV-Strahlung gesch\u00fctzt werden k\u00f6nnen.<\/p>\n<p>Wirbellose Tiere mit Exoskeletten wie Garnelen und Krabben sind w\u00e4hrend ihres Wachstums ebenfalls auf Jod angewiesen, um ein ordnungsgem\u00e4\u00dfes Exoskelett zu bilden. Um die Gesundheit Ihrer Korallen, Wirbellosen und Makroalgen zu f\u00f6rdern, ist es wichtig, einen Dosierungsplan zu befolgen, der je nach den Bedingungen in Ihrem Aquarium und der Korallendichte angepasst werden kann.<\/p>\n<p><strong>Dosierungsrate:<\/strong> Wir empfehlen, mit 1 Tropfen pro Tag pro 100 Liter Aquariumwasser zu beginnen. Bitte \u00fcberschreiten Sie nicht 2 Tropfen pro Tag pro 100 Liter in einem stark besetzten Aquarium.<\/p>\n<p>F\u00fcr fortgeschrittene Aquarianer erh\u00f6hen 0,1 ml (entspricht 2 Tropfen) den Jodgehalt um 0,01 ppm (mg\/L) pro 100 Liter Aquariumwasser. Wenn Sie die Jodabbaurate in Ihrem System kennen, passen Sie die Dosierung bitte entsprechend der Nutzung an.<\/p>\n","protected":false},"excerpt":{"rendered":"<p>Iodine is a concentrated blend of Potassium Iodide 10,000 ppm (1%) for marine aquariums<\/p>\n","protected":false},"featured_media":81725,"template":"","meta":[],"pwb-brand":[2279],"product_cat":[1391],"product_tag":[],"class_list":{"0":"post-86413","1":"product","2":"type-product","3":"status-publish","4":"has-post-thumbnail","6":"pwb-brand-coral-essentials","7":"product_cat-ergaenzungen","8":"pa_inhoud-50-ml-de","9":"pa_show-myparcel-options-male-de","11":"first","12":"outofstock","13":"sale","14":"taxable","15":"shipping-taxable","16":"purchasable","17":"product-type-simple"},"acf":[],"brands":[{"id":2279,"name":"Coral Essentials","slug":"coral-essentials"}],"_links":{"self":[{"href":"https:\/\/www.seaflowerstore.com\/de\/wp-json\/wp\/v2\/product\/86413","targetHints":{"allow":["GET"]}}],"collection":[{"href":"https:\/\/www.seaflowerstore.com\/de\/wp-json\/wp\/v2\/product"}],"about":[{"href":"https:\/\/www.seaflowerstore.com\/de\/wp-json\/wp\/v2\/types\/product"}],"wp:featuredmedia":[{"embeddable":true,"href":"https:\/\/www.seaflowerstore.com\/de\/wp-json\/wp\/v2\/media\/81725"}],"wp:attachment":[{"href":"https:\/\/www.seaflowerstore.com\/de\/wp-json\/wp\/v2\/media?parent=86413"}],"wp:term":[{"taxonomy":"pwb-brand","embeddable":true,"href":"https:\/\/www.seaflowerstore.com\/de\/wp-json\/wp\/v2\/pwb-brand?post=86413"},{"taxonomy":"product_cat","embeddable":true,"href":"https:\/\/www.seaflowerstore.com\/de\/wp-json\/wp\/v2\/product_cat?post=86413"},{"taxonomy":"product_tag","embeddable":true,"href":"https:\/\/www.seaflowerstore.com\/de\/wp-json\/wp\/v2\/product_tag?post=86413"}],"curies":[{"name":"wp","href":"https:\/\/api.w.org\/{rel}","templated":true}]}}