{"id":86414,"date":"2019-06-14T20:22:25","date_gmt":"2019-06-14T18:22:25","guid":{"rendered":"https:\/\/www.seaflowerstore.com\/nl\/coral-essentials-coral-power-iron-50ml\/"},"modified":"2024-03-20T17:03:44","modified_gmt":"2024-03-20T16:03:44","slug":"coral-essentials-coral-power-iron-50ml","status":"publish","type":"product","link":"https:\/\/www.seaflowerstore.com\/de\/coral-essentials-coral-power-iron-50ml\/","title":{"rendered":"Coral Essentials Coral Power Iron &#8211; 50ml"},"content":{"rendered":"<h2>Coral Essentials Coral Power Iron &#8211; 50ml<\/h2>\n<p>Coral Power Iron ist eine konzentrierte Eisenmischung, die speziell f\u00fcr Meerwasseraquarien entwickelt wurde. Es spielt eine wichtige Rolle bei der Photosynthese der Zooxanthellen, f\u00f6rdert das gesunde Wachstum der Makroalgen und verst\u00e4rkt die gr\u00fcne F\u00e4rbung der Korallen. Dar\u00fcber hinaus ist Eisen ein grundlegendes Element, das am bakteriellen Stoffwechsel und verschiedenen physiologischen Prozessen in Meerwasseraquarien beteiligt ist. Es kann auch die Enzymfunktionalit\u00e4t unterst\u00fctzen. In Systemen mit hoher Bakterienmasse kann Eisen jedoch schnell ersch\u00f6pft sein.<\/p>\n<p>Um die Gesundheit der SPS-Korallen zu gew\u00e4hrleisten, das Gleichgewicht der Zooxanthellen aufrechtzuerhalten und sowohl die Funktionen der Makroalgen als auch der Bakterien zu unterst\u00fctzen, ist es wichtig, einen Dosierungsplan wie unten beschrieben einzuhalten. Sie k\u00f6nnen die Dosierung leicht an die spezifischen Bedingungen in Ihrem Aquarium und die Korallendichte anpassen.<\/p>\n<p>Unser Coral Power Iron hat eine Konzentration von 100.000 ppm.<\/p>\n<p><strong>Dosierungsrate:<\/strong><\/p>\n<ul>\n<li>Wir empfehlen, mit 1 Tropfen pro Tag pro 100 Liter Aquariumwasser zu beginnen.<\/li>\n<li>Wenn die Ergebnisse positiv sind, k\u00f6nnen Sie die Dosis im Laufe von etwa einem Monat schrittweise auf 2 Tropfen pro Tag erh\u00f6hen, je nach Korallendichte in Ihrem Aquarium.<\/li>\n<li>Bei einem stark besetzten System sollten Sie 2 Tropfen pro Tag pro 100 Liter Wasser nicht \u00fcberschreiten.<\/li>\n<\/ul>\n<p>F\u00fcr fortgeschrittene Aquarianer erh\u00f6hen 0,1 ml (entspricht 2 Tropfen) den Eisengehalt um 0,1 ppm (mg\/l) pro 100 Liter Aquariumwasser. Wenn Sie Ihren Eisenabbau kennen, passen Sie Ihre Dosierung entsprechend an.<\/p>\n","protected":false},"excerpt":{"rendered":"<p>Coral Essentials Coral Power Iron is a concentrated blend of Iron for marine aquariums<\/p>\n","protected":false},"featured_media":81722,"template":"","meta":[],"pwb-brand":[2279],"product_cat":[1391],"product_tag":[],"class_list":{"0":"post-86414","1":"product","2":"type-product","3":"status-publish","4":"has-post-thumbnail","6":"pwb-brand-coral-essentials","7":"product_cat-ergaenzungen","8":"pa_inhoud-50-ml-de","9":"pa_show-myparcel-options-male-de","11":"first","12":"instock","13":"sale","14":"taxable","15":"shipping-taxable","16":"purchasable","17":"product-type-simple"},"acf":[],"brands":[{"id":2279,"name":"Coral Essentials","slug":"coral-essentials"}],"_links":{"self":[{"href":"https:\/\/www.seaflowerstore.com\/de\/wp-json\/wp\/v2\/product\/86414","targetHints":{"allow":["GET"]}}],"collection":[{"href":"https:\/\/www.seaflowerstore.com\/de\/wp-json\/wp\/v2\/product"}],"about":[{"href":"https:\/\/www.seaflowerstore.com\/de\/wp-json\/wp\/v2\/types\/product"}],"wp:featuredmedia":[{"embeddable":true,"href":"https:\/\/www.seaflowerstore.com\/de\/wp-json\/wp\/v2\/media\/81722"}],"wp:attachment":[{"href":"https:\/\/www.seaflowerstore.com\/de\/wp-json\/wp\/v2\/media?parent=86414"}],"wp:term":[{"taxonomy":"pwb-brand","embeddable":true,"href":"https:\/\/www.seaflowerstore.com\/de\/wp-json\/wp\/v2\/pwb-brand?post=86414"},{"taxonomy":"product_cat","embeddable":true,"href":"https:\/\/www.seaflowerstore.com\/de\/wp-json\/wp\/v2\/product_cat?post=86414"},{"taxonomy":"product_tag","embeddable":true,"href":"https:\/\/www.seaflowerstore.com\/de\/wp-json\/wp\/v2\/product_tag?post=86414"}],"curies":[{"name":"wp","href":"https:\/\/api.w.org\/{rel}","templated":true}]}}