{"id":86415,"date":"2019-06-14T20:01:52","date_gmt":"2019-06-14T18:01:52","guid":{"rendered":"https:\/\/www.seaflowerstore.com\/nl\/coral-essentials-coral-power-boron-50ml\/"},"modified":"2024-03-20T17:03:41","modified_gmt":"2024-03-20T16:03:41","slug":"coral-essentials-coral-power-boron-50ml","status":"publish","type":"product","link":"https:\/\/www.seaflowerstore.com\/de\/coral-essentials-coral-power-boron-50ml\/","title":{"rendered":"Coral Essentials Coral Power Boron &#8211; 50ml"},"content":{"rendered":"<h2>Coral Essentials Coral Power Boron &#8211; 50ml<\/h2>\n<p><strong>Coral Essentials Coral Power Boron 50 ml<\/strong> ist ein konzentrierter fl\u00fcssiger Borzusatz mit einer Konzentration von 50.000 ppm (mg\/l). In nat\u00fcrlichem Meerwasser ist Bor normalerweise in Konzentrationen von etwa 4\u20135 ppm vorhanden. Dieses essentielle Element spielt eine Schl\u00fcsselrolle bei der Bildung von Korallenskeletten, da es zusammen mit Kalziumkarbonat ausf\u00e4llt. Dar\u00fcber hinaus tr\u00e4gt Bor leicht dazu bei, den pH-Wert des Aquarienwassers zu puffern.<\/p>\n<p>F\u00fcr diejenigen, die mehr Erfahrung in der Aquarienpflege haben, ist es wichtig, den Borgehalt in Meerwasseraquarien regelm\u00e4\u00dfig zu \u00fcberpr\u00fcfen, um zu \u00fcberwachen, wie viel in Ihrem System verbraucht wird. Sie k\u00f6nnen den Borverbrauch berechnen, indem Sie regelm\u00e4\u00dfig Tests durchf\u00fchren und dann Ihren Dosierungsbedarf bestimmen, um ihn der Ersch\u00f6pfungsrate anzupassen. Es ist ratsam, die Werte weiterhin alle ein bis zwei Wochen zu \u00fcberpr\u00fcfen.<\/p>\n<p><strong>Dosierungsrate:<\/strong> Wir empfehlen, mit 1 Tropfen pro Tag pro 100 Liter Aquarienwasser zu beginnen. Sie k\u00f6nnen die Menge im Laufe eines Monats schrittweise auf 2 Tropfen pro Tag erh\u00f6hen. Bitte \u00fcberschreiten Sie nicht 3 Tropfen pro Tag pro 100 Liter Wasser, insbesondere bei stark besetzten Systemen. Detailliertere Dosierungsinformationen finden Sie in den manuellen Dosierungstabellen.<\/p>\n<p>F\u00fcr fortgeschrittene Aquarianer erh\u00f6ht eine Dosierung von 0,1 ml (das sind etwa 2 Tropfen) den Borgehalt um 0,05 ppm (mg\/L) pro 100 Liter Tankwasser. Wenn Sie die Borabbaurate in Ihrem Aquarium kennen, passen Sie Ihre Dosierung bitte entsprechend der Nutzung an.<\/p>\n","protected":false},"excerpt":{"rendered":"<p>Coral Essentials Coral Power Boron is a concentrated liquid boron additive<\/p>\n","protected":false},"featured_media":81719,"template":"","meta":[],"pwb-brand":[2279],"product_cat":[1391],"product_tag":[],"class_list":{"0":"post-86415","1":"product","2":"type-product","3":"status-publish","4":"has-post-thumbnail","6":"pwb-brand-coral-essentials","7":"product_cat-ergaenzungen","8":"pa_inhoud-50-ml-de","9":"pa_show-myparcel-options-male-de","11":"first","12":"outofstock","13":"sale","14":"taxable","15":"shipping-taxable","16":"purchasable","17":"product-type-simple"},"acf":[],"brands":[{"id":2279,"name":"Coral Essentials","slug":"coral-essentials"}],"_links":{"self":[{"href":"https:\/\/www.seaflowerstore.com\/de\/wp-json\/wp\/v2\/product\/86415","targetHints":{"allow":["GET"]}}],"collection":[{"href":"https:\/\/www.seaflowerstore.com\/de\/wp-json\/wp\/v2\/product"}],"about":[{"href":"https:\/\/www.seaflowerstore.com\/de\/wp-json\/wp\/v2\/types\/product"}],"wp:featuredmedia":[{"embeddable":true,"href":"https:\/\/www.seaflowerstore.com\/de\/wp-json\/wp\/v2\/media\/81719"}],"wp:attachment":[{"href":"https:\/\/www.seaflowerstore.com\/de\/wp-json\/wp\/v2\/media?parent=86415"}],"wp:term":[{"taxonomy":"pwb-brand","embeddable":true,"href":"https:\/\/www.seaflowerstore.com\/de\/wp-json\/wp\/v2\/pwb-brand?post=86415"},{"taxonomy":"product_cat","embeddable":true,"href":"https:\/\/www.seaflowerstore.com\/de\/wp-json\/wp\/v2\/product_cat?post=86415"},{"taxonomy":"product_tag","embeddable":true,"href":"https:\/\/www.seaflowerstore.com\/de\/wp-json\/wp\/v2\/product_tag?post=86415"}],"curies":[{"name":"wp","href":"https:\/\/api.w.org\/{rel}","templated":true}]}}