{"id":86416,"date":"2019-06-14T19:47:41","date_gmt":"2019-06-14T17:47:41","guid":{"rendered":"https:\/\/www.seaflowerstore.com\/nl\/coral-essentials-coral-power-amino-50ml\/"},"modified":"2024-03-20T17:03:38","modified_gmt":"2024-03-20T16:03:38","slug":"coral-essentials-coral-power-amino-50ml","status":"publish","type":"product","link":"https:\/\/www.seaflowerstore.com\/de\/coral-essentials-coral-power-amino-50ml\/","title":{"rendered":"Coral Essentials Coral Power Amino &#8211; 50ml"},"content":{"rendered":"<h2>Coral Essentials Coral Power Amino &#8211; 50ml<\/h2>\n<p><strong>Coral Essentials Coral Power Amino 50 ml<\/strong> ist eine konzentrierte Mischung aus essentiellen Aminos\u00e4uren, die speziell f\u00fcr Meerwasseraquarien entwickelt wurde. Diese Aminos\u00e4uren spielen eine entscheidende Rolle bei der Enzymproduktion, dem Gewebewachstum und der Skelettbildung. Korallen sind auf Aminos\u00e4uren angewiesen, um Proteine \u200b\u200baufzubauen, die f\u00fcr die Gewebeentwicklung erforderlich sind, und um die organische Matrix zu bilden, die die Ablagerung von Kalziumkarbonat reguliert und beschleunigt, ein Prozess, der als Kalzifizierung bekannt ist (Allemand et al. 2004).<\/p>\n<p>Diese organische Matrix besteht aus Proteinen und anderen Verbindungen, die f\u00fcr die Biomineralisierung unerl\u00e4sslich sind. Um das Wachstum von SPS-Korallen zu f\u00f6rdern, ist es wichtig, sich an den unten beschriebenen Dosierungsplan zu halten. Anpassungen der empfohlenen Dosierung k\u00f6nnen je nach den Bedingungen in Ihrem Aquarium und der vorhandenen Korallendichte vorgenommen werden. H\u00f6here Konzentrationen von Aminos\u00e4uren k\u00f6nnen von Korallen effektiv genutzt werden, es ist jedoch ratsam, hohe Dosierungen zu vermeiden, wenn Ihr Aquarium erh\u00f6hte Phosphat- und Nitratwerte aufweist, da dies zu Algenausbr\u00fcchen f\u00fchren kann.<\/p>\n<p><strong>Bitte beachten:<\/strong> Coral Essentials Coral Power Amino sollte an einem k\u00fchlen, dunklen Ort aufbewahrt werden und es ist vorzuziehen, es nach dem \u00d6ffnen im K\u00fchlschrank aufzubewahren.<\/p>\n<p><strong>Dosierungsrate:<\/strong> Wir empfehlen, mit 1 Tropfen pro Tag pro 100 Liter Tankwasser zu beginnen. Wenn Sie positive Ergebnisse beobachten, k\u00f6nnen Sie die Dosierung im Laufe von etwa einem Monat schrittweise auf 2 Tropfen pro Tag erh\u00f6hen, abh\u00e4ngig von der Korallendichte in Ihrem Tank. Es ist wichtig, sehr niedrige N\u00e4hrstoffwerte beizubehalten. Wir empfehlen, in einem stark besetzten System nicht mehr als 3 Tropfen pro Tag pro 100 Liter Wasser zu verwenden.<\/p>\n<p><strong>Eine Dosierungsreferenz finden Sie im Bild unten.<\/strong><\/p>\n","protected":false},"excerpt":{"rendered":"<p>Coral Essentials Coral Power Amino is a concentrated blend of essential amino acids for marine aquariums<\/p>\n","protected":false},"featured_media":81715,"template":"","meta":[],"pwb-brand":[2279],"product_cat":[1391,515],"product_tag":[],"class_list":{"0":"post-86416","1":"product","2":"type-product","3":"status-publish","4":"has-post-thumbnail","6":"pwb-brand-coral-essentials","7":"product_cat-ergaenzungen","8":"product_cat-additives","9":"pa_inhoud-50-ml-de","10":"pa_show-myparcel-options-male-de","12":"first","13":"instock","14":"sale","15":"taxable","16":"shipping-taxable","17":"purchasable","18":"product-type-simple"},"acf":[],"brands":[{"id":2279,"name":"Coral Essentials","slug":"coral-essentials"}],"_links":{"self":[{"href":"https:\/\/www.seaflowerstore.com\/de\/wp-json\/wp\/v2\/product\/86416","targetHints":{"allow":["GET"]}}],"collection":[{"href":"https:\/\/www.seaflowerstore.com\/de\/wp-json\/wp\/v2\/product"}],"about":[{"href":"https:\/\/www.seaflowerstore.com\/de\/wp-json\/wp\/v2\/types\/product"}],"wp:featuredmedia":[{"embeddable":true,"href":"https:\/\/www.seaflowerstore.com\/de\/wp-json\/wp\/v2\/media\/81715"}],"wp:attachment":[{"href":"https:\/\/www.seaflowerstore.com\/de\/wp-json\/wp\/v2\/media?parent=86416"}],"wp:term":[{"taxonomy":"pwb-brand","embeddable":true,"href":"https:\/\/www.seaflowerstore.com\/de\/wp-json\/wp\/v2\/pwb-brand?post=86416"},{"taxonomy":"product_cat","embeddable":true,"href":"https:\/\/www.seaflowerstore.com\/de\/wp-json\/wp\/v2\/product_cat?post=86416"},{"taxonomy":"product_tag","embeddable":true,"href":"https:\/\/www.seaflowerstore.com\/de\/wp-json\/wp\/v2\/product_tag?post=86416"}],"curies":[{"name":"wp","href":"https:\/\/api.w.org\/{rel}","templated":true}]}}