{"id":86417,"date":"2019-06-14T19:37:11","date_gmt":"2019-06-14T17:37:11","guid":{"rendered":"https:\/\/www.seaflowerstore.com\/nl\/coral-essentials-coral-power-gro-50ml\/"},"modified":"2024-03-20T17:03:36","modified_gmt":"2024-03-20T16:03:36","slug":"coral-essentials-coral-power-gro-50ml","status":"publish","type":"product","link":"https:\/\/www.seaflowerstore.com\/de\/coral-essentials-coral-power-gro-50ml\/","title":{"rendered":"Coral Essentials Coral Power Gro &#8211; 50ml"},"content":{"rendered":"<h2>Coral Essentials Coral Power Gro &#8211; 50ml is a concentrated blend of vitamin complexes<\/h2>\n<p>Coral Power Gro ist eine leistungsstarke Mischung aus Vitaminkomplexen, einschlie\u00dflich der Aminos\u00e4ure L-Lysin. Diese Mischung dient als wichtige Nahrungsquelle f\u00fcr Korallen und f\u00f6rdert Wachstum und leuchtende Farben. Sie spielt eine entscheidende Rolle bei der Verbesserung der Vitalit\u00e4t und des Korallenstoffwechsels und bietet den meisten Bewohnern von Meerwasseraquarien Nahrung.<\/p>\n<p>Nach der Verwendung von Coral Power Gro stellen Sie m\u00f6glicherweise eine verst\u00e4rkte Polypenausdehnung fest, was ein Zeichen f\u00fcr gesunde und gut ern\u00e4hrte Korallen ist. Um die besten Ergebnisse bei der Verbesserung der Farbe und des Wachstums von SPS- und LPS-Korallen zu erzielen, ist es wichtig, einen konsistenten Dosierungsplan wie unten beschrieben einzuhalten. Sie k\u00f6nnen die Dosierung entsprechend Ihren spezifischen Beckenbedingungen und der Korallendichte anpassen.<\/p>\n<p>Korallen k\u00f6nnen erh\u00f6hte Vitaminmengen problemlos gebrauchen, oder sie k\u00f6nnen durch nat\u00fcrliche Prozesse in Ihrem Meerwasseraquarium entfernt werden. Bitte beachten Sie, dass Coral Essentials \u2013 Coral Power Gro an einem k\u00fchlen, dunklen Ort aufbewahrt werden sollte und nach dem \u00d6ffnen am besten gek\u00fchlt wird.<\/p>\n<p><strong>Dosierungsrate:<\/strong> <\/p>\n<p>Wir empfehlen, mit 1 Tropfen pro Tag pro 100 Liter Tankwasser zu beginnen. Sie k\u00f6nnen dies \u00fcber ein paar Wochen hinweg schrittweise auf 2 Tropfen pro Tag erh\u00f6hen. Sie k\u00f6nnen gerne mit h\u00f6heren Dosierungsraten experimentieren, je nach Korallendichte in Ihrem Tank. Wir raten jedoch davon ab, 4 Tropfen pro Tag pro 100 Liter Wasser zu \u00fcberschreiten. Weitere Hinweise finden Sie in den manuellen Dosierungstabellen (siehe Abbildung).<\/p>\n","protected":false},"excerpt":{"rendered":"<p>Coral Essentials Coral Power Gro 50ml is a concentrated blend of vitamin complexes<\/p>\n","protected":false},"featured_media":81712,"template":"","meta":[],"pwb-brand":[2279],"product_cat":[1391,515],"product_tag":[],"class_list":{"0":"post-86417","1":"product","2":"type-product","3":"status-publish","4":"has-post-thumbnail","6":"pwb-brand-coral-essentials","7":"product_cat-ergaenzungen","8":"product_cat-additives","9":"pa_inhoud-50-ml-de","10":"pa_show-myparcel-options-male-de","12":"first","13":"instock","14":"sale","15":"taxable","16":"shipping-taxable","17":"purchasable","18":"product-type-simple"},"acf":[],"brands":[{"id":2279,"name":"Coral Essentials","slug":"coral-essentials"}],"_links":{"self":[{"href":"https:\/\/www.seaflowerstore.com\/de\/wp-json\/wp\/v2\/product\/86417","targetHints":{"allow":["GET"]}}],"collection":[{"href":"https:\/\/www.seaflowerstore.com\/de\/wp-json\/wp\/v2\/product"}],"about":[{"href":"https:\/\/www.seaflowerstore.com\/de\/wp-json\/wp\/v2\/types\/product"}],"wp:featuredmedia":[{"embeddable":true,"href":"https:\/\/www.seaflowerstore.com\/de\/wp-json\/wp\/v2\/media\/81712"}],"wp:attachment":[{"href":"https:\/\/www.seaflowerstore.com\/de\/wp-json\/wp\/v2\/media?parent=86417"}],"wp:term":[{"taxonomy":"pwb-brand","embeddable":true,"href":"https:\/\/www.seaflowerstore.com\/de\/wp-json\/wp\/v2\/pwb-brand?post=86417"},{"taxonomy":"product_cat","embeddable":true,"href":"https:\/\/www.seaflowerstore.com\/de\/wp-json\/wp\/v2\/product_cat?post=86417"},{"taxonomy":"product_tag","embeddable":true,"href":"https:\/\/www.seaflowerstore.com\/de\/wp-json\/wp\/v2\/product_tag?post=86417"}],"curies":[{"name":"wp","href":"https:\/\/api.w.org\/{rel}","templated":true}]}}