{"id":86420,"date":"2019-06-09T10:16:47","date_gmt":"2019-06-09T08:16:47","guid":{"rendered":"https:\/\/www.seaflowerstore.com\/nl\/antiphos-fe-800ml\/"},"modified":"2024-11-07T13:02:13","modified_gmt":"2024-11-07T12:02:13","slug":"antiphos-fe-800ml","status":"publish","type":"product","link":"https:\/\/www.seaflowerstore.com\/de\/antiphos-fe-800ml\/","title":{"rendered":"Antiphos Fe 800ml"},"content":{"rendered":"<h2>Antiphos Fe 800ml<\/h2>\n<p><strong>Aqua Medic Antiphos Fe 800 ml\/500 g<\/strong> dient als Phosphat- und Silikatentferner und ist sowohl f\u00fcr S\u00fc\u00dfwasser- als auch f\u00fcr Meerwasseraquarien geeignet. Dieses Produkt wurde speziell f\u00fcr die selektive Entfernung von Phosphaten aus Aquarienwasser entwickelt, wodurch unerw\u00fcnschtes Algenwachstum verhindert wird.<\/p>\n<p>Antiphos ist eine hochaktive, eisenbasierte L\u00f6sung, die kein Aluminium enth\u00e4lt und somit f\u00fcr Ihre Aquarienpflanzen und -tiere v\u00f6llig sicher ist. Das Phosphat bindet sich irreversibel an das Antiphos Fe und wird aus dem Aquarium entfernt, wenn Sie das Produkt auffrischen.<\/p>\n<p>Dieses Produkt ist besonders wirksam bei der Regulierung des Phosphatgehalts in Riffaquarien und kann die Phosphatkonzentrationen \u00fcber l\u00e4ngere Zeitr\u00e4ume auf sehr niedrige Werte senken. Die grobe Gr\u00f6\u00dfe der Antiphos-Partikel erm\u00f6glicht es dem Wasser, leicht an ihnen vorbeizuflie\u00dfen, wodurch ein Wirbelfilterbett \u00fcberfl\u00fcssig wird.<\/p>\n<p>Die Bindungskapazit\u00e4t von Antiphos betr\u00e4gt ungef\u00e4hr <strong>10 g Phosphat pro kg<\/strong>. Unter normalen Bedingungen reichen <strong>500 ml Antiphos Fe<\/strong> aus, um ein typisch besetztes Aquarium von <strong>300 Litern<\/strong> etwa <strong>3 bis 6 Monate<\/strong> zu behandeln.<\/p>\n","protected":false},"excerpt":{"rendered":"<p>Aqua Medic Antiphos is a phosphate remover for freshwater and seawater aquariums<\/p>\n","protected":false},"featured_media":83256,"template":"","meta":[],"pwb-brand":[2149],"product_cat":[1453,1421],"product_tag":[],"class_list":{"0":"post-86420","1":"product","2":"type-product","3":"status-publish","4":"has-post-thumbnail","6":"pwb-brand-aqua-medic","7":"product_cat-nitrat-und-phosphatentferner","8":"product_cat-aqua-medic-de","9":"pa_inhoud-500-ml-de","10":"pa_show-myparcel-options-male-de","12":"first","13":"instock","14":"taxable","15":"shipping-taxable","16":"purchasable","17":"product-type-simple"},"acf":[],"brands":[{"id":2149,"name":"Aqua Medic","slug":"aqua-medic"}],"_links":{"self":[{"href":"https:\/\/www.seaflowerstore.com\/de\/wp-json\/wp\/v2\/product\/86420","targetHints":{"allow":["GET"]}}],"collection":[{"href":"https:\/\/www.seaflowerstore.com\/de\/wp-json\/wp\/v2\/product"}],"about":[{"href":"https:\/\/www.seaflowerstore.com\/de\/wp-json\/wp\/v2\/types\/product"}],"wp:featuredmedia":[{"embeddable":true,"href":"https:\/\/www.seaflowerstore.com\/de\/wp-json\/wp\/v2\/media\/83256"}],"wp:attachment":[{"href":"https:\/\/www.seaflowerstore.com\/de\/wp-json\/wp\/v2\/media?parent=86420"}],"wp:term":[{"taxonomy":"pwb-brand","embeddable":true,"href":"https:\/\/www.seaflowerstore.com\/de\/wp-json\/wp\/v2\/pwb-brand?post=86420"},{"taxonomy":"product_cat","embeddable":true,"href":"https:\/\/www.seaflowerstore.com\/de\/wp-json\/wp\/v2\/product_cat?post=86420"},{"taxonomy":"product_tag","embeddable":true,"href":"https:\/\/www.seaflowerstore.com\/de\/wp-json\/wp\/v2\/product_tag?post=86420"}],"curies":[{"name":"wp","href":"https:\/\/api.w.org\/{rel}","templated":true}]}}