{"id":86421,"date":"2019-06-09T10:07:38","date_gmt":"2019-06-09T08:07:38","guid":{"rendered":"https:\/\/www.seaflowerstore.com\/nl\/vitalis-goldfish-flakes\/"},"modified":"2024-03-20T17:04:50","modified_gmt":"2024-03-20T16:04:50","slug":"vitalis-goldfish-flakes","status":"publish","type":"product","link":"https:\/\/www.seaflowerstore.com\/de\/vitalis-goldfish-flakes\/","title":{"rendered":"Vitalis Goldfish Flakes"},"content":{"rendered":"<h2>Vitalis Goldfish Flakes<\/h2>\n<p>Der Schl\u00fcssel zu einer erfolgreichen Flockendi\u00e4t f\u00fcr Kaltwasserfische liegt in der Bereitstellung eines schmackhaften, leicht verdaulichen und ausgewogenen Futters. Mit essentiellen Futterzutaten, nat\u00fcrlichen Pigmenten und Mineralien bleiben Ihre Fische gesund und haben eine leuchtende Farbe.<\/p>\n<p><strong>Geeignet f\u00fcr alle Goldfische:<\/strong><\/p>\n<ul>\n<li>Oranda<\/li>\n<li>Shubunkin<\/li>\n<li>Kometenschweif<\/li>\n<li>Schleierschwanz<\/li>\n<li>Gew\u00f6hnlicher Goldfisch<\/li>\n<\/ul>\n<p><strong>Zusammensetzung:<\/strong><\/p>\n<ul>\n<li>Algen<\/li>\n<li>Nebenprodukte pflanzlichen Ursprungs<\/li>\n<li>Fisch und Fischnebenerzeugnisse<\/li>\n<li>Weichtiere und Krebstiere<\/li>\n<li>Mineralien<\/li>\n<li>\u00d6le und Fette<\/li>\n<\/ul>\n<p><strong>Merkmale und Vorteile:<\/strong><\/p>\n<ul>\n<li>Einzigartige Formel mit gro\u00dfen Flocken<\/li>\n<li>Weniger Abfall und verbesserte Wasserqualit\u00e4t<\/li>\n<li>Nat\u00fcrliche Zutaten aus nachhaltigen Quellen<\/li>\n<li>Inhalt: 30 Gramm<\/li>\n<\/ul>\n<p><strong>F\u00fctterungsempfehlung:<\/strong><\/p>\n<ul>\n<li>Nicht \u00fcberf\u00fcttern<\/li>\n<li>Nicht gefressenes Futter entfernen<\/li>\n<li>K\u00fchl und trocken aufbewahren<\/li>\n<li>Futter mit trockenen Fingern entnehmen<\/li>\n<li>Au\u00dferhalb der Reichweite von Kindern aufbewahren<\/li>\n<li>Nicht f\u00fcr den menschlichen Verzehr geeignet<\/li>\n<\/ul>\n","protected":false},"excerpt":{"rendered":"<p>Vitalis Goldfish Flakes nutrition for goldfish<\/p>\n","protected":false},"featured_media":124934,"template":"","meta":[],"pwb-brand":[2239],"product_cat":[1447],"product_tag":[],"class_list":{"0":"post-86421","1":"product","2":"type-product","3":"status-publish","4":"has-post-thumbnail","6":"pwb-brand-vitalis","7":"product_cat-futter-de","8":"pa_inhoud-22-gr-de","9":"pa_inhoud-40-gr-de","10":"pa_inhoud-70-gr-de","11":"pa_show-myparcel-options-male-de","13":"first","14":"instock","15":"taxable","16":"shipping-taxable","17":"purchasable","18":"product-type-variable"},"acf":[],"brands":[{"id":2239,"name":"Vitalis","slug":"vitalis"}],"_links":{"self":[{"href":"https:\/\/www.seaflowerstore.com\/de\/wp-json\/wp\/v2\/product\/86421","targetHints":{"allow":["GET"]}}],"collection":[{"href":"https:\/\/www.seaflowerstore.com\/de\/wp-json\/wp\/v2\/product"}],"about":[{"href":"https:\/\/www.seaflowerstore.com\/de\/wp-json\/wp\/v2\/types\/product"}],"wp:featuredmedia":[{"embeddable":true,"href":"https:\/\/www.seaflowerstore.com\/de\/wp-json\/wp\/v2\/media\/124934"}],"wp:attachment":[{"href":"https:\/\/www.seaflowerstore.com\/de\/wp-json\/wp\/v2\/media?parent=86421"}],"wp:term":[{"taxonomy":"pwb-brand","embeddable":true,"href":"https:\/\/www.seaflowerstore.com\/de\/wp-json\/wp\/v2\/pwb-brand?post=86421"},{"taxonomy":"product_cat","embeddable":true,"href":"https:\/\/www.seaflowerstore.com\/de\/wp-json\/wp\/v2\/product_cat?post=86421"},{"taxonomy":"product_tag","embeddable":true,"href":"https:\/\/www.seaflowerstore.com\/de\/wp-json\/wp\/v2\/product_tag?post=86421"}],"curies":[{"name":"wp","href":"https:\/\/api.w.org\/{rel}","templated":true}]}}