{"id":86424,"date":"2019-06-09T09:42:23","date_gmt":"2019-06-09T07:42:23","guid":{"rendered":"https:\/\/www.seaflowerstore.com\/nl\/easysps-evo25\/"},"modified":"2025-07-12T12:55:36","modified_gmt":"2025-07-12T10:55:36","slug":"easysps-evo25","status":"publish","type":"product","link":"https:\/\/www.seaflowerstore.com\/de\/easysps-evo25\/","title":{"rendered":"Easysps EVO25"},"content":{"rendered":"<h2>EasyReefs &#8211; easysps EVO25 250ml The revolution in feeding coral species<\/h2>\n<p>Easysps EVO ist eine erstklassige Mischung aus nat\u00fcrlichem Plankton in einer Mineralsuspension, die speziell f\u00fcr die Verwendung mit einer Dosierpumpe entwickelt wurde. Dadurch wird sichergestellt, dass Ihre SPS-Korallen regelm\u00e4\u00dfig und pr\u00e4zise gef\u00fcttert werden. Es wurde entwickelt, um die lebendigen und intensiven Farben Ihrer Korallen zu verst\u00e4rken und gleichzeitig ein gesundes Wachstum und eine St\u00e4rkung der SPS-Korallen zu f\u00f6rdern.<\/p>\n<p>Dieses Korallenfutter wurde speziell f\u00fcr SPS-Korallen entwickelt und enth\u00e4lt gefriergetrocknete Garnelen, verschiedene Mikroalgen und blaues Fisch\u00f6l. Das N\u00e4hrstoffprofil von EasySPS ist darauf zugeschnitten, Korallen mit hochwertigen Proteinen, einem nat\u00fcrlichen Lipidprofil, Kohlenhydraten und essentiellen Mikron\u00e4hrstoffen zu stimulieren, die das Stoffwechselsystem dieser kleinen, empfindlichen Lebewesen unterst\u00fctzen.<\/p>\n<p>Um dieses Produkt mit einer <strong>Dosierpumpe<\/strong> zu verwenden, ben\u00f6tigen Sie eine <strong><a href=\"https:\/\/www.seaflowerstore.com\/easyconnect25\/\" target=\"_blank\" rel=\"noopener noreferrer\">EasyConnect25<\/a><\/strong>-Kupplung, die <strong>separat erh\u00e4ltlich<\/strong> ist.<\/p>\n<h3>Warum ist es anders?<\/h3>\n<ul>\n<li>Die Easysps EVO-Zusammensetzung bereichert Korallen mit hochwertigen Proteinen, einem ausgewogenen Aminos\u00e4ureprofil und einem Lipidprofil, das reich an EPA, ARA und DHA ist, sowie Kohlenhydraten und funktionellen Mikron\u00e4hrstoffen, die f\u00fcr ihre Stoffwechselprozesse entscheidend sind.<\/li>\n<li>Es enth\u00e4lt Partikel im Bereich von 0,2 bis 400 Mikrometer (wobei 60 % kleiner als 200 Mikrometer sind), was es den SPS-Polypen erleichtert, die Nahrung zu fangen.<\/li>\n<li>Das von Easy Reefs stammende Plankton, insbesondere Palaemonetes varians, ist reich an Glutamin, was eine schnelle Reaktion der Korallen gew\u00e4hrleistet.<\/li>\n<li>Easy Reefs legt Wert darauf, seine eigenen Rohstoffe zu produzieren und garantiert hohe Qualit\u00e4tsstandards in allen Produktionsprozessen.<\/li>\n<\/ul>\n","protected":false},"excerpt":{"rendered":"<p>Easysps EVO25 250ml Coral food specially formulated for SPS corals, composed of lyophilized shrimp, a selection of microalgae and blue fish oil<\/p>\n","protected":false},"featured_media":81689,"template":"","meta":[],"pwb-brand":[2195],"product_cat":[1436],"product_tag":[],"class_list":{"0":"post-86424","1":"product","2":"type-product","3":"status-publish","4":"has-post-thumbnail","6":"pwb-brand-easy-reefs","7":"product_cat-korallenfutter","8":"pa_show-myparcel-options-male-de","10":"first","11":"instock","12":"taxable","13":"shipping-taxable","14":"purchasable","15":"product-type-simple"},"acf":[],"brands":[{"id":2195,"name":"Easy Reefs","slug":"easy-reefs"}],"_links":{"self":[{"href":"https:\/\/www.seaflowerstore.com\/de\/wp-json\/wp\/v2\/product\/86424","targetHints":{"allow":["GET"]}}],"collection":[{"href":"https:\/\/www.seaflowerstore.com\/de\/wp-json\/wp\/v2\/product"}],"about":[{"href":"https:\/\/www.seaflowerstore.com\/de\/wp-json\/wp\/v2\/types\/product"}],"wp:featuredmedia":[{"embeddable":true,"href":"https:\/\/www.seaflowerstore.com\/de\/wp-json\/wp\/v2\/media\/81689"}],"wp:attachment":[{"href":"https:\/\/www.seaflowerstore.com\/de\/wp-json\/wp\/v2\/media?parent=86424"}],"wp:term":[{"taxonomy":"pwb-brand","embeddable":true,"href":"https:\/\/www.seaflowerstore.com\/de\/wp-json\/wp\/v2\/pwb-brand?post=86424"},{"taxonomy":"product_cat","embeddable":true,"href":"https:\/\/www.seaflowerstore.com\/de\/wp-json\/wp\/v2\/product_cat?post=86424"},{"taxonomy":"product_tag","embeddable":true,"href":"https:\/\/www.seaflowerstore.com\/de\/wp-json\/wp\/v2\/product_tag?post=86424"}],"curies":[{"name":"wp","href":"https:\/\/api.w.org\/{rel}","templated":true}]}}