{"id":86425,"date":"2019-06-09T09:37:27","date_gmt":"2019-06-09T07:37:27","guid":{"rendered":"https:\/\/www.seaflowerstore.com\/nl\/easysps-evo-pro\/"},"modified":"2024-03-20T17:03:12","modified_gmt":"2024-03-20T16:03:12","slug":"easysps-evo-pro","status":"publish","type":"product","link":"https:\/\/www.seaflowerstore.com\/de\/easysps-evo-pro\/","title":{"rendered":"Easysps evo pro"},"content":{"rendered":"<h2>EasyReefs &#8211; easysps evo pro 1500ml The revolution in feeding coral species<\/h2>\n<p>Easysps EVO ist eine Premiummischung aus nat\u00fcrlichem Plankton in Mineralien, die speziell f\u00fcr die Verwendung mit einer Dosierpumpe entwickelt wurde. Dies erm\u00f6glicht eine gleichm\u00e4\u00dfige und pr\u00e4zise F\u00fctterung von SPS-Korallen. Es verst\u00e4rkt die leuchtenden Farben Ihrer Korallen und f\u00f6rdert ihr gesundes Wachstum.<\/p>\n<p>Dieses Korallenfutter wurde speziell f\u00fcr SPS-Korallen entwickelt und enth\u00e4lt gefriergetrocknete Garnelen, verschiedene Mikroalgen und blaues Fisch\u00f6l. Das N\u00e4hrstoffprofil von EasySPS versorgt Korallen mit hochwertigen Proteinen, einem nat\u00fcrlichen Lipidprofil, Kohlenhydraten und essentiellen Mikron\u00e4hrstoffen, die ihre Stoffwechselprozesse unterst\u00fctzen.<\/p>\n<h3>Warum ist es anders?<\/h3>\n<ul>\n<li><strong>Die Zusammensetzung von Easysps EVO<\/strong> versorgt Korallen mit hochwertigen Proteinen, die ein ausgewogenes Aminos\u00e4ureprofil aufweisen, sowie einem Lipidprofil, das reich an EPA, ARA und DHA, Kohlenhydraten und essentiellen Mikron\u00e4hrstoffen ist.<\/li>\n<li><strong>Es enth\u00e4lt Partikel<\/strong> im Bereich von 0,2 bis 400 Mikrometer (wobei 60 % kleiner als 200 Mikrometer sind), was das Einfangen durch SPS-Polypen erleichtert.<\/li>\n<li><strong>Das Plankton<\/strong> von Easy Reefs, insbesondere Palaemonetes varians, ist reich an Glutamin, was eine schnelle Reaktion der Korallen gew\u00e4hrleistet.<\/li>\n<li><strong>Easy Reefs<\/strong> produziert seine eigene Rohstoffe, um im gesamten Produktionsprozess hohe Qualit\u00e4tsstandards einzuhalten.<\/li>\n<\/ul>\n","protected":false},"excerpt":{"rendered":"<p>Easysps evo pro 1500ml Coral food specially formulated for SPS corals, composed of lyophilized shrimp, a selection of microalgae and blue fish oil<\/p>\n","protected":false},"featured_media":81687,"template":"","meta":[],"pwb-brand":[2195],"product_cat":[1436],"product_tag":[],"class_list":{"0":"post-86425","1":"product","2":"type-product","3":"status-publish","4":"has-post-thumbnail","6":"pwb-brand-easy-reefs","7":"product_cat-korallenfutter","8":"pa_show-myparcel-options-male-de","10":"first","11":"instock","12":"taxable","13":"shipping-taxable","14":"purchasable","15":"product-type-simple"},"acf":[],"brands":[{"id":2195,"name":"Easy Reefs","slug":"easy-reefs"}],"_links":{"self":[{"href":"https:\/\/www.seaflowerstore.com\/de\/wp-json\/wp\/v2\/product\/86425","targetHints":{"allow":["GET"]}}],"collection":[{"href":"https:\/\/www.seaflowerstore.com\/de\/wp-json\/wp\/v2\/product"}],"about":[{"href":"https:\/\/www.seaflowerstore.com\/de\/wp-json\/wp\/v2\/types\/product"}],"wp:featuredmedia":[{"embeddable":true,"href":"https:\/\/www.seaflowerstore.com\/de\/wp-json\/wp\/v2\/media\/81687"}],"wp:attachment":[{"href":"https:\/\/www.seaflowerstore.com\/de\/wp-json\/wp\/v2\/media?parent=86425"}],"wp:term":[{"taxonomy":"pwb-brand","embeddable":true,"href":"https:\/\/www.seaflowerstore.com\/de\/wp-json\/wp\/v2\/pwb-brand?post=86425"},{"taxonomy":"product_cat","embeddable":true,"href":"https:\/\/www.seaflowerstore.com\/de\/wp-json\/wp\/v2\/product_cat?post=86425"},{"taxonomy":"product_tag","embeddable":true,"href":"https:\/\/www.seaflowerstore.com\/de\/wp-json\/wp\/v2\/product_tag?post=86425"}],"curies":[{"name":"wp","href":"https:\/\/api.w.org\/{rel}","templated":true}]}}