{"id":86426,"date":"2019-06-09T09:17:29","date_gmt":"2019-06-09T07:17:29","guid":{"rendered":"https:\/\/www.seaflowerstore.com\/nl\/triton-infusion-100ml\/"},"modified":"2024-03-20T17:03:10","modified_gmt":"2024-03-20T16:03:10","slug":"triton-infusion-100ml","status":"publish","type":"product","link":"https:\/\/www.seaflowerstore.com\/de\/triton-infusion-100ml\/","title":{"rendered":"Triton Infusion 100ml"},"content":{"rendered":"<h2>Triton Infusion 100ml a mixture of trace elements and other essential substances with which you can use the TRITON method without having to use CORE7 basic elements.<\/h2>\n<p><strong>Triton Infusion<\/strong> ist eine einzigartige Mischung aus Spurenelementen und essentiellen Substanzen, die nahtlos mit der TRITON-Methode zusammenarbeiten und die Notwendigkeit von CORE7-Basiselementen \u00fcberfl\u00fcssig machen. Dieses Produkt ist besonders ideal f\u00fcr gr\u00f6\u00dfere Aquarien, die einen Kalziumreaktor oder alternative Kalziumversorgungssysteme verwenden.<\/p>\n<p>Diese patentierte Mischung verbessert die Wirksamkeit von algenbasierten N\u00e4hrstoffkontrollsystemen und bietet mehrere Vorteile:<\/p>\n<ul>\n<li>Wissenschaftlich nachgewiesene Ergebnisse<\/li>\n<li>Basierend auf einem Jahrzehnt engagierter Forschung und Entwicklung<\/li>\n<li>Qualit\u00e4tssicherung durch TRITON Lab<\/li>\n<\/ul>\n<p><strong>Verwendung:<\/strong> Triton Infusion kann verwendet werden, um die TRITON-Methode zu befolgen und bietet Aquarianern die Flexibilit\u00e4t, ihre eigenen Kalziumreserven auszuw\u00e4hlen, anstatt sich ausschlie\u00dflich auf Core7 zu verlassen. So genie\u00dfen Sie alle Vorteile der TRITON-Methode und k\u00f6nnen Ihre Kalziumversorgung individuell gestalten.<\/p>\n<p>Zur Vereinfachung k\u00f6nnen Sie \u00fcber den folgenden Link auf den Rechner zur Ermittlung der geeigneten Dosierung von Triton Infusion zugreifen: <a href=\"https:\/\/www.triton-lab.de\/en\/calculators\/infusion\/\" target=\"_blank\" rel=\"noopener noreferrer nofollow\">LINK<\/a>.<\/p>\n","protected":false},"excerpt":{"rendered":"<p>Triton Infusion 100ml a mixture of trace elements and other essential substances with which you can use the TRITON method without having to use CORE7 basic elements.<\/p>\n","protected":false},"featured_media":81685,"template":"","meta":[],"pwb-brand":[2181],"product_cat":[1391,1392,515,741],"product_tag":[],"class_list":{"0":"post-86426","1":"product","2":"type-product","3":"status-publish","4":"has-post-thumbnail","6":"pwb-brand-triton","7":"product_cat-ergaenzungen","8":"product_cat-triton-de","9":"product_cat-additives","10":"product_cat-brands","11":"pa_inhoud-100-ml-de","12":"pa_show-myparcel-options-male-de","14":"first","15":"instock","16":"taxable","17":"shipping-taxable","18":"purchasable","19":"product-type-simple"},"acf":[],"brands":[{"id":2181,"name":"Triton","slug":"triton"}],"_links":{"self":[{"href":"https:\/\/www.seaflowerstore.com\/de\/wp-json\/wp\/v2\/product\/86426","targetHints":{"allow":["GET"]}}],"collection":[{"href":"https:\/\/www.seaflowerstore.com\/de\/wp-json\/wp\/v2\/product"}],"about":[{"href":"https:\/\/www.seaflowerstore.com\/de\/wp-json\/wp\/v2\/types\/product"}],"wp:featuredmedia":[{"embeddable":true,"href":"https:\/\/www.seaflowerstore.com\/de\/wp-json\/wp\/v2\/media\/81685"}],"wp:attachment":[{"href":"https:\/\/www.seaflowerstore.com\/de\/wp-json\/wp\/v2\/media?parent=86426"}],"wp:term":[{"taxonomy":"pwb-brand","embeddable":true,"href":"https:\/\/www.seaflowerstore.com\/de\/wp-json\/wp\/v2\/pwb-brand?post=86426"},{"taxonomy":"product_cat","embeddable":true,"href":"https:\/\/www.seaflowerstore.com\/de\/wp-json\/wp\/v2\/product_cat?post=86426"},{"taxonomy":"product_tag","embeddable":true,"href":"https:\/\/www.seaflowerstore.com\/de\/wp-json\/wp\/v2\/product_tag?post=86426"}],"curies":[{"name":"wp","href":"https:\/\/api.w.org\/{rel}","templated":true}]}}