{"id":86428,"date":"2019-06-06T19:07:07","date_gmt":"2019-06-06T17:07:07","guid":{"rendered":"https:\/\/www.seaflowerstore.com\/nl\/solenoid-valve-for-apex-neptune-systems\/"},"modified":"2024-03-20T17:03:05","modified_gmt":"2024-03-20T16:03:05","slug":"solenoid-valve-for-apex-neptune-systems","status":"publish","type":"product","link":"https:\/\/www.seaflowerstore.com\/de\/solenoid-valve-for-apex-neptune-systems\/","title":{"rendered":"Solenoid Valve for Apex Neptune Systems"},"content":{"rendered":"<h2>Solenoid Valve for Apex Neptune Systems<\/h2>\n<p><strong>Magnetventil (SV-1)<\/strong><\/p>\n<p>Dieses Magnetventil wird mit 24 VDC betrieben und ist normalerweise geschlossen (NC). Es verf\u00fcgt \u00fcber steckbare Schlaucheing\u00e4nge und -ausg\u00e4nge, die f\u00fcr die Aufnahme von Standard-1\/4-Zoll-Schl\u00e4uchen ausgelegt sind. Der elektrische Anschluss ist mit den DC24-Zubeh\u00f6ranschl\u00fcssen an FMM- und 1Link-Produkten kompatibel.<\/p>\n<p>H\u00e4ufige Anwendungsgebiete f\u00fcr dieses Ventil sind:<\/p>\n<ul>\n<li>Sicherheitsstopps f\u00fcr RO\/DI-Systeme<\/li>\n<li>CO2-Systeme an Kalkreaktoren<\/li>\n<li>Verschiedene andere Situationen, in denen Sie den Ein-\/Aus-Fluss von Wasser, Luft oder Gasen steuern m\u00fcssen<\/li>\n<\/ul>\n<p>Wenn Sie keines der oben genannten Produkte besitzen, k\u00f6nnen Sie dieses Magnetventil trotzdem mit unserem eigenst\u00e4ndigen 24-V-Gleichstrom-Netzteil (nicht im Lieferumfang enthalten) zusammen mit Ihrem Energy Bar 6 verwenden.<\/p>\n<p><span lang=\"en\">Der maximal absperrbare Durchflussdruck betr\u00e4gt 5,86 bar (85 psi).<\/span><\/p>\n","protected":false},"excerpt":{"rendered":"<p>Solenoid Valve for Apex Neptune Systems<\/p>\n","protected":false},"featured_media":81680,"template":"","meta":[],"pwb-brand":[2179],"product_cat":[1423,1408],"product_tag":[],"class_list":{"0":"post-86428","1":"product","2":"type-product","3":"status-publish","4":"has-post-thumbnail","6":"pwb-brand-neptune-systems","7":"product_cat-neptune-systems-de","8":"product_cat-computer-de","9":"pa_show-myparcel-options-male-de","11":"first","12":"instock","13":"taxable","14":"shipping-taxable","15":"purchasable","16":"product-type-simple"},"acf":[],"brands":[{"id":2179,"name":"Neptune Systems","slug":"neptune-systems"}],"_links":{"self":[{"href":"https:\/\/www.seaflowerstore.com\/de\/wp-json\/wp\/v2\/product\/86428","targetHints":{"allow":["GET"]}}],"collection":[{"href":"https:\/\/www.seaflowerstore.com\/de\/wp-json\/wp\/v2\/product"}],"about":[{"href":"https:\/\/www.seaflowerstore.com\/de\/wp-json\/wp\/v2\/types\/product"}],"wp:featuredmedia":[{"embeddable":true,"href":"https:\/\/www.seaflowerstore.com\/de\/wp-json\/wp\/v2\/media\/81680"}],"wp:attachment":[{"href":"https:\/\/www.seaflowerstore.com\/de\/wp-json\/wp\/v2\/media?parent=86428"}],"wp:term":[{"taxonomy":"pwb-brand","embeddable":true,"href":"https:\/\/www.seaflowerstore.com\/de\/wp-json\/wp\/v2\/pwb-brand?post=86428"},{"taxonomy":"product_cat","embeddable":true,"href":"https:\/\/www.seaflowerstore.com\/de\/wp-json\/wp\/v2\/product_cat?post=86428"},{"taxonomy":"product_tag","embeddable":true,"href":"https:\/\/www.seaflowerstore.com\/de\/wp-json\/wp\/v2\/product_tag?post=86428"}],"curies":[{"name":"wp","href":"https:\/\/api.w.org\/{rel}","templated":true}]}}