{"id":86429,"date":"2019-06-05T17:30:37","date_gmt":"2019-06-05T15:30:37","guid":{"rendered":"https:\/\/www.seaflowerstore.com\/nl\/flow-sensor-1-2\/"},"modified":"2024-03-20T17:03:04","modified_gmt":"2024-03-20T16:03:04","slug":"flow-sensor-1-2","status":"publish","type":"product","link":"https:\/\/www.seaflowerstore.com\/de\/flow-sensor-1-2\/","title":{"rendered":"Flow sensor 1\/2&#8243;"},"content":{"rendered":"<h2>Apex Flow sensor 1\/2 suitable for pipe diameters of 20 mm measures the water flow in combination with the Apex system<\/h2>\n<p>Dieser Durchflusssensor ist f\u00fcr die Installation in dem Rohr vorgesehen, in dem Sie die Durchflussgeschwindigkeit messen m\u00f6chten. Um ihn zu verwenden, schlie\u00dfen Sie den Sensor einfach an das FMM an (bitte beachten Sie, dass es nicht im Lieferumfang enthalten ist).<\/p>\n<p>Der Durchflusssensor verf\u00fcgt \u00fcber ein British Standard Parallel Pipe (BSPP)-Gewinde. Mit einer 20 mm x 1\/2 Zoll PVC-Drahth\u00fclse k\u00f6nnen Sie den Sensor problemlos in einem 20 mm Rohr installieren. (Bitte beachten Sie, dass Drahth\u00fclsen nicht im Lieferumfang enthalten sind.)<\/p>\n<p>Der FS-50 (1\/2 Zoll Sensor) kann Durchflussraten von <strong>110 bis 950 Litern pro Stunde<\/strong> messen.<\/p>\n","protected":false},"excerpt":{"rendered":"<p>Flow sensor for the Apex from Neptune Systems. A separate FMM module is required<\/p>\n","protected":false},"featured_media":81678,"template":"","meta":[],"pwb-brand":[2179],"product_cat":[1401,1423],"product_tag":[],"class_list":{"0":"post-86429","1":"product","2":"type-product","3":"status-publish","4":"has-post-thumbnail","6":"pwb-brand-neptune-systems","7":"product_cat-mess-und-regeltechnik","8":"product_cat-neptune-systems-de","9":"pa_show-myparcel-options-male-de","11":"first","12":"outofstock","13":"taxable","14":"shipping-taxable","15":"purchasable","16":"product-type-simple"},"acf":[],"brands":[{"id":2179,"name":"Neptune Systems","slug":"neptune-systems"}],"_links":{"self":[{"href":"https:\/\/www.seaflowerstore.com\/de\/wp-json\/wp\/v2\/product\/86429","targetHints":{"allow":["GET"]}}],"collection":[{"href":"https:\/\/www.seaflowerstore.com\/de\/wp-json\/wp\/v2\/product"}],"about":[{"href":"https:\/\/www.seaflowerstore.com\/de\/wp-json\/wp\/v2\/types\/product"}],"wp:featuredmedia":[{"embeddable":true,"href":"https:\/\/www.seaflowerstore.com\/de\/wp-json\/wp\/v2\/media\/81678"}],"wp:attachment":[{"href":"https:\/\/www.seaflowerstore.com\/de\/wp-json\/wp\/v2\/media?parent=86429"}],"wp:term":[{"taxonomy":"pwb-brand","embeddable":true,"href":"https:\/\/www.seaflowerstore.com\/de\/wp-json\/wp\/v2\/pwb-brand?post=86429"},{"taxonomy":"product_cat","embeddable":true,"href":"https:\/\/www.seaflowerstore.com\/de\/wp-json\/wp\/v2\/product_cat?post=86429"},{"taxonomy":"product_tag","embeddable":true,"href":"https:\/\/www.seaflowerstore.com\/de\/wp-json\/wp\/v2\/product_tag?post=86429"}],"curies":[{"name":"wp","href":"https:\/\/api.w.org\/{rel}","templated":true}]}}