{"id":86433,"date":"2019-06-04T20:07:22","date_gmt":"2019-06-04T18:07:22","guid":{"rendered":"https:\/\/www.seaflowerstore.com\/nl\/coral-essentials-coral-power-trace-c-50ml\/"},"modified":"2024-03-20T17:02:54","modified_gmt":"2024-03-20T16:02:54","slug":"coral-essentials-coral-power-trace-c-50ml","status":"publish","type":"product","link":"https:\/\/www.seaflowerstore.com\/de\/coral-essentials-coral-power-trace-c-50ml\/","title":{"rendered":"Coral Essentials Coral Power Trace C &#8211; 50ml"},"content":{"rendered":"<h2>Coral Essentials Coral Power Trace C &#8211; 50ml<\/h2>\n<p><strong>Coral Essentials Coral Power Trace C 50 ml<\/strong> ist eine einzigartige Mischung aus Kaliumjodid und Natriumfluorid. Dieses Produkt bietet eine umfassende Mischung aus Jod und Fluor, die f\u00fcr die Erhaltung einer lebendigen Meeresumwelt unerl\u00e4sslich ist.<\/p>\n<p>Diese Spurenelemente werden von gesunden Korallen auf nat\u00fcrliche Weise aufgebraucht, daher ist eine regelm\u00e4\u00dfige Anwendung erforderlich, um das Wachstum zu unterst\u00fctzen und die Farbe zu verbessern.<\/p>\n","protected":false},"excerpt":{"rendered":"<p>Coral Essentials Coral Power Trace C is a blend of Potassium Iodide and Sodium Fluoride<\/p>\n","protected":false},"featured_media":81669,"template":"","meta":[],"pwb-brand":[2279],"product_cat":[1391,515],"product_tag":[],"class_list":{"0":"post-86433","1":"product","2":"type-product","3":"status-publish","4":"has-post-thumbnail","6":"pwb-brand-coral-essentials","7":"product_cat-ergaenzungen","8":"product_cat-additives","9":"pa_inhoud-50-ml-de","10":"pa_show-myparcel-options-male-de","12":"first","13":"instock","14":"sale","15":"taxable","16":"shipping-taxable","17":"purchasable","18":"product-type-simple"},"acf":[],"brands":[{"id":2279,"name":"Coral Essentials","slug":"coral-essentials"}],"_links":{"self":[{"href":"https:\/\/www.seaflowerstore.com\/de\/wp-json\/wp\/v2\/product\/86433","targetHints":{"allow":["GET"]}}],"collection":[{"href":"https:\/\/www.seaflowerstore.com\/de\/wp-json\/wp\/v2\/product"}],"about":[{"href":"https:\/\/www.seaflowerstore.com\/de\/wp-json\/wp\/v2\/types\/product"}],"wp:featuredmedia":[{"embeddable":true,"href":"https:\/\/www.seaflowerstore.com\/de\/wp-json\/wp\/v2\/media\/81669"}],"wp:attachment":[{"href":"https:\/\/www.seaflowerstore.com\/de\/wp-json\/wp\/v2\/media?parent=86433"}],"wp:term":[{"taxonomy":"pwb-brand","embeddable":true,"href":"https:\/\/www.seaflowerstore.com\/de\/wp-json\/wp\/v2\/pwb-brand?post=86433"},{"taxonomy":"product_cat","embeddable":true,"href":"https:\/\/www.seaflowerstore.com\/de\/wp-json\/wp\/v2\/product_cat?post=86433"},{"taxonomy":"product_tag","embeddable":true,"href":"https:\/\/www.seaflowerstore.com\/de\/wp-json\/wp\/v2\/product_tag?post=86433"}],"curies":[{"name":"wp","href":"https:\/\/api.w.org\/{rel}","templated":true}]}}