{"id":86434,"date":"2019-06-04T19:59:51","date_gmt":"2019-06-04T17:59:51","guid":{"rendered":"https:\/\/www.seaflowerstore.com\/nl\/coral-essentials-coral-power-trace-b-50ml\/"},"modified":"2024-03-20T17:02:52","modified_gmt":"2024-03-20T16:02:52","slug":"coral-essentials-coral-power-trace-b-50ml","status":"publish","type":"product","link":"https:\/\/www.seaflowerstore.com\/de\/coral-essentials-coral-power-trace-b-50ml\/","title":{"rendered":"Coral Essentials Coral Power Trace B &#8211; 50ml"},"content":{"rendered":"<h2>Coral Essentials Coral Power Trace B &#8211; 50ml<\/h2>\n<p>Coral Essentials Coral Power Trace B \u2013 50 ml ist eine konzentrierte Mischung aus essentiellen Spurenelementen, darunter <strong>Eisen<\/strong>, <strong>Zink<\/strong>, <strong>Kupfer<\/strong>, <strong>Mangan<\/strong>, <strong>Chrom<\/strong>, <strong>Kobalt<\/strong> und <strong>Nickel<\/strong>. Diese Metalle k\u00f6nnen in Meerwasseraquarien ersch\u00f6pft werden, und es ist wichtig, sie wieder aufzuf\u00fcllen.<\/p>\n<p>Die Eisenkonzentration in unserem Coral Power Trace B betr\u00e4gt beeindruckende <strong>100.000 ppm<\/strong>. Die regelm\u00e4\u00dfige Verwendung dieses Produkts ist entscheidend f\u00fcr die F\u00f6rderung eines gesunden Wachstums und einer lebendigen F\u00e4rbung bei SPS-Korallen. Nach konsequenter Dosierung werden Sie feststellen, dass Ihre Korallen wundersch\u00f6n gl\u00e4nzen und schimmern.<\/p>\n<p>Dar\u00fcber hinaus sind viele biologische Prozesse in Meerwasseraquarien auf die in dieser Mischung enthaltenen Spurenelemente angewiesen, was sie zu einer unverzichtbaren Erg\u00e4nzung Ihrer Aquarienpflege macht.<\/p>\n","protected":false},"excerpt":{"rendered":"<p>Coral Essentials Coral Power Trace-B is a concentrated blend of Iron, Zinc, Copper, Manganese, Chromium, Cobalt and Nickel.<\/p>\n","protected":false},"featured_media":81666,"template":"","meta":[],"pwb-brand":[2279],"product_cat":[1391,515],"product_tag":[],"class_list":{"0":"post-86434","1":"product","2":"type-product","3":"status-publish","4":"has-post-thumbnail","6":"pwb-brand-coral-essentials","7":"product_cat-ergaenzungen","8":"product_cat-additives","9":"pa_inhoud-50-ml-de","10":"pa_show-myparcel-options-male-de","12":"first","13":"instock","14":"sale","15":"taxable","16":"shipping-taxable","17":"purchasable","18":"product-type-simple"},"acf":[],"brands":[{"id":2279,"name":"Coral Essentials","slug":"coral-essentials"}],"_links":{"self":[{"href":"https:\/\/www.seaflowerstore.com\/de\/wp-json\/wp\/v2\/product\/86434","targetHints":{"allow":["GET"]}}],"collection":[{"href":"https:\/\/www.seaflowerstore.com\/de\/wp-json\/wp\/v2\/product"}],"about":[{"href":"https:\/\/www.seaflowerstore.com\/de\/wp-json\/wp\/v2\/types\/product"}],"wp:featuredmedia":[{"embeddable":true,"href":"https:\/\/www.seaflowerstore.com\/de\/wp-json\/wp\/v2\/media\/81666"}],"wp:attachment":[{"href":"https:\/\/www.seaflowerstore.com\/de\/wp-json\/wp\/v2\/media?parent=86434"}],"wp:term":[{"taxonomy":"pwb-brand","embeddable":true,"href":"https:\/\/www.seaflowerstore.com\/de\/wp-json\/wp\/v2\/pwb-brand?post=86434"},{"taxonomy":"product_cat","embeddable":true,"href":"https:\/\/www.seaflowerstore.com\/de\/wp-json\/wp\/v2\/product_cat?post=86434"},{"taxonomy":"product_tag","embeddable":true,"href":"https:\/\/www.seaflowerstore.com\/de\/wp-json\/wp\/v2\/product_tag?post=86434"}],"curies":[{"name":"wp","href":"https:\/\/api.w.org\/{rel}","templated":true}]}}